{"id":56120,"date":"2020-09-14T15:41:44","date_gmt":"2020-09-14T13:41:44","guid":{"rendered":"http:\/\/www.libraria-occitana.org\/product\/dralhas\/"},"modified":"2026-04-26T04:11:56","modified_gmt":"2026-04-26T02:11:56","slug":"dralhas","status":"publish","type":"product","link":"https:\/\/www.libraria-occitana.org\/oc\/produch\/dralhas\/","title":{"rendered":"Dralhas"},"content":{"rendered":"<p>\u00ab Dins las nu\u00e8its del palatz de Peitieus lo jove Guilh\u00e8m ausi\u00e1 cantar meravelhosas cantairas andalosas menadas de Barbastro pel seu paire. D'aquels cants d'amor nu\u00e8itencs grelhar\u00e0 la prima dels trobadors.<br \/>\nLo jove S\u00e8rgi ausi\u00e1, el, dins las nu\u00e8its d'Espedalhac, sul causse de Gramat, lo cant prigond de l'antic camin vi\u00e8lh, un cant de fadas : cant de d\u00f2l que br\u00e8\u00e7a las anmas perdudas, cant d'amor e d'esperan\u00e7a. Sab\u00e8m dempu\u00e8i Jos\u00e8p-Sebasti\u00e1 Pons, los dos Max \u2013 Roqueta e Lafarga \u2013 e d'autris escotar la fu\u00e8lha que brus\u00eds quand bufa un vent de s\u00f2mis.<br \/>\nSab\u00e8m tanben ambe Marc\u00e8la Delpastre que \u201cqueu pa\u00eds, non ne'n chaba, chaba pas de morir ni de viure, ne'n chaba pas\u201d e av\u00e8m lo mal de la t\u00e8rra ambe Ives Roqueta.<br \/>\nTot aqu\u00f2 S\u00e8rgi Irond\u00e8la a sap, o viu e ne viu, ne prest\u00eds lo pan celestial d'estranha do\u00e7or.<br \/>\nLo cal s\u00e8gre sus las dralhas ont vos convida, camin de solesa e de vida. \u00bb<\/p>\n<p style=\"text-align: right;\">Felip Carbona, Quatresma de cuberta a la prumiera edicion d'aquel recu\u00e8lh per l'IEO de Tarn en 2002.<\/p>\n<p>Dorsier de fotoc\u00f2pias A4 emb regleta.<\/p>\n","protected":false},"excerpt":{"rendered":"<p>\u00ab Dins las nu\u00e8its del palatz de Peitieus lo jove Guilh\u00e8m ausi\u00e1 cantar meravelhosas cantairas andalosas menadas de Barbastro pel seu paire. D&#8217;aquels cants d&#8217;amor nu\u00e8itencs grelhar\u00e0 la prima dels trobadors. Lo jove S\u00e8rgi ausi\u00e1, el, dins las nu\u00e8its d&#8217;Espedalhac, sul causse de Gramat, lo cant prigond de l&#8217;antic camin vi\u00e8lh, un cant de fadas [&hellip;]<\/p>\n","protected":false},"featured_media":56118,"template":"","meta":{"_acf_changed":false,"_genesis_hide_title":false,"_genesis_hide_breadcrumbs":false,"_genesis_hide_singular_image":false,"_genesis_hide_footer_widgets":false,"_genesis_custom_body_class":"","_genesis_custom_post_class":"","_genesis_layout":""},"product_brand":[],"product_cat":[7133,7175,7181],"product_tag":[],"class_list":{"0":"post-56120","1":"product","2":"type-product","3":"status-publish","4":"has-post-thumbnail","6":"product_cat-libres-oc","7":"product_cat-literatura-oc","8":"product_cat-poesia-oc","9":"pa_auteur-irondela-sergi-hirondelle-serge-oc","10":"pa_editeur-associacion-aqui-loc-oc","11":"pa_langue-occitan-lengadocian-oc","12":"pa_langue-occitan-francais-oc","13":"entry","15":"first","16":"outofstock","17":"shipping-taxable","18":"purchasable","19":"product-type-simple"},"acf":[],"_links":{"self":[{"href":"https:\/\/www.libraria-occitana.org\/oc\/wp-json\/wp\/v2\/product\/56120","targetHints":{"allow":["GET"]}}],"collection":[{"href":"https:\/\/www.libraria-occitana.org\/oc\/wp-json\/wp\/v2\/product"}],"about":[{"href":"https:\/\/www.libraria-occitana.org\/oc\/wp-json\/wp\/v2\/types\/product"}],"wp:featuredmedia":[{"embeddable":true,"href":"https:\/\/www.libraria-occitana.org\/oc\/wp-json\/wp\/v2\/media\/56118"}],"wp:attachment":[{"href":"https:\/\/www.libraria-occitana.org\/oc\/wp-json\/wp\/v2\/media?parent=56120"}],"wp:term":[{"taxonomy":"product_brand","embeddable":true,"href":"https:\/\/www.libraria-occitana.org\/oc\/wp-json\/wp\/v2\/product_brand?post=56120"},{"taxonomy":"product_cat","embeddable":true,"href":"https:\/\/www.libraria-occitana.org\/oc\/wp-json\/wp\/v2\/product_cat?post=56120"},{"taxonomy":"product_tag","embeddable":true,"href":"https:\/\/www.libraria-occitana.org\/oc\/wp-json\/wp\/v2\/product_tag?post=56120"}],"curies":[{"name":"wp","href":"https:\/\/api.w.org\/{rel}","templated":true}]}}