{"id":56123,"date":"2017-09-14T17:15:48","date_gmt":"2017-09-14T15:15:48","guid":{"rendered":"http:\/\/www.libraria-occitana.org\/?post_type=product&#038;p=56123"},"modified":"2026-04-11T01:16:46","modified_gmt":"2026-04-10T23:16:46","slug":"retrobar-lo-trobar-retrouver-le-trobar-to-find-the-trobar-again","status":"publish","type":"product","link":"https:\/\/www.libraria-occitana.org\/oc\/produch\/retrobar-lo-trobar-retrouver-le-trobar-to-find-the-trobar-again\/","title":{"rendered":"Retrobar lo Trobar &#8211; Retrouver le Trobar &#8211; To find the Trobar again"},"content":{"rendered":"<p>\u00c9dition bilingue fran\u00e7ais-anglais. Pr\u00e9sentation g\u00e9n\u00e9rale de l&#8217;Art de Trobar, la po\u00e9sie des Troubadours des XIIe-XIIIe si\u00e8cles.<\/p>\n<p>\u00c9ducation sentimentale, artistique et culturelle de l&#8217;Europe&#8230; ainsi que l&#8217;ont \u00e9crit plusieurs m\u00e9di\u00e9vistes. Les troubadours se m\u00ealent de tout, ouvertement : ils critiquent les rois, aiment leurs dames, d\u00e9noncent l&#8217;Inquisition, participent aux croisades en Orient ou effectuent des p\u00e8lerinages.<\/p>\n<p>Leurs chansons cultivent l&#8217;art de la parole libre, elles sont au c\u0153ur de la vie sociale et la vie sociale est au c\u0153ur de leurs mots. Ces <em>cansos<\/em> parcourent l&#8217;Europe devant un public connaisseur, de grands chants forg\u00e9s avec m\u00e9tier, paroles et musiques, sur de belles <em>razos<\/em>, de beaux th\u00e8mes. Ce sont des \u0153uvres chant\u00e9es, abordant tous les sujets avec une r\u00e9flexion intense, qui r\u00e9pandent dans les cours des id\u00e9es nouvelles et bouleversent les codes \u00e9tablis.<\/p>\n<p>De Dante Alighieri \u00e0 la philosophe Simone Weil, ils sont nombreux ceux qui seront interpell\u00e9s par ce Trobar des XIIe-XIIIe si\u00e8cles. Et depuis longtemps, des romantiques aux slameurs d&#8217;aujourd&#8217;hui les troubadours nous interrogent encore.<\/p>\n<p>G\u00e9rard Zuchetto, musicien-chercheur, auteur de nombreux enregistrements et ouvrages sur le Trobar, \u00e9voque ici quelques pistes pour retrouver ce Trobar d&#8217;audace et de p\u00e9tulance : <em>retrobar lo Trobar<\/em>.<\/p>\n","protected":false},"excerpt":{"rendered":"<p>\u00c9dition bilingue fran\u00e7ais-anglais. Pr\u00e9sentation g\u00e9n\u00e9rale de l&#8217;Art de Trobar, la po\u00e9sie des Troubadours des XIIe-XIIIe si\u00e8cles. \u00c9ducation sentimentale, artistique et culturelle de l&#8217;Europe&#8230; ainsi que l&#8217;ont \u00e9crit plusieurs m\u00e9di\u00e9vistes. Les troubadours se m\u00ealent de tout, ouvertement : ils critiquent les rois, aiment leurs dames, d\u00e9noncent l&#8217;Inquisition, participent aux croisades en Orient ou effectuent des p\u00e8lerinages. [&hellip;]<\/p>\n","protected":false},"featured_media":56126,"template":"","meta":{"_acf_changed":false,"_genesis_hide_title":false,"_genesis_hide_breadcrumbs":false,"_genesis_hide_singular_image":false,"_genesis_hide_footer_widgets":false,"_genesis_custom_body_class":"","_genesis_custom_post_class":"","_genesis_layout":""},"product_brand":[],"product_cat":[7189,7133,7175],"product_tag":[],"class_list":{"0":"post-56123","1":"product","2":"type-product","3":"status-publish","4":"has-post-thumbnail","6":"product_cat-estudis-literaris-oc","7":"product_cat-libres-oc","8":"product_cat-literatura-oc","9":"pa_auteur-zuchetto-gerard-oc","10":"pa_editeur-troba-vox-oc","11":"pa_langue-autras-lingas-oc","12":"pa_langue-francais-oc","13":"pa_langue-occitan-oc","14":"pa_langue-occitan-medievau-oc","15":"entry","17":"first","18":"instock","19":"shipping-taxable","20":"purchasable","21":"product-type-simple"},"acf":[],"_links":{"self":[{"href":"https:\/\/www.libraria-occitana.org\/oc\/wp-json\/wp\/v2\/product\/56123","targetHints":{"allow":["GET"]}}],"collection":[{"href":"https:\/\/www.libraria-occitana.org\/oc\/wp-json\/wp\/v2\/product"}],"about":[{"href":"https:\/\/www.libraria-occitana.org\/oc\/wp-json\/wp\/v2\/types\/product"}],"wp:featuredmedia":[{"embeddable":true,"href":"https:\/\/www.libraria-occitana.org\/oc\/wp-json\/wp\/v2\/media\/56126"}],"wp:attachment":[{"href":"https:\/\/www.libraria-occitana.org\/oc\/wp-json\/wp\/v2\/media?parent=56123"}],"wp:term":[{"taxonomy":"product_brand","embeddable":true,"href":"https:\/\/www.libraria-occitana.org\/oc\/wp-json\/wp\/v2\/product_brand?post=56123"},{"taxonomy":"product_cat","embeddable":true,"href":"https:\/\/www.libraria-occitana.org\/oc\/wp-json\/wp\/v2\/product_cat?post=56123"},{"taxonomy":"product_tag","embeddable":true,"href":"https:\/\/www.libraria-occitana.org\/oc\/wp-json\/wp\/v2\/product_tag?post=56123"}],"curies":[{"name":"wp","href":"https:\/\/api.w.org\/{rel}","templated":true}]}}