{"id":56139,"date":"2021-03-14T18:27:34","date_gmt":"2021-03-14T17:27:34","guid":{"rendered":"http:\/\/www.libraria-occitana.org\/?post_type=product&#038;p=56139"},"modified":"2026-04-29T01:56:18","modified_gmt":"2026-04-28T23:56:18","slug":"dans-les-mots-du-trobar-chantar-joi-amor-domna","status":"publish","type":"product","link":"https:\/\/www.libraria-occitana.org\/oc\/produch\/dans-les-mots-du-trobar-chantar-joi-amor-domna\/","title":{"rendered":"Dans les mots du Trobar : Chantar, Joi, Amor, Domna"},"content":{"rendered":"<p>La po\u00e9sie des troubadours est un jardin ouvert o\u00f9 l&#8217;on cultive l&#8217;excellence, l&#8217;<em>art de trobar<\/em>, dans toute sa splendeur, pour le chant, la joie, la jeunesse, les dames, le plaisir de trouver et celui de cr\u00e9er et de courtiser&#8230; dans les mots sans cesse renouvel\u00e9s d&#8217;une invention permanente pour que l&#8217;amour ne d\u00e9cline pas.<\/p>\n<p>G\u00e9rard Zuchetto nous entra\u00eene dans les m\u00e9andres de l&#8217;\u00e9laboration de cet art raffin\u00e9 dont les chansons abordent les th\u00e8mes essentiels d&#8217;un mouvement culturel qui, au XIIe &#8211; XIIIe s., plonge ses racines dans le monde du sentiment. Une fa\u00e7on pour l&#8217;homme du Moyen \u00c2ge de s&#8217;\u00e9lever vers son avenir.<\/p>\n<blockquote>\n<p>D&#8217;amor es totz mos cossiriers<br \/>\nper qu&#8217;ieu no cossir mas d&#8217;amor&#8230;<br \/>\nque d&#8217;amor mou qui qu&#8217;o dia<br \/>\nso que val mais a foldat e a sen<br \/>\ne totz quant om fai per amor es gen.<\/p>\n<p><em>D&#8217;amour viennent tous mes soucis car<\/em><br \/>\n<em>que je ne me soucie que d&#8217;amour&#8230;<\/em><br \/>\n<em>Et c&#8217;est d&#8217;amour, quoi qu&#8217;on dise, que s&#8217;\u00e9l\u00e8ve<\/em><br \/>\n<em>ce qui a le plus de valeur dans la folie et dans la sagesse<\/em><br \/>\n<em>et tout ce que l&#8217;on fait par amour est noble.<\/em><\/p>\n<\/blockquote>\n","protected":false},"excerpt":{"rendered":"<p>La po\u00e9sie des troubadours est un jardin ouvert o\u00f9 l&#8217;on cultive l&#8217;excellence, l&#8217;art de trobar, dans toute sa splendeur, pour le chant, la joie, la jeunesse, les dames, le plaisir de trouver et celui de cr\u00e9er et de courtiser&#8230; dans les mots sans cesse renouvel\u00e9s d&#8217;une invention permanente pour que l&#8217;amour ne d\u00e9cline pas. G\u00e9rard [&hellip;]<\/p>\n","protected":false},"featured_media":56136,"template":"","meta":{"_acf_changed":false,"_genesis_hide_title":false,"_genesis_hide_breadcrumbs":false,"_genesis_hide_singular_image":false,"_genesis_hide_footer_widgets":false,"_genesis_custom_body_class":"","_genesis_custom_post_class":"","_genesis_layout":""},"product_brand":[],"product_cat":[7189,7133,7175],"product_tag":[],"class_list":{"0":"post-56139","1":"product","2":"type-product","3":"status-publish","4":"has-post-thumbnail","6":"product_cat-estudis-literaris-oc","7":"product_cat-libres-oc","8":"product_cat-literatura-oc","9":"pa_auteur-zuchetto-gerard-oc","10":"pa_editeur-troba-vox-oc","11":"pa_langue-francais-oc","12":"entry","14":"first","15":"instock","16":"shipping-taxable","17":"purchasable","18":"product-type-simple"},"acf":[],"_links":{"self":[{"href":"https:\/\/www.libraria-occitana.org\/oc\/wp-json\/wp\/v2\/product\/56139","targetHints":{"allow":["GET"]}}],"collection":[{"href":"https:\/\/www.libraria-occitana.org\/oc\/wp-json\/wp\/v2\/product"}],"about":[{"href":"https:\/\/www.libraria-occitana.org\/oc\/wp-json\/wp\/v2\/types\/product"}],"wp:featuredmedia":[{"embeddable":true,"href":"https:\/\/www.libraria-occitana.org\/oc\/wp-json\/wp\/v2\/media\/56136"}],"wp:attachment":[{"href":"https:\/\/www.libraria-occitana.org\/oc\/wp-json\/wp\/v2\/media?parent=56139"}],"wp:term":[{"taxonomy":"product_brand","embeddable":true,"href":"https:\/\/www.libraria-occitana.org\/oc\/wp-json\/wp\/v2\/product_brand?post=56139"},{"taxonomy":"product_cat","embeddable":true,"href":"https:\/\/www.libraria-occitana.org\/oc\/wp-json\/wp\/v2\/product_cat?post=56139"},{"taxonomy":"product_tag","embeddable":true,"href":"https:\/\/www.libraria-occitana.org\/oc\/wp-json\/wp\/v2\/product_tag?post=56139"}],"curies":[{"name":"wp","href":"https:\/\/api.w.org\/{rel}","templated":true}]}}