{"id":56335,"date":"2020-12-08T18:42:51","date_gmt":"2020-12-08T17:42:51","guid":{"rendered":"http:\/\/www.libraria-occitana.org\/product\/las-set-fonts-dalvera-les-septs-fontaines-dalvere\/"},"modified":"2026-04-29T07:06:35","modified_gmt":"2026-04-29T05:06:35","slug":"las-set-fonts-dalvera-les-septs-fontaines-dalvere","status":"publish","type":"product","link":"https:\/\/www.libraria-occitana.org\/oc\/produch\/las-set-fonts-dalvera-les-septs-fontaines-dalvere\/","title":{"rendered":"Las set fonts d&#8217;Alv\u00e8ra &#8211; Les septs fontaines d&#8217;Alv\u00e8re"},"content":{"rendered":"<p>Son tant e mai los vilatges de Dordonha que p\u00f2rtan lo nom d'un sent... que aur\u00e1 coneissem cap de bric. Daus uns son los sents \u00f2 benur\u00f3s del Perig\u00f2rd \u2013 e son mai de trenta cinc ! D'autres, en mai de N\u00f2stre-Senhor e de la Senta Vierja, son pas d'aqu\u00ed, mas sovent daus vesins, sentas e sents del Mi\u00e8gjorn.<\/p>\n<p>Per daus uns, normalament, lo monde los deuri\u00e1 al mens identifiar, mas daus c\u00f2ps, qu\u00f2 es lor nom, que reconeissem pas, pel fach de la f\u00f2rma que prenguet en lenga d'\u00f2c del Perig\u00f2rd. Tots sisqu\u00e8ren pregats e onorats per n\u00f2stres reires en lenga n\u00f2stra. Emb aquel libre, los volem far tornar con\u00e9isser. E, \u00e7\u00f2 fasent, si podiam tanben los far tornar aimar e pregar, qu\u00f2 siri\u00e1 enqu\u00e8ra melhor.<\/p>\n","protected":false},"excerpt":{"rendered":"<p>Son tant e mai los vilatges de Dordonha que p\u00f2rtan lo nom d&#8217;un sent&#8230; que aur\u00e1 coneissem cap de bric. Daus uns son los sents \u00f2 benur\u00f3s del Perig\u00f2rd \u2013 e son mai de trenta cinc ! D&#8217;autres, en mai de N\u00f2stre-Senhor e de la Senta Vierja, son pas d&#8217;aqu\u00ed, mas sovent daus vesins, sentas [&hellip;]<\/p>\n","protected":false},"featured_media":56330,"template":"","meta":{"_acf_changed":false,"_genesis_hide_title":false,"_genesis_hide_breadcrumbs":false,"_genesis_hide_singular_image":false,"_genesis_hide_footer_widgets":false,"_genesis_custom_body_class":"","_genesis_custom_post_class":"","_genesis_layout":""},"product_brand":[],"product_cat":[7133,7205],"product_tag":[],"class_list":{"0":"post-56335","1":"product","2":"type-product","3":"status-publish","4":"has-post-thumbnail","6":"product_cat-libres-oc","7":"product_cat-religion-espiritualitat-oc","8":"pa_auteur-chalmel-patrick-oc","9":"pa_editeur-lo-bornat-dau-perigord-oc","10":"pa_langue-occitan-lengadocian-oc","11":"pa_langue-occitan-francais-oc","12":"entry","14":"first","15":"instock","16":"shipping-taxable","17":"purchasable","18":"product-type-simple"},"acf":[],"_links":{"self":[{"href":"https:\/\/www.libraria-occitana.org\/oc\/wp-json\/wp\/v2\/product\/56335","targetHints":{"allow":["GET"]}}],"collection":[{"href":"https:\/\/www.libraria-occitana.org\/oc\/wp-json\/wp\/v2\/product"}],"about":[{"href":"https:\/\/www.libraria-occitana.org\/oc\/wp-json\/wp\/v2\/types\/product"}],"wp:featuredmedia":[{"embeddable":true,"href":"https:\/\/www.libraria-occitana.org\/oc\/wp-json\/wp\/v2\/media\/56330"}],"wp:attachment":[{"href":"https:\/\/www.libraria-occitana.org\/oc\/wp-json\/wp\/v2\/media?parent=56335"}],"wp:term":[{"taxonomy":"product_brand","embeddable":true,"href":"https:\/\/www.libraria-occitana.org\/oc\/wp-json\/wp\/v2\/product_brand?post=56335"},{"taxonomy":"product_cat","embeddable":true,"href":"https:\/\/www.libraria-occitana.org\/oc\/wp-json\/wp\/v2\/product_cat?post=56335"},{"taxonomy":"product_tag","embeddable":true,"href":"https:\/\/www.libraria-occitana.org\/oc\/wp-json\/wp\/v2\/product_tag?post=56335"}],"curies":[{"name":"wp","href":"https:\/\/api.w.org\/{rel}","templated":true}]}}