{"id":56370,"date":"2005-02-24T12:03:35","date_gmt":"2005-02-24T11:03:35","guid":{"rendered":"http:\/\/www.libraria-occitana.org\/?post_type=product&#038;p=56370"},"modified":"2025-03-09T01:14:19","modified_gmt":"2025-03-09T00:14:19","slug":"les-noms-dorigine-gauloise-tome-2-la-gaule-des-activites-economiques","status":"publish","type":"product","link":"https:\/\/www.libraria-occitana.org\/oc\/produch\/les-noms-dorigine-gauloise-tome-2-la-gaule-des-activites-economiques\/","title":{"rendered":"Les noms d&#8217;origine gauloise (tome 2) : La Gaule des activit\u00e9s \u00e9conomiques"},"content":{"rendered":"<p>Mille cinq cent noms gaulois se rapportant \u00e0 l&#8217;activit\u00e9 \u00e9conomique peuvent se retrouver en France.<\/p>\n<p>900 concernent des noms de lieux, 200 existent dans le fran\u00e7ais courant, 400 dans les dialectes. Ils prouvent l&#8217;importance et la vari\u00e9t\u00e9 des activit\u00e9s de la production, comme ils d\u00e9montrent celles des moyens de communication, voies d&#8217;eau et am\u00e9nagements routiers. Enfouis dans la m\u00e9moire des mots, sont ainsi conserv\u00e9s les savoirs du pass\u00e9 : la transmission de l&#8217;objet s&#8217;est doubl\u00e9e de celle du nom, l&#8217;h\u00e9ritage technologique comporte un h\u00e9ritage linguistique.<\/p>\n","protected":false},"excerpt":{"rendered":"<p>Mille cinq cent noms gaulois se rapportant \u00e0 l&#8217;activit\u00e9 \u00e9conomique peuvent se retrouver en France. 900 concernent des noms de lieux, 200 existent dans le fran\u00e7ais courant, 400 dans les dialectes. Ils prouvent l&#8217;importance et la vari\u00e9t\u00e9 des activit\u00e9s de la production, comme ils d\u00e9montrent celles des moyens de communication, voies d&#8217;eau et am\u00e9nagements routiers. [&hellip;]<\/p>\n","protected":false},"featured_media":56373,"template":"","meta":{"_acf_changed":false,"_genesis_hide_title":false,"_genesis_hide_breadcrumbs":false,"_genesis_hide_singular_image":false,"_genesis_hide_footer_widgets":false,"_genesis_custom_body_class":"","_genesis_custom_post_class":"","_genesis_layout":""},"product_brand":[],"product_cat":[7155,7149,7133,7163],"product_tag":[],"class_list":{"0":"post-56370","1":"product","2":"type-product","3":"status-publish","4":"has-post-thumbnail","6":"product_cat-istoria-antica-oc","7":"product_cat-istoria-geografia-oc","8":"product_cat-libres-oc","9":"product_cat-noms-de-luocs-noms-de-personas-oc","10":"pa_auteur-lacroix-jacques-oc","11":"pa_editeur-editions-errance-oc","12":"pa_langue-francais-oc","13":"entry","15":"first","16":"instock","17":"shipping-taxable","18":"purchasable","19":"product-type-simple"},"acf":[],"_links":{"self":[{"href":"https:\/\/www.libraria-occitana.org\/oc\/wp-json\/wp\/v2\/product\/56370","targetHints":{"allow":["GET"]}}],"collection":[{"href":"https:\/\/www.libraria-occitana.org\/oc\/wp-json\/wp\/v2\/product"}],"about":[{"href":"https:\/\/www.libraria-occitana.org\/oc\/wp-json\/wp\/v2\/types\/product"}],"wp:featuredmedia":[{"embeddable":true,"href":"https:\/\/www.libraria-occitana.org\/oc\/wp-json\/wp\/v2\/media\/56373"}],"wp:attachment":[{"href":"https:\/\/www.libraria-occitana.org\/oc\/wp-json\/wp\/v2\/media?parent=56370"}],"wp:term":[{"taxonomy":"product_brand","embeddable":true,"href":"https:\/\/www.libraria-occitana.org\/oc\/wp-json\/wp\/v2\/product_brand?post=56370"},{"taxonomy":"product_cat","embeddable":true,"href":"https:\/\/www.libraria-occitana.org\/oc\/wp-json\/wp\/v2\/product_cat?post=56370"},{"taxonomy":"product_tag","embeddable":true,"href":"https:\/\/www.libraria-occitana.org\/oc\/wp-json\/wp\/v2\/product_tag?post=56370"}],"curies":[{"name":"wp","href":"https:\/\/api.w.org\/{rel}","templated":true}]}}