{"id":56395,"date":"2022-07-07T15:46:35","date_gmt":"2022-07-07T13:46:35","guid":{"rendered":"http:\/\/www.libraria-occitana.org\/?post_type=product&#038;p=56395"},"modified":"2026-04-16T21:06:30","modified_gmt":"2026-04-16T19:06:30","slug":"dictionnaire-des-noms-de-famille-en-pays-doc","status":"publish","type":"product","link":"https:\/\/www.libraria-occitana.org\/oc\/produch\/dictionnaire-des-noms-de-famille-en-pays-doc\/","title":{"rendered":"Dictionnaire des noms de famille en Pays d&#8217;Oc"},"content":{"rendered":"<p>Descobrir e con\u00e9isser l\u2019origina e la significacion dels noms de familha (\u00ab d\u2019ostal \u00bb), d\u2019aquela dels vesins, dels amics o de personatges de b\u00e8l temps a tanplan coma d\u2019u\u00e8i, vaqu\u00ed la t\u00f2ca e l\u2019ambicion d\u2019aqueste libre, dels Alps als Piren\u00e8us, de las c\u00f2stas del G\u00f2lf de Gasconha ducas las de la Mi\u00e8gterrana.<br \/>\nE, plan solid, en Pa\u00eds d\u2019\u00d2c, es la lenga occitana o lenga d\u2019\u00f2c, lenga romanica sortida del latin, la sorga de mantun nom de persona. Los mots del pa\u00efsatge, los noms de mesti\u00e8rs, los noms d\u2019origina, los escais venguts noms d\u2019ostal, atal se desplegan dins totas las variacions de la lenga, de Lemosin a Proven\u00e7a, de Bearn e Gasconha a Carcin e Ro\u00e8rgue, de Lengad\u00f2c a Auv\u00e8rnha, dels Alps als Piren\u00e8us\u2026<\/p>\n<p>Andrieu Lagarda, bon coneisseire de l\u2019occitan e p\u00f2rtavotz de la cultura populara d\u2019\u00f2c, reculhigu\u00e8t pacientosament pendent un mont d\u2019annadas la mat\u00e8ria d\u2019aqueste diccionari, que lo bot\u00e8t en forma per la n\u00f2stra edicion lo Cristian Lagarda.<br \/>\nPorg\u00eds al public mai ample lo frut reculhit de longa, organizat e presentat d\u2019un biais tan simple coma de bon fisar.<br \/>\nAl fial de las paginas, cadun i podr\u00e0 trapar mat\u00e8ria per descobrir.<\/p>\n","protected":false},"excerpt":{"rendered":"<p>Descobrir e con\u00e9isser l\u2019origina e la significacion dels noms de familha (\u00ab d\u2019ostal \u00bb), d\u2019aquela dels vesins, dels amics o de personatges de b\u00e8l temps a tanplan coma d\u2019u\u00e8i, vaqu\u00ed la t\u00f2ca e l\u2019ambicion d\u2019aqueste libre, dels Alps als Piren\u00e8us, de las c\u00f2stas del G\u00f2lf de Gasconha ducas las de la Mi\u00e8gterrana. E, plan solid, [&hellip;]<\/p>\n","protected":false},"featured_media":56398,"template":"","meta":{"_acf_changed":false,"_genesis_hide_title":false,"_genesis_hide_breadcrumbs":false,"_genesis_hide_singular_image":false,"_genesis_hide_footer_widgets":false,"_genesis_custom_body_class":"","_genesis_custom_post_class":"","_genesis_layout":""},"product_brand":[],"product_cat":[7149,7133,7163],"product_tag":[],"class_list":{"0":"post-56395","1":"product","2":"type-product","3":"status-publish","4":"has-post-thumbnail","6":"product_cat-istoria-geografia-oc","7":"product_cat-libres-oc","8":"product_cat-noms-de-luocs-noms-de-personas-oc","9":"pa_auteur-lagarda-andrieu-oc","10":"pa_editeur-letras-doc-oc","11":"pa_langue-francais-oc","12":"pa_langue-occitan-oc","13":"pa_langue-occitan-auvernhat-oc","14":"pa_langue-occitan-gascon-oc","15":"pa_langue-occitan-lemosin-oc","16":"pa_langue-occitan-lengadocian-oc","17":"pa_langue-occitan-provencau-oc","18":"pa_langue-occitan-vivaroaupenc-oc","19":"entry","21":"first","22":"instock","23":"shipping-taxable","24":"purchasable","25":"product-type-simple"},"acf":[],"_links":{"self":[{"href":"https:\/\/www.libraria-occitana.org\/oc\/wp-json\/wp\/v2\/product\/56395","targetHints":{"allow":["GET"]}}],"collection":[{"href":"https:\/\/www.libraria-occitana.org\/oc\/wp-json\/wp\/v2\/product"}],"about":[{"href":"https:\/\/www.libraria-occitana.org\/oc\/wp-json\/wp\/v2\/types\/product"}],"wp:featuredmedia":[{"embeddable":true,"href":"https:\/\/www.libraria-occitana.org\/oc\/wp-json\/wp\/v2\/media\/56398"}],"wp:attachment":[{"href":"https:\/\/www.libraria-occitana.org\/oc\/wp-json\/wp\/v2\/media?parent=56395"}],"wp:term":[{"taxonomy":"product_brand","embeddable":true,"href":"https:\/\/www.libraria-occitana.org\/oc\/wp-json\/wp\/v2\/product_brand?post=56395"},{"taxonomy":"product_cat","embeddable":true,"href":"https:\/\/www.libraria-occitana.org\/oc\/wp-json\/wp\/v2\/product_cat?post=56395"},{"taxonomy":"product_tag","embeddable":true,"href":"https:\/\/www.libraria-occitana.org\/oc\/wp-json\/wp\/v2\/product_tag?post=56395"}],"curies":[{"name":"wp","href":"https:\/\/api.w.org\/{rel}","templated":true}]}}