{"id":56438,"date":"2022-07-27T13:35:28","date_gmt":"2022-07-27T11:35:28","guid":{"rendered":"http:\/\/www.libraria-occitana.org\/?post_type=product&#038;p=56438"},"modified":"2026-04-29T01:12:02","modified_gmt":"2026-04-28T23:12:02","slug":"petit-manuel-du-toponymiste-occitan","status":"publish","type":"product","link":"https:\/\/www.libraria-occitana.org\/oc\/produch\/petit-manuel-du-toponymiste-occitan\/","title":{"rendered":"Petit manuel du toponymiste occitan"},"content":{"rendered":"<p>Cet ouvrage est n\u00e9 de deux constats assez clairs.<br \/>\nL\u2019un est l\u2019int\u00e9r\u00eat tr\u00e8s fort pour tout ce qui touche \u00e0 notre culture et \u00e0 notre identit\u00e9, et, entre autres, pour l\u2019\u00e9tude des noms de lieux et de personnes. Il est vrai que ces noms, chez nous, parlent en occitan, et nous r\u00e9v\u00e8lent bien des choses sur notre pays et nos a\u00efeux.<br \/>\nL\u2019autre constat est celui d\u2019un probl\u00e8me : il n\u2019existe aucune formation \u2013officielle \u2212 \u00e0 l\u2019onomastique ; la grande majorit\u00e9 des chercheurs sont des autodidactes, ils se sont form\u00e9s seuls, avec l\u2019aide de quelques livres, parfois de quelques conseils, et de beaucoup d\u2019exp\u00e9rience. Il a bien exist\u00e9 quelques cours, dans certaines universit\u00e9s, mais ils n\u2019ont pas dur\u00e9 longtemps, et peu de personnes ont pu les suivre. Quant aux bons livres de toponymie, ils sont parfois difficiles \u00e0 trouver et ils donnent plus souvent le r\u00e9sultat des recherches que la m\u00e9thode qui a permis de les obtenir.<br \/>\nC\u2019est ainsi qu\u2019est n\u00e9e chez l\u2019auteur l\u2019id\u00e9e d\u2019un manuel simple, \u00e9l\u00e9mentaire, destin\u00e9 \u00e0 ceux qui veulent se lancer sur les sentiers tortueux (et sans fin) de l\u2019onomastique ; d\u2019un guide pour \u00e9viter quelques erreurs et quelques pi\u00e8ges ; d\u2019une aide pour gagner du temps, d\u2019un conseiller pour leur rappeler la prudence indispensable. Ce petit livre est donc d\u00e9di\u00e9 \u00e0 tous ceux qui s\u2019int\u00e9ressent \u00e0 l\u2019\u00e9tude et \u00e0 l\u2019origine des noms de lieux des r\u00e9gions de langue occitane. L\u2019auteur l\u2019a voulu assez simple, r\u00e9duit aux connaissances fondamentales et sans th\u00e9ories savantes. Il l\u2019a \u00e9galement con\u00e7u en se rappelant que, chaque jour, le tr\u00e9sor de ces noms anciens, qui parlent encore notre langue, diminue et se perd. Il y a donc du travail pour tout le monde\u2026 et il est vraiment urgent !<\/p>\n<p><strong>L\u2019auteur<\/strong><\/p>\n<p>N\u00e9 en 1938 dans une famille quercynoise, Jean Rigouste a parl\u00e9 l\u2019occitan avec ses parents d\u00e8s son enfance. Agr\u00e9g\u00e9 de Lettres Classiques et titulaire d\u2019un DEA de G\u00e9ographie historique, il a enseign\u00e9 le fran\u00e7ais et l\u2019occitan dans l\u2019acad\u00e9mie de Bordeaux. Auteur de la m\u00e9thode d\u2019apprentissage <a href=\"http:\/\/www.libraria-occitana.org\/produit\/parli-occitan-manual-diniciacion-edicion-lengadociana-libre-cd\/\"><em>Parli occitan<\/em><\/a>, il est l\u2019un des fondateurs de l\u2019Ecole Occitane d\u2019Et\u00e9 ; il a anim\u00e9 divers cours d\u2019onomastique et \u00e9crit des articles et chroniques de toponymie.<\/p>\n","protected":false},"excerpt":{"rendered":"<p>Cet ouvrage est n\u00e9 de deux constats assez clairs. L\u2019un est l\u2019int\u00e9r\u00eat tr\u00e8s fort pour tout ce qui touche \u00e0 notre culture et \u00e0 notre identit\u00e9, et, entre autres, pour l\u2019\u00e9tude des noms de lieux et de personnes. Il est vrai que ces noms, chez nous, parlent en occitan, et nous r\u00e9v\u00e8lent bien des choses [&hellip;]<\/p>\n","protected":false},"featured_media":56432,"template":"","meta":{"_acf_changed":false,"_genesis_hide_title":false,"_genesis_hide_breadcrumbs":false,"_genesis_hide_singular_image":false,"_genesis_hide_footer_widgets":false,"_genesis_custom_body_class":"","_genesis_custom_post_class":"","_genesis_layout":""},"product_brand":[],"product_cat":[7149,7133,7163],"product_tag":[],"class_list":{"0":"post-56438","1":"product","2":"type-product","3":"status-publish","4":"has-post-thumbnail","6":"product_cat-istoria-geografia-oc","7":"product_cat-libres-oc","8":"product_cat-noms-de-luocs-noms-de-personas-oc","9":"pa_auteur-rigouste-jean-oc","10":"pa_editeur-ieo-perigord-novelum-oc","11":"pa_langue-francais-oc","12":"entry","14":"first","15":"instock","16":"shipping-taxable","17":"purchasable","18":"product-type-simple"},"acf":[],"_links":{"self":[{"href":"https:\/\/www.libraria-occitana.org\/oc\/wp-json\/wp\/v2\/product\/56438","targetHints":{"allow":["GET"]}}],"collection":[{"href":"https:\/\/www.libraria-occitana.org\/oc\/wp-json\/wp\/v2\/product"}],"about":[{"href":"https:\/\/www.libraria-occitana.org\/oc\/wp-json\/wp\/v2\/types\/product"}],"wp:featuredmedia":[{"embeddable":true,"href":"https:\/\/www.libraria-occitana.org\/oc\/wp-json\/wp\/v2\/media\/56432"}],"wp:attachment":[{"href":"https:\/\/www.libraria-occitana.org\/oc\/wp-json\/wp\/v2\/media?parent=56438"}],"wp:term":[{"taxonomy":"product_brand","embeddable":true,"href":"https:\/\/www.libraria-occitana.org\/oc\/wp-json\/wp\/v2\/product_brand?post=56438"},{"taxonomy":"product_cat","embeddable":true,"href":"https:\/\/www.libraria-occitana.org\/oc\/wp-json\/wp\/v2\/product_cat?post=56438"},{"taxonomy":"product_tag","embeddable":true,"href":"https:\/\/www.libraria-occitana.org\/oc\/wp-json\/wp\/v2\/product_tag?post=56438"}],"curies":[{"name":"wp","href":"https:\/\/api.w.org\/{rel}","templated":true}]}}