{"id":56466,"date":"2022-07-28T12:13:47","date_gmt":"2022-07-28T10:13:47","guid":{"rendered":"http:\/\/www.libraria-occitana.org\/product\/journal-dune-centenaire-en-ehpad\/"},"modified":"2026-04-29T06:51:25","modified_gmt":"2026-04-29T04:51:25","slug":"journal-dune-centenaire-en-ehpad","status":"publish","type":"product","link":"https:\/\/www.libraria-occitana.org\/oc\/produch\/journal-dune-centenaire-en-ehpad\/","title":{"rendered":"Journal d&#8217;une centenaire en EHPAD"},"content":{"rendered":"<p>Simone allait avoir 101 ans.<br \/>\nN\u00e9e en 1917 pendant la premi\u00e8re guerre mondiale, elle a connu la deuxi\u00e8me et en a men\u00e9 une troisi\u00e8me en se battant bec et ongles pour rester en vie&#8230; encore un peu !<br \/>\n&#8220;Dis-leur, toi&#8221; m&#8217;a-t-elle demand\u00e9 un jour, constatant que sa parole n&#8217;\u00e9tait pas assez prise en compte.<br \/>\nC&#8217;est pourquoi je vous livre dans ces quelques pages les propos de ma m\u00e8re Simone, enregistr\u00e9s durant les six ann\u00e9es pass\u00e9es en EHPAD.<br \/>\nAvec ses mots \u00e0 elle. En occitan, sa langue maternelle et en fran\u00e7ais, la langue de l&#8217;\u00e9cole.<br \/>\nCe texte aurait d\u00fb \u00eatre r\u00e9serv\u00e9 \u00e0 la famille et puis \u00e0 la r\u00e9flexion : le chemin parcouru par une Sarladaise de cent ans ne pourrait-il pas vous int\u00e9resser ?<\/p>\n","protected":false},"excerpt":{"rendered":"<p>Simone allait avoir 101 ans. N\u00e9e en 1917 pendant la premi\u00e8re guerre mondiale, elle a connu la deuxi\u00e8me et en a men\u00e9 une troisi\u00e8me en se battant bec et ongles pour rester en vie&#8230; encore un peu ! &#8220;Dis-leur, toi&#8221; m&#8217;a-t-elle demand\u00e9 un jour, constatant que sa parole n&#8217;\u00e9tait pas assez prise en compte. C&#8217;est [&hellip;]<\/p>\n","protected":false},"featured_media":56464,"template":"","meta":{"_acf_changed":false,"_genesis_hide_title":false,"_genesis_hide_breadcrumbs":false,"_genesis_hide_singular_image":false,"_genesis_hide_footer_widgets":false,"_genesis_custom_body_class":"","_genesis_custom_post_class":"","_genesis_layout":""},"product_brand":[],"product_cat":[7133,7175,7187],"product_tag":[],"class_list":{"0":"post-56466","1":"product","2":"type-product","3":"status-publish","4":"has-post-thumbnail","6":"product_cat-libres-oc","7":"product_cat-literatura-oc","8":"product_cat-temonhatges-memoris-oc","9":"pa_auteur-miremont-orazio-brigita-oc","10":"pa_editeur-editions-bacofin-oc","11":"pa_langue-occitan-lengadocian-oc","12":"pa_langue-occitan-francais-oc","13":"entry","15":"first","16":"instock","17":"shipping-taxable","18":"purchasable","19":"product-type-simple"},"acf":[],"_links":{"self":[{"href":"https:\/\/www.libraria-occitana.org\/oc\/wp-json\/wp\/v2\/product\/56466","targetHints":{"allow":["GET"]}}],"collection":[{"href":"https:\/\/www.libraria-occitana.org\/oc\/wp-json\/wp\/v2\/product"}],"about":[{"href":"https:\/\/www.libraria-occitana.org\/oc\/wp-json\/wp\/v2\/types\/product"}],"wp:featuredmedia":[{"embeddable":true,"href":"https:\/\/www.libraria-occitana.org\/oc\/wp-json\/wp\/v2\/media\/56464"}],"wp:attachment":[{"href":"https:\/\/www.libraria-occitana.org\/oc\/wp-json\/wp\/v2\/media?parent=56466"}],"wp:term":[{"taxonomy":"product_brand","embeddable":true,"href":"https:\/\/www.libraria-occitana.org\/oc\/wp-json\/wp\/v2\/product_brand?post=56466"},{"taxonomy":"product_cat","embeddable":true,"href":"https:\/\/www.libraria-occitana.org\/oc\/wp-json\/wp\/v2\/product_cat?post=56466"},{"taxonomy":"product_tag","embeddable":true,"href":"https:\/\/www.libraria-occitana.org\/oc\/wp-json\/wp\/v2\/product_tag?post=56466"}],"curies":[{"name":"wp","href":"https:\/\/api.w.org\/{rel}","templated":true}]}}