{"id":56531,"date":"2022-09-09T18:34:05","date_gmt":"2022-09-09T16:34:05","guid":{"rendered":"http:\/\/www.libraria-occitana.org\/?post_type=product&#038;p=56531"},"modified":"2026-04-17T04:22:05","modified_gmt":"2026-04-17T02:22:05","slug":"a-la-frontiera-dels-gigants","status":"publish","type":"product","link":"https:\/\/www.libraria-occitana.org\/oc\/produch\/a-la-frontiera-dels-gigants\/","title":{"rendered":"A La Fronti\u00e8ra Dels Gigants"},"content":{"rendered":"<p>Pluri-instrumentiste, chanteur, po\u00e8te, directeur artistique du ch\u0153ur polyphonique La Mal Coiff\u00e9e et stimulateur de son environnement social et culturel, Laurent Cavali\u00e9 est un homme multiple. Pour son troisi\u00e8me album solo, sans rien abandonner de ses engagements esth\u00e9tiques, citoyens ou politiques il a choisi la voie de l\u2019\u00e9pure et offre une \u0153uvre puissante.<br \/>\nSon seul chant, accompagn\u00e9 d\u2019un luth unique et sans non, offrant des possibilit\u00e9s m\u00e9lodiques et rythmiques et con\u00e7u avec le luthier Camille Paichelair, habille l\u2019univers plein et ouvert de son art solitaire. Seul sur la piste, Laurent Cavali\u00e9 a b\u00e9n\u00e9fici\u00e9 des soins attentifs et des conseils de son complice dresseur de sons, Guilhem Verger, depuis la salle de contr\u00f4le (enregistrement et mix).<br \/>\n<em>A la fronti\u00e8ra dels gigants<\/em>, \u00e0 cette fronti\u00e8re, on trouve trois sortes de g\u00e9ants. Ceux qui du haut de leurs fonctions orgueilleuses, en bloquent l\u2019acc\u00e8s en vous obligeant \u00e0 baisser la t\u00eate et ceux qui vous invitent \u00e0 la relever et vous ouvrent leur chemin vertueux et aussi les g\u00e9ants que l\u2019on peut trouver au c\u0153ur de chaque femme et homme de bonne volont\u00e9.<br \/>\nIl d\u00e9veloppe ces th\u00e9matiques \u00e0 partir de ses propres cr\u00e9ations, de chansons populaires emprunt\u00e9es aux grands po\u00e8tes Henri Espieux, Yves Rouquette ou au pionnier du chant occitan des ann\u00e9es 70 Claude Marti.<br \/>\nComme le maloya, la musique gnawa ou le blues que certains passages musicaux peuvent \u00e9voquer les chants d\u2019<em>A la fronti\u00e8ra dels gigants<\/em> interrogent l\u2019esclavagisme moderne et les voies \u00e0 suivre pour s\u2019en \u00e9manciper.<\/p>\n<p><iframe loading=\"lazy\" title=\"YouTube video player\" src=\"https:\/\/www.youtube.com\/embed\/WiiRiBlWEbM\" width=\"560\" height=\"315\" frameborder=\"0\" allowfullscreen=\"allowfullscreen\"><\/iframe><\/p>\n<p><strong>Titres :<\/strong><br \/>\n1. Anem mon c\u00f2r 3&#8217;31<br \/>\n2. La lauseta e lo pepisson 3&#8217;11<br \/>\n3. La can\u00e7on de la maire 5&#8217;42<br \/>\n4. Charraire 3&#8217;52<br \/>\n5. A la fronti\u00e8ra dels gigants 6&#8217;53<br \/>\n6. \u00d2 b\u00e8l mossur 4&#8217;41<br \/>\n7. Eran tres gar\u00e7ons 6&#8217;08<br \/>\n8. Lo paire me marida 3&#8217;11<br \/>\n9. Tu mon vilatge 3&#8217;37<br \/>\n10. N\u00f2u penas 3&#8217;31<br \/>\n11. Cecila 4&#8217;31<br \/>\n12. Pl\u00f2u pl\u00f2u pl\u00f2u 3&#8217;57<\/p>\n","protected":false},"excerpt":{"rendered":"<p>Pluri-instrumentiste, chanteur, po\u00e8te, directeur artistique du ch\u0153ur polyphonique La Mal Coiff\u00e9e et stimulateur de son environnement social et culturel, Laurent Cavali\u00e9 est un homme multiple. Pour son troisi\u00e8me album solo, sans rien abandonner de ses engagements esth\u00e9tiques, citoyens ou politiques il a choisi la voie de l\u2019\u00e9pure et offre une \u0153uvre puissante. Son seul chant, [&hellip;]<\/p>\n","protected":false},"featured_media":56534,"template":"","meta":{"_acf_changed":false,"_genesis_hide_title":false,"_genesis_hide_breadcrumbs":false,"_genesis_hide_singular_image":false,"_genesis_hide_footer_widgets":false,"_genesis_custom_body_class":"","_genesis_custom_post_class":"","_genesis_layout":""},"product_brand":[],"product_cat":[7219,16683],"product_tag":[],"class_list":{"0":"post-56531","1":"product","2":"type-product","3":"status-publish","4":"has-post-thumbnail","6":"product_cat-chancon-oc","7":"product_cat-musica-oc","8":"pa_auteur-cavalie-laurent-oc","9":"pa_editeur-sirventes-oc","10":"pa_langue-occitan-oc","11":"pa_langue-occitan-lengadocian-oc","12":"entry","14":"first","15":"instock","16":"shipping-taxable","17":"purchasable","18":"product-type-simple"},"acf":[],"_links":{"self":[{"href":"https:\/\/www.libraria-occitana.org\/oc\/wp-json\/wp\/v2\/product\/56531","targetHints":{"allow":["GET"]}}],"collection":[{"href":"https:\/\/www.libraria-occitana.org\/oc\/wp-json\/wp\/v2\/product"}],"about":[{"href":"https:\/\/www.libraria-occitana.org\/oc\/wp-json\/wp\/v2\/types\/product"}],"wp:featuredmedia":[{"embeddable":true,"href":"https:\/\/www.libraria-occitana.org\/oc\/wp-json\/wp\/v2\/media\/56534"}],"wp:attachment":[{"href":"https:\/\/www.libraria-occitana.org\/oc\/wp-json\/wp\/v2\/media?parent=56531"}],"wp:term":[{"taxonomy":"product_brand","embeddable":true,"href":"https:\/\/www.libraria-occitana.org\/oc\/wp-json\/wp\/v2\/product_brand?post=56531"},{"taxonomy":"product_cat","embeddable":true,"href":"https:\/\/www.libraria-occitana.org\/oc\/wp-json\/wp\/v2\/product_cat?post=56531"},{"taxonomy":"product_tag","embeddable":true,"href":"https:\/\/www.libraria-occitana.org\/oc\/wp-json\/wp\/v2\/product_tag?post=56531"}],"curies":[{"name":"wp","href":"https:\/\/api.w.org\/{rel}","templated":true}]}}