{"id":56554,"date":"2022-09-12T18:15:27","date_gmt":"2022-09-12T16:15:27","guid":{"rendered":"http:\/\/www.libraria-occitana.org\/product\/collecte-ventadorienne\/"},"modified":"2026-04-11T05:56:25","modified_gmt":"2026-04-11T03:56:25","slug":"collecte-ventadorienne","status":"publish","type":"product","link":"https:\/\/www.libraria-occitana.org\/oc\/produch\/collecte-ventadorienne\/","title":{"rendered":"Collecte ventadorienne"},"content":{"rendered":"<p>\u00c9dition reli\u00e9e des Cahiers publi\u00e9s de 1998 \u00e0 2003 en cahiers de 16 ou 32 p. non rogn\u00e9es.<\/p>\n<ul>\n<li>Luc de Goustine, <em>Peire d&#8217;Alvernhe et Bernart de Ventadorn<\/em><\/li>\n<li>Claude Latta, <em>Henri de Montmorency, duc rebelle<\/em><\/li>\n<li>Michel Cassan, <em>Les Ventadour dans les guerres de religion<\/em><\/li>\n<li>Bernard Guillemain, <em>Les papes limousins<\/em><\/li>\n<li>Martin Hybler, <em>Amour et po\u00e9sie<\/em><\/li>\n<li>Nicole Lemaitre, <em>La s\u00e9n\u00e9chauss\u00e9e de Ventadour et la Haute-Corr\u00e8ze<\/em><\/li>\n<li>Christian Remy, <em>Les seigneurs de Ventadour et les rois d&#8217;Angleterre<\/em><\/li>\n<li>Charles Baladier, <em>Entre \u00c9r\u00f4s et Agap\u00e8<\/em><\/li>\n<li>Olivier Troubat, <em>Les Ventadour et Louis II de Bourbon<\/em><\/li>\n<li>Peter Pannke, <em>Le chemin des troubadours<\/em><\/li>\n<li>Claude Latta, <em>Moustier-Ventadour \u00e0 la veille de la R\u00e9volution<\/em><\/li>\n<\/ul>\n<p>&nbsp;<\/p>\n","protected":false},"excerpt":{"rendered":"<p>\u00c9dition reli\u00e9e des Cahiers publi\u00e9s de 1998 \u00e0 2003 en cahiers de 16 ou 32 p. non rogn\u00e9es. Luc de Goustine, Peire d&#8217;Alvernhe et Bernart de Ventadorn Claude Latta, Henri de Montmorency, duc rebelle Michel Cassan, Les Ventadour dans les guerres de religion Bernard Guillemain, Les papes limousins Martin Hybler, Amour et po\u00e9sie Nicole Lemaitre, [&hellip;]<\/p>\n","protected":false},"featured_media":56552,"template":"","meta":{"_acf_changed":false,"_genesis_hide_title":false,"_genesis_hide_breadcrumbs":false,"_genesis_hide_singular_image":false,"_genesis_hide_footer_widgets":false,"_genesis_custom_body_class":"","_genesis_custom_post_class":"","_genesis_layout":""},"product_brand":[],"product_cat":[7189,7133,7175],"product_tag":[],"class_list":{"0":"post-56554","1":"product","2":"type-product","3":"status-publish","4":"has-post-thumbnail","6":"product_cat-estudis-literaris-oc","7":"product_cat-libres-oc","8":"product_cat-literatura-oc","9":"pa_auteur-collectiu-oc-2","10":"pa_editeur-carrefour-ventadour-fr-oc","11":"pa_langue-francais-oc","12":"entry","14":"first","15":"instock","16":"shipping-taxable","17":"purchasable","18":"product-type-simple"},"acf":[],"_links":{"self":[{"href":"https:\/\/www.libraria-occitana.org\/oc\/wp-json\/wp\/v2\/product\/56554","targetHints":{"allow":["GET"]}}],"collection":[{"href":"https:\/\/www.libraria-occitana.org\/oc\/wp-json\/wp\/v2\/product"}],"about":[{"href":"https:\/\/www.libraria-occitana.org\/oc\/wp-json\/wp\/v2\/types\/product"}],"wp:featuredmedia":[{"embeddable":true,"href":"https:\/\/www.libraria-occitana.org\/oc\/wp-json\/wp\/v2\/media\/56552"}],"wp:attachment":[{"href":"https:\/\/www.libraria-occitana.org\/oc\/wp-json\/wp\/v2\/media?parent=56554"}],"wp:term":[{"taxonomy":"product_brand","embeddable":true,"href":"https:\/\/www.libraria-occitana.org\/oc\/wp-json\/wp\/v2\/product_brand?post=56554"},{"taxonomy":"product_cat","embeddable":true,"href":"https:\/\/www.libraria-occitana.org\/oc\/wp-json\/wp\/v2\/product_cat?post=56554"},{"taxonomy":"product_tag","embeddable":true,"href":"https:\/\/www.libraria-occitana.org\/oc\/wp-json\/wp\/v2\/product_tag?post=56554"}],"curies":[{"name":"wp","href":"https:\/\/api.w.org\/{rel}","templated":true}]}}