{"id":56557,"date":"2022-04-12T19:26:07","date_gmt":"2022-04-12T17:26:07","guid":{"rendered":"http:\/\/www.libraria-occitana.org\/?post_type=product&#038;p=56557"},"modified":"2026-04-17T00:56:26","modified_gmt":"2026-04-16T22:56:26","slug":"creuse-remarquable","status":"publish","type":"product","link":"https:\/\/www.libraria-occitana.org\/oc\/produch\/creuse-remarquable\/","title":{"rendered":"Creuse Remarquable"},"content":{"rendered":"<p>L\u2019histoire de la Creuse au travers des photographies de Daniel Roblin accompagn\u00e9es par un texte simple et pr\u00e9cis de Laurent Bourdelas, qui en d\u00e9voile les attraits et la riche histoire qui depuis le n\u00e9olithique, a engendr\u00e9 un patrimoine exceptionnel : abbayes, ch\u00e2teaux forts, villages et villes aux tr\u00e9sors nombreux et parfois insoup\u00e7onn\u00e9s.<\/p>\n<p>Un d\u00e9partement qui a s\u00e9duit les \u00e9crivains et les artistes, comme George Sand, Claude Monet ou Pierre Michon, et accueillit des tapissiers \u00e0 la renomm\u00e9e mondiale. Les photographies donnent aussi \u00e0 voir, dans de superbes lumi\u00e8res et couleurs, des paysages et des sites naturels exceptionnels, rochers granitiques inspirant des l\u00e9gendes, for\u00eats de h\u00eatres, ch\u00eanes et r\u00e9sineux, o\u00f9 le souvenir des loups et des ermites n\u2019est pas encore tout \u00e0 fait oubli\u00e9, vall\u00e9es et gorges o\u00f9 coulent ruisseaux et rivi\u00e8res poissonneuses, dont les eaux refl\u00e8tent les teintes impressionnistes du ciel changeant et qu\u2019enjambent de charmants ponts anciens. Non exhaustif, ce beau livre a l\u2019ambition de faire conna\u00eetre des sites remarquables et de donner l\u2019envie de partir \u00e0 leur d\u00e9couverte.<\/p>\n","protected":false},"excerpt":{"rendered":"<p>L\u2019histoire de la Creuse au travers des photographies de Daniel Roblin accompagn\u00e9es par un texte simple et pr\u00e9cis de Laurent Bourdelas, qui en d\u00e9voile les attraits et la riche histoire qui depuis le n\u00e9olithique, a engendr\u00e9 un patrimoine exceptionnel : abbayes, ch\u00e2teaux forts, villages et villes aux tr\u00e9sors nombreux et parfois insoup\u00e7onn\u00e9s. Un d\u00e9partement qui [&hellip;]<\/p>\n","protected":false},"featured_media":56560,"template":"","meta":{"_acf_changed":false,"_genesis_hide_title":false,"_genesis_hide_breadcrumbs":false,"_genesis_hide_singular_image":false,"_genesis_hide_footer_widgets":false,"_genesis_custom_body_class":"","_genesis_custom_post_class":"","_genesis_layout":""},"product_brand":[],"product_cat":[7199,7133,7197],"product_tag":[],"class_list":{"0":"post-56557","1":"product","2":"type-product","3":"status-publish","4":"has-post-thumbnail","6":"product_cat-guides-torisme-viatge-oc","7":"product_cat-libres-oc","8":"product_cat-natura-torisme-oc","9":"pa_auteur-bourdelas-laurent-oc","10":"pa_auteur-roblin-daniel-oc","11":"pa_editeur-geste-oc","12":"pa_langue-francais-oc","13":"entry","15":"first","16":"outofstock","17":"shipping-taxable","18":"purchasable","19":"product-type-simple"},"acf":[],"_links":{"self":[{"href":"https:\/\/www.libraria-occitana.org\/oc\/wp-json\/wp\/v2\/product\/56557","targetHints":{"allow":["GET"]}}],"collection":[{"href":"https:\/\/www.libraria-occitana.org\/oc\/wp-json\/wp\/v2\/product"}],"about":[{"href":"https:\/\/www.libraria-occitana.org\/oc\/wp-json\/wp\/v2\/types\/product"}],"wp:featuredmedia":[{"embeddable":true,"href":"https:\/\/www.libraria-occitana.org\/oc\/wp-json\/wp\/v2\/media\/56560"}],"wp:attachment":[{"href":"https:\/\/www.libraria-occitana.org\/oc\/wp-json\/wp\/v2\/media?parent=56557"}],"wp:term":[{"taxonomy":"product_brand","embeddable":true,"href":"https:\/\/www.libraria-occitana.org\/oc\/wp-json\/wp\/v2\/product_brand?post=56557"},{"taxonomy":"product_cat","embeddable":true,"href":"https:\/\/www.libraria-occitana.org\/oc\/wp-json\/wp\/v2\/product_cat?post=56557"},{"taxonomy":"product_tag","embeddable":true,"href":"https:\/\/www.libraria-occitana.org\/oc\/wp-json\/wp\/v2\/product_tag?post=56557"}],"curies":[{"name":"wp","href":"https:\/\/api.w.org\/{rel}","templated":true}]}}