{"id":56570,"date":"2022-03-12T19:42:08","date_gmt":"2022-03-12T18:42:08","guid":{"rendered":"http:\/\/www.libraria-occitana.org\/product\/les-oiseaux-du-limousin\/"},"modified":"2026-04-20T01:41:43","modified_gmt":"2026-04-19T23:41:43","slug":"les-oiseaux-du-limousin","status":"publish","type":"product","link":"https:\/\/www.libraria-occitana.org\/oc\/produch\/les-oiseaux-du-limousin\/","title":{"rendered":"Les oiseaux du Limousin"},"content":{"rendered":"<p>Ce guide, illustr\u00e9 par les aquarelles in\u00e9dites d\u2019H\u00e9l\u00e8ne de Saint-Do, se veut le plus proche possible du terrain se r\u00e9f\u00e9rant aux observations des ornithologues locaux.<\/p>\n<p>L\u2019enclavement tant d\u00e9cri\u00e9 par les \u00e9lus de tous bords a du bon. Parce que le Limousin a toujours \u00e9t\u00e9 \u00e0 l\u2019\u00e9cart des grands axes de circulation et ne poss\u00e8de pas de m\u00e9tropole industrielle, la nature y a \u00e9t\u00e9 plus pr\u00e9serv\u00e9e qu\u2019ailleurs. Trois d\u00e9partements ruraux constituent cette r\u00e9gion culturelle d\u00e9sormais rattach\u00e9e administrativement \u00e0 la Nouvelle Aquitaine. Avec de nombreuses vall\u00e9es (Dordogne, Corr\u00e8ze, V\u00e9z\u00e8re, Auv\u00e9z\u00e8re), un plateau d\u2019altitude (Millevaches) annonciateur du Massif central, des prairies, des landes, des causses, le Limousin dispose d\u2019une diversit\u00e9 de biotopes propice \u00e0 l\u2019avifaune. Quand et o\u00f9 a-t-on le plus de chances de \u00ab cocher \u00bb tel ou tel oiseau ? \u00c0 vos jumelles !<\/p>\n","protected":false},"excerpt":{"rendered":"<p>Ce guide, illustr\u00e9 par les aquarelles in\u00e9dites d\u2019H\u00e9l\u00e8ne de Saint-Do, se veut le plus proche possible du terrain se r\u00e9f\u00e9rant aux observations des ornithologues locaux. L\u2019enclavement tant d\u00e9cri\u00e9 par les \u00e9lus de tous bords a du bon. Parce que le Limousin a toujours \u00e9t\u00e9 \u00e0 l\u2019\u00e9cart des grands axes de circulation et ne poss\u00e8de pas [&hellip;]<\/p>\n","protected":false},"featured_media":56568,"template":"","meta":{"_acf_changed":false,"_genesis_hide_title":false,"_genesis_hide_breadcrumbs":false,"_genesis_hide_singular_image":false,"_genesis_hide_footer_widgets":false,"_genesis_custom_body_class":"","_genesis_custom_post_class":"","_genesis_layout":""},"product_brand":[],"product_cat":[7133,7197,7201],"product_tag":[],"class_list":{"0":"post-56570","1":"product","2":"type-product","3":"status-publish","4":"has-post-thumbnail","6":"product_cat-libres-oc","7":"product_cat-natura-torisme-oc","8":"product_cat-natura-vargier-oc","9":"pa_auteur-brosset-thomas-oc","10":"pa_auteur-saint-do-helene-de-oc","11":"pa_editeur-geste-oc","12":"pa_langue-francais-oc","13":"entry","15":"first","16":"instock","17":"shipping-taxable","18":"purchasable","19":"product-type-simple"},"acf":[],"_links":{"self":[{"href":"https:\/\/www.libraria-occitana.org\/oc\/wp-json\/wp\/v2\/product\/56570","targetHints":{"allow":["GET"]}}],"collection":[{"href":"https:\/\/www.libraria-occitana.org\/oc\/wp-json\/wp\/v2\/product"}],"about":[{"href":"https:\/\/www.libraria-occitana.org\/oc\/wp-json\/wp\/v2\/types\/product"}],"wp:featuredmedia":[{"embeddable":true,"href":"https:\/\/www.libraria-occitana.org\/oc\/wp-json\/wp\/v2\/media\/56568"}],"wp:attachment":[{"href":"https:\/\/www.libraria-occitana.org\/oc\/wp-json\/wp\/v2\/media?parent=56570"}],"wp:term":[{"taxonomy":"product_brand","embeddable":true,"href":"https:\/\/www.libraria-occitana.org\/oc\/wp-json\/wp\/v2\/product_brand?post=56570"},{"taxonomy":"product_cat","embeddable":true,"href":"https:\/\/www.libraria-occitana.org\/oc\/wp-json\/wp\/v2\/product_cat?post=56570"},{"taxonomy":"product_tag","embeddable":true,"href":"https:\/\/www.libraria-occitana.org\/oc\/wp-json\/wp\/v2\/product_tag?post=56570"}],"curies":[{"name":"wp","href":"https:\/\/api.w.org\/{rel}","templated":true}]}}