{"id":56572,"date":"2022-04-12T19:34:12","date_gmt":"2022-04-12T17:34:12","guid":{"rendered":"http:\/\/www.libraria-occitana.org\/product\/dolmens-et-menhirs-de-la-haute-vienne-legendes-et-promenades\/"},"modified":"2026-04-29T01:41:36","modified_gmt":"2026-04-28T23:41:36","slug":"dolmens-et-menhirs-de-la-haute-vienne-legendes-et-promenades","status":"publish","type":"product","link":"https:\/\/www.libraria-occitana.org\/oc\/produch\/dolmens-et-menhirs-de-la-haute-vienne-legendes-et-promenades\/","title":{"rendered":"Dolmens et menhirs de la Haute-Vienne : L\u00e9gendes et promenades"},"content":{"rendered":"<p>Le d\u00e9partement de la Haute-Vienne, au milieu de l\u2019arc fran\u00e7ais des m\u00e9galithes, en contient une belle vari\u00e9t\u00e9 et une belle quantit\u00e9.<\/p>\n<p>La Haute Vienne compte plus de soixante sites m\u00e9galithiques \u2013 trente-neuf dolmens ; vingt et un menhirs ; un alignement ; \u00ab un faux \u00bb polissoir pourtant class\u00e9 Monument historique. On peut les d\u00e9couvrir au milieu des prairies, dans des champs cultiv\u00e9s apr\u00e8s les r\u00e9coltes, et dans les bois, o\u00f9 comme pour se camoufler davantage ils rev\u00eatent un costume de mousses et de lichens. Les uns et les autres sont tout \u00e0 la fois sculptures souvent monumentales et t\u00e9moins pr\u00e9cieux d\u2019un pass\u00e9 pas si lointain au cours duquel furent invent\u00e9s et d\u00e9velopp\u00e9s la culture et l\u2019\u00e9levage. Y sont attach\u00e9es de nombreuses l\u00e9gendes que leur pr\u00e9sence \u00e9nigmatique a suscit\u00e9es au cours des si\u00e8cles. Josette Marteau-Ch\u00e2teau et Beno\u00eet Ch\u00e2teau se proposent de vous entra\u00eener \u00e0 leur d\u00e9couverte et de partager avec plus de deux cents photographies les \u00e9motions, notamment esth\u00e9tiques, que ces monuments leur ont procur\u00e9es.<\/p>\n","protected":false},"excerpt":{"rendered":"<p>Le d\u00e9partement de la Haute-Vienne, au milieu de l\u2019arc fran\u00e7ais des m\u00e9galithes, en contient une belle vari\u00e9t\u00e9 et une belle quantit\u00e9. La Haute Vienne compte plus de soixante sites m\u00e9galithiques \u2013 trente-neuf dolmens ; vingt et un menhirs ; un alignement ; \u00ab un faux \u00bb polissoir pourtant class\u00e9 Monument historique. On peut les d\u00e9couvrir [&hellip;]<\/p>\n","protected":false},"featured_media":56564,"template":"","meta":{"_acf_changed":false,"_genesis_hide_title":false,"_genesis_hide_breadcrumbs":false,"_genesis_hide_singular_image":false,"_genesis_hide_footer_widgets":false,"_genesis_custom_body_class":"","_genesis_custom_post_class":"","_genesis_layout":""},"product_brand":[],"product_cat":[7199,7133,7197,7215,7207],"product_tag":[],"class_list":{"0":"post-56572","1":"product","2":"type-product","3":"status-publish","4":"has-post-thumbnail","6":"product_cat-guides-torisme-viatge-oc","7":"product_cat-libres-oc","8":"product_cat-natura-torisme-oc","9":"product_cat-patrimoni-bastit-oc","10":"product_cat-tradicions-patrimoni-oc","11":"pa_auteur-chateau-benoit-oc","12":"pa_auteur-marteau-chateau-josette-oc","13":"pa_editeur-geste-oc","14":"pa_langue-francais-oc","15":"entry","17":"first","18":"instock","19":"shipping-taxable","20":"purchasable","21":"product-type-simple"},"acf":[],"_links":{"self":[{"href":"https:\/\/www.libraria-occitana.org\/oc\/wp-json\/wp\/v2\/product\/56572","targetHints":{"allow":["GET"]}}],"collection":[{"href":"https:\/\/www.libraria-occitana.org\/oc\/wp-json\/wp\/v2\/product"}],"about":[{"href":"https:\/\/www.libraria-occitana.org\/oc\/wp-json\/wp\/v2\/types\/product"}],"wp:featuredmedia":[{"embeddable":true,"href":"https:\/\/www.libraria-occitana.org\/oc\/wp-json\/wp\/v2\/media\/56564"}],"wp:attachment":[{"href":"https:\/\/www.libraria-occitana.org\/oc\/wp-json\/wp\/v2\/media?parent=56572"}],"wp:term":[{"taxonomy":"product_brand","embeddable":true,"href":"https:\/\/www.libraria-occitana.org\/oc\/wp-json\/wp\/v2\/product_brand?post=56572"},{"taxonomy":"product_cat","embeddable":true,"href":"https:\/\/www.libraria-occitana.org\/oc\/wp-json\/wp\/v2\/product_cat?post=56572"},{"taxonomy":"product_tag","embeddable":true,"href":"https:\/\/www.libraria-occitana.org\/oc\/wp-json\/wp\/v2\/product_tag?post=56572"}],"curies":[{"name":"wp","href":"https:\/\/api.w.org\/{rel}","templated":true}]}}