{"id":56588,"date":"2022-04-12T20:14:08","date_gmt":"2022-04-12T18:14:08","guid":{"rendered":"http:\/\/www.libraria-occitana.org\/product\/la-meute-histoire-de-la-gestapo-a-limoges\/"},"modified":"2026-04-19T01:31:40","modified_gmt":"2026-04-18T23:31:40","slug":"la-meute-histoire-de-la-gestapo-a-limoges","status":"publish","type":"product","link":"https:\/\/www.libraria-occitana.org\/oc\/produch\/la-meute-histoire-de-la-gestapo-a-limoges\/","title":{"rendered":"La meute &#8211; Histoire de la Gestapo \u00e0 Limoges"},"content":{"rendered":"<p>En 1945, le monde semble d\u00e9couvrir l\u2019ampleur de la monstruosit\u00e9 du r\u00e9gime nazi. Il se dote d\u2019un redoutable organe de r\u00e9pression que l\u2019on nomme improprement GESTAPO et qui s\u2019\u00e9tend bient\u00f4t sur l\u2019ensemble du territoire allemand. La r\u00e9gion de Limoges voit arriver l\u2019occupant en 1942 avec dans son sillage la police nazie qui a d\u00e9j\u00e0 sinistre r\u00e9putation. Terre de R\u00e9sistance, le Limousin est \u00e9galement le lieu d\u2019une r\u00e9pression f\u00e9roce.<\/p>\n<p>Depuis son rep\u00e8re de l\u2019Impasse Tivoli au centre de Limoges, la meute de pr\u00e9dateurs, constitu\u00e9e d\u2019agents allemands et de nombreux Fran\u00e7ais \u00e0 sa solde, traque sans rel\u00e2che juifs, patriotes \u2013 et \u00ab bonnes affaires \u00bb. De 1942 \u00e0 1944, des centaines de personnes sont assassin\u00e9es, pers\u00e9cut\u00e9es, tortur\u00e9es, d\u00e9port\u00e9es.Plusieurs ann\u00e9es de recherche ont \u00e9t\u00e9 n\u00e9cessaires pour reconstituer la trajectoire de la plupart des membres de cette police politique. L\u2019affrontement a \u00e9t\u00e9 brutal avant la Lib\u00e9ration du territoire ce qui explique en partie les violences qui l\u2019ont suivi. C\u2019est dans cette atmosph\u00e8re que nous fait plonger l\u2019auteur de cet ouvrage.<\/p>\n","protected":false},"excerpt":{"rendered":"<p>En 1945, le monde semble d\u00e9couvrir l\u2019ampleur de la monstruosit\u00e9 du r\u00e9gime nazi. Il se dote d\u2019un redoutable organe de r\u00e9pression que l\u2019on nomme improprement GESTAPO et qui s\u2019\u00e9tend bient\u00f4t sur l\u2019ensemble du territoire allemand. La r\u00e9gion de Limoges voit arriver l\u2019occupant en 1942 avec dans son sillage la police nazie qui a d\u00e9j\u00e0 sinistre [&hellip;]<\/p>\n","protected":false},"featured_media":56586,"template":"","meta":{"_acf_changed":false,"_genesis_hide_title":false,"_genesis_hide_breadcrumbs":false,"_genesis_hide_singular_image":false,"_genesis_hide_footer_widgets":false,"_genesis_custom_body_class":"","_genesis_custom_post_class":"","_genesis_layout":""},"product_brand":[],"product_cat":[7159,7149,7133],"product_tag":[],"class_list":{"0":"post-56588","1":"product","2":"type-product","3":"status-publish","4":"has-post-thumbnail","6":"product_cat-istoria-moderna-e-contemporala-oc","7":"product_cat-istoria-geografia-oc","8":"product_cat-libres-oc","9":"pa_auteur-penot-christian-oc","10":"pa_editeur-geste-oc","11":"pa_langue-francais-oc","12":"entry","14":"first","15":"instock","16":"shipping-taxable","17":"purchasable","18":"product-type-simple"},"acf":[],"_links":{"self":[{"href":"https:\/\/www.libraria-occitana.org\/oc\/wp-json\/wp\/v2\/product\/56588","targetHints":{"allow":["GET"]}}],"collection":[{"href":"https:\/\/www.libraria-occitana.org\/oc\/wp-json\/wp\/v2\/product"}],"about":[{"href":"https:\/\/www.libraria-occitana.org\/oc\/wp-json\/wp\/v2\/types\/product"}],"wp:featuredmedia":[{"embeddable":true,"href":"https:\/\/www.libraria-occitana.org\/oc\/wp-json\/wp\/v2\/media\/56586"}],"wp:attachment":[{"href":"https:\/\/www.libraria-occitana.org\/oc\/wp-json\/wp\/v2\/media?parent=56588"}],"wp:term":[{"taxonomy":"product_brand","embeddable":true,"href":"https:\/\/www.libraria-occitana.org\/oc\/wp-json\/wp\/v2\/product_brand?post=56588"},{"taxonomy":"product_cat","embeddable":true,"href":"https:\/\/www.libraria-occitana.org\/oc\/wp-json\/wp\/v2\/product_cat?post=56588"},{"taxonomy":"product_tag","embeddable":true,"href":"https:\/\/www.libraria-occitana.org\/oc\/wp-json\/wp\/v2\/product_tag?post=56588"}],"curies":[{"name":"wp","href":"https:\/\/api.w.org\/{rel}","templated":true}]}}