{"id":56603,"date":"2022-04-12T20:38:59","date_gmt":"2022-04-12T18:38:59","guid":{"rendered":"http:\/\/www.libraria-occitana.org\/?post_type=product&#038;p=56603"},"modified":"2026-04-03T00:41:26","modified_gmt":"2026-04-02T22:41:26","slug":"rando-les-monedieres-16-balades-a-pied-a-velo-a-cheval","status":"publish","type":"product","link":"https:\/\/www.libraria-occitana.org\/oc\/produch\/rando-les-monedieres-16-balades-a-pied-a-velo-a-cheval\/","title":{"rendered":"Rando Les Mon\u00e9di\u00e8res &#8211; 16 balades \u00e0 pied, \u00e0 v\u00e9lo, \u00e0 cheval"},"content":{"rendered":"<p>S\u2019il vous venait un jour l\u2019envie de prendre le temps, pour poser un regard sur des reliefs ondul\u00e9s. D\u2019avancer \u00e0 travers les chemins bocagers bord\u00e9s de ch\u00e2taigniers et des vieux murs de pierre. S\u2019arr\u00eater quelques temps admirer chaque croix pos\u00e9e comme un po\u00e8me immuable au croisement des routes. S\u2019il vous vient le d\u00e9sir de quelques heures de marche \u00e0 travers les h\u00eatraies pour d\u00e9guster dans des landes p\u00e2tur\u00e9es l\u2019estivale myrtille des fermes des sommets. Si soudainement l\u2019Histoire vous prenait par la main, et engageait vos yeux et vos jambes curieuses pour quelques voyages dans le temps et l\u2019espace. Alors c\u2019est vers les Mon\u00e9di\u00e8res que votre instinct vous porte. L\u00e0-haut, du haut des humbles puys, la po\u00e9sie vous gagne jusqu\u2019au bas des vallons, dans les ruisseaux chantants et les for\u00eats qui charment. De Treignac \u00e0 Corr\u00e8ze, m\u00eame sans coquille Saint- Jacques parcourez ce pays bienveillant par ses formes, et ruisselant d\u2019Histoire.<\/p>\n","protected":false},"excerpt":{"rendered":"<p>S\u2019il vous venait un jour l\u2019envie de prendre le temps, pour poser un regard sur des reliefs ondul\u00e9s. D\u2019avancer \u00e0 travers les chemins bocagers bord\u00e9s de ch\u00e2taigniers et des vieux murs de pierre. S\u2019arr\u00eater quelques temps admirer chaque croix pos\u00e9e comme un po\u00e8me immuable au croisement des routes. S\u2019il vous vient le d\u00e9sir de quelques [&hellip;]<\/p>\n","protected":false},"featured_media":56606,"template":"","meta":{"_acf_changed":false,"_genesis_hide_title":false,"_genesis_hide_breadcrumbs":false,"_genesis_hide_singular_image":false,"_genesis_hide_footer_widgets":false,"_genesis_custom_body_class":"","_genesis_custom_post_class":"","_genesis_layout":""},"product_brand":[],"product_cat":[7133,7197,7199],"product_tag":[],"class_list":{"0":"post-56603","1":"product","2":"type-product","3":"status-publish","4":"has-post-thumbnail","6":"product_cat-libres-oc","7":"product_cat-natura-torisme-oc","8":"product_cat-guides-torisme-viatge-oc","9":"pa_auteur-witt-manuel-oc","10":"pa_editeur-geste-oc","11":"pa_langue-francais-oc","12":"entry","14":"first","15":"instock","16":"shipping-taxable","17":"purchasable","18":"product-type-simple"},"acf":[],"_links":{"self":[{"href":"https:\/\/www.libraria-occitana.org\/oc\/wp-json\/wp\/v2\/product\/56603","targetHints":{"allow":["GET"]}}],"collection":[{"href":"https:\/\/www.libraria-occitana.org\/oc\/wp-json\/wp\/v2\/product"}],"about":[{"href":"https:\/\/www.libraria-occitana.org\/oc\/wp-json\/wp\/v2\/types\/product"}],"wp:featuredmedia":[{"embeddable":true,"href":"https:\/\/www.libraria-occitana.org\/oc\/wp-json\/wp\/v2\/media\/56606"}],"wp:attachment":[{"href":"https:\/\/www.libraria-occitana.org\/oc\/wp-json\/wp\/v2\/media?parent=56603"}],"wp:term":[{"taxonomy":"product_brand","embeddable":true,"href":"https:\/\/www.libraria-occitana.org\/oc\/wp-json\/wp\/v2\/product_brand?post=56603"},{"taxonomy":"product_cat","embeddable":true,"href":"https:\/\/www.libraria-occitana.org\/oc\/wp-json\/wp\/v2\/product_cat?post=56603"},{"taxonomy":"product_tag","embeddable":true,"href":"https:\/\/www.libraria-occitana.org\/oc\/wp-json\/wp\/v2\/product_tag?post=56603"}],"curies":[{"name":"wp","href":"https:\/\/api.w.org\/{rel}","templated":true}]}}