{"id":56630,"date":"1999-08-16T13:29:32","date_gmt":"1999-08-16T11:29:32","guid":{"rendered":"http:\/\/www.libraria-occitana.org\/product\/le-pain-de-bois-ethnohistoire-de-la-chataigne-et-du-chataignier\/"},"modified":"2026-04-25T06:46:43","modified_gmt":"2026-04-25T04:46:43","slug":"le-pain-de-bois-ethnohistoire-de-la-chataigne-et-du-chataignier","status":"publish","type":"product","link":"https:\/\/www.libraria-occitana.org\/oc\/produch\/le-pain-de-bois-ethnohistoire-de-la-chataigne-et-du-chataignier\/","title":{"rendered":"Le pain de bois : Ethnohistoire de la ch\u00e2taigne et du ch\u00e2taignier"},"content":{"rendered":"<p>R\u00e9impression d&#8217;un texte consacr\u00e9 aux ch\u00e2taignes paru en 1984.<\/p>\n<p>\u00ab Notre pain est de bois \u00bb. Ainsi s&#8217;exprimaient les Corses et les Italiens pour d\u00e9signer leur nourriture quotidienne, les ch\u00e2taignes, consomm\u00e9es sous les m\u00eames formes qu&#8217;ailleurs les c\u00e9r\u00e9ales, fra\u00eeches, s\u00e8ches ou en farine.<\/p>\n<p>De nombreuses r\u00e9gions, tr\u00e8s fortement peupl\u00e9es, ont \u00e9galement v\u00e9cu du fruit de l&#8217;\u00ab arbre \u00e0 pain \u00bb. Utilis\u00e9 comme aliment saisonnier en Bretagne, en Pyr\u00e9n\u00e9es ou comme v\u00e9ritable denr\u00e9e de base en Limousin, C\u00e9vennes et Vivarais, transform\u00e9 en viande \u2013 il servait \u00e0 engraisser les porcs \u2013, il faisait aussi l&#8217;objet d&#8217;un commerce \u00e0 grande \u00e9chelle.<br \/>\nAinsi des pays, g\u00e9n\u00e9ralement du Sud et ayant un sol acide \u2013 car ne cultive pas le ch\u00e2taignier qui veut \u2013 ont-ils, par le biais d&#8217;un arbre, connu des formes originales et particuli\u00e8res de travail et de subsistance, marquant leur psychisme en profondeur. On a pu ainsi parler de \u00ab civilisation du ch\u00e2taignier \u00bb.<\/p>\n<p>Pourquoi alors ce regard contemporain, quelque peu ironique et d\u00e9pr\u00e9ciatif, assimilant la ch\u00e2taigne \u00e0 une denr\u00e9e de pauvre ou \u00e0 un aliment subsidiaire de cueillette ? Est-ce parce que l&#8217;id\u00e9ologie du progr\u00e8s et de la technicit\u00e9 nous le rend archa\u00efque ? Les pr\u00e9mices d&#8217;un renouveau d&#8217;int\u00e9r\u00eat pour le fruit annoncent peut-\u00eatre un renversement de tendance.<\/p>\n","protected":false},"excerpt":{"rendered":"<p>R\u00e9impression d&#8217;un texte consacr\u00e9 aux ch\u00e2taignes paru en 1984. \u00ab Notre pain est de bois \u00bb. Ainsi s&#8217;exprimaient les Corses et les Italiens pour d\u00e9signer leur nourriture quotidienne, les ch\u00e2taignes, consomm\u00e9es sous les m\u00eames formes qu&#8217;ailleurs les c\u00e9r\u00e9ales, fra\u00eeches, s\u00e8ches ou en farine. De nombreuses r\u00e9gions, tr\u00e8s fortement peupl\u00e9es, ont \u00e9galement v\u00e9cu du fruit de [&hellip;]<\/p>\n","protected":false},"featured_media":56628,"template":"","meta":{"_acf_changed":false,"_genesis_hide_title":false,"_genesis_hide_breadcrumbs":false,"_genesis_hide_singular_image":false,"_genesis_hide_footer_widgets":false,"_genesis_custom_body_class":"","_genesis_custom_post_class":"","_genesis_layout":""},"product_brand":[],"product_cat":[7133,7213,7207],"product_tag":[],"class_list":{"0":"post-56630","1":"product","2":"type-product","3":"status-publish","4":"has-post-thumbnail","6":"product_cat-libres-oc","7":"product_cat-metiers-saubre-far-oc","8":"product_cat-tradicions-patrimoni-oc","9":"pa_auteur-bruneton-governatori-ariane-oc","10":"pa_editeur-lacour-olle-oc","11":"pa_langue-francais-oc","12":"entry","14":"first","15":"outofstock","16":"shipping-taxable","17":"purchasable","18":"product-type-simple"},"acf":[],"_links":{"self":[{"href":"https:\/\/www.libraria-occitana.org\/oc\/wp-json\/wp\/v2\/product\/56630","targetHints":{"allow":["GET"]}}],"collection":[{"href":"https:\/\/www.libraria-occitana.org\/oc\/wp-json\/wp\/v2\/product"}],"about":[{"href":"https:\/\/www.libraria-occitana.org\/oc\/wp-json\/wp\/v2\/types\/product"}],"wp:featuredmedia":[{"embeddable":true,"href":"https:\/\/www.libraria-occitana.org\/oc\/wp-json\/wp\/v2\/media\/56628"}],"wp:attachment":[{"href":"https:\/\/www.libraria-occitana.org\/oc\/wp-json\/wp\/v2\/media?parent=56630"}],"wp:term":[{"taxonomy":"product_brand","embeddable":true,"href":"https:\/\/www.libraria-occitana.org\/oc\/wp-json\/wp\/v2\/product_brand?post=56630"},{"taxonomy":"product_cat","embeddable":true,"href":"https:\/\/www.libraria-occitana.org\/oc\/wp-json\/wp\/v2\/product_cat?post=56630"},{"taxonomy":"product_tag","embeddable":true,"href":"https:\/\/www.libraria-occitana.org\/oc\/wp-json\/wp\/v2\/product_tag?post=56630"}],"curies":[{"name":"wp","href":"https:\/\/api.w.org\/{rel}","templated":true}]}}