{"id":56648,"date":"2022-09-23T17:06:53","date_gmt":"2022-09-23T15:06:53","guid":{"rendered":"http:\/\/www.libraria-occitana.org\/?post_type=product&#038;p=56648"},"modified":"2026-04-18T01:36:33","modified_gmt":"2026-04-17T23:36:33","slug":"les-troubadours-limousins","status":"publish","type":"product","link":"https:\/\/www.libraria-occitana.org\/oc\/produch\/les-troubadours-limousins\/","title":{"rendered":"Les troubadours limousins"},"content":{"rendered":"<p>Anthologie des troubadours de la Nouvelle-Aquitaine tome 1.<\/p>\n<p>Les troubadours du Limousin ont invent\u00e9 l\u2019amour, la chanson, la chanson d\u2019amour. M\u00e9t\u00e9ore aussi prodigieux que fugace, on a vu na\u00eetre \u00e0 l\u2019or\u00e9e du XIIe si\u00e8cle sur les terres limousines une po\u00e9sie lyrique en langue d\u2019oc qui s\u2019\u00e9mancipe des th\u00e8mes religieux.<\/p>\n<p>Il s\u2019agit d\u2019un ph\u00e9nom\u00e8ne culturel inou\u00ef, sans \u00e9quivalent, et dont le retentissement va parcourir l\u2019Europe enti\u00e8re : l\u2019amour courtois chant\u00e9 par les troubadours limousins r\u00e9sonna de l\u2019Angleterre \u00e0 l\u2019Allemagne, de l\u2019Espagne \u00e0 l\u2019Italie et m\u00eame jusqu\u2019\u00e0 la lointaine Hongrie ; il accompagna les Crois\u00e9s jusqu\u2019aux terres arides de la Palestine. Cette plong\u00e9e au sein des ch\u00e2teaux limousins (Ventadour, Turenne, Comborn, Ussel, etc.) va aussi nous permettre d\u2019entrevoir quelques \u00e9l\u00e9ments de la vie quotidienne d\u2019une \u00e9poque.<\/p>\n<p>Anthologie des troubadours de la Nouvelle-Aquitaine tome 2 : <a href=\"https:\/\/www.libraria-occitana.org\/produit\/les-troubadours-perigourdins\/\">Les troubadours p\u00e9rigourdins<\/a><\/p>\n","protected":false},"excerpt":{"rendered":"<p>Anthologie des troubadours de la Nouvelle-Aquitaine tome 1. Les troubadours du Limousin ont invent\u00e9 l\u2019amour, la chanson, la chanson d\u2019amour. M\u00e9t\u00e9ore aussi prodigieux que fugace, on a vu na\u00eetre \u00e0 l\u2019or\u00e9e du XIIe si\u00e8cle sur les terres limousines une po\u00e9sie lyrique en langue d\u2019oc qui s\u2019\u00e9mancipe des th\u00e8mes religieux. Il s\u2019agit d\u2019un ph\u00e9nom\u00e8ne culturel inou\u00ef, [&hellip;]<\/p>\n","protected":false},"featured_media":56651,"template":"","meta":{"_acf_changed":false,"_genesis_hide_title":false,"_genesis_hide_breadcrumbs":false,"_genesis_hide_singular_image":false,"_genesis_hide_footer_widgets":false,"_genesis_custom_body_class":"","_genesis_custom_post_class":"","_genesis_layout":""},"product_brand":[],"product_cat":[7189,7133,7175,7181],"product_tag":[],"class_list":{"0":"post-56648","1":"product","2":"type-product","3":"status-publish","4":"has-post-thumbnail","6":"product_cat-estudis-literaris-oc","7":"product_cat-libres-oc","8":"product_cat-literatura-oc","9":"product_cat-poesia-oc","10":"pa_auteur-gonfroy-gerard-oc","11":"pa_editeur-geste-oc","12":"pa_langue-francais-oc","13":"pa_langue-occitan-oc","14":"pa_langue-occitan-medievau-oc","15":"entry","17":"first","18":"instock","19":"shipping-taxable","20":"purchasable","21":"product-type-simple"},"acf":[],"_links":{"self":[{"href":"https:\/\/www.libraria-occitana.org\/oc\/wp-json\/wp\/v2\/product\/56648","targetHints":{"allow":["GET"]}}],"collection":[{"href":"https:\/\/www.libraria-occitana.org\/oc\/wp-json\/wp\/v2\/product"}],"about":[{"href":"https:\/\/www.libraria-occitana.org\/oc\/wp-json\/wp\/v2\/types\/product"}],"wp:featuredmedia":[{"embeddable":true,"href":"https:\/\/www.libraria-occitana.org\/oc\/wp-json\/wp\/v2\/media\/56651"}],"wp:attachment":[{"href":"https:\/\/www.libraria-occitana.org\/oc\/wp-json\/wp\/v2\/media?parent=56648"}],"wp:term":[{"taxonomy":"product_brand","embeddable":true,"href":"https:\/\/www.libraria-occitana.org\/oc\/wp-json\/wp\/v2\/product_brand?post=56648"},{"taxonomy":"product_cat","embeddable":true,"href":"https:\/\/www.libraria-occitana.org\/oc\/wp-json\/wp\/v2\/product_cat?post=56648"},{"taxonomy":"product_tag","embeddable":true,"href":"https:\/\/www.libraria-occitana.org\/oc\/wp-json\/wp\/v2\/product_tag?post=56648"}],"curies":[{"name":"wp","href":"https:\/\/api.w.org\/{rel}","templated":true}]}}