{"id":56840,"date":"2022-01-24T12:15:56","date_gmt":"2022-01-24T11:15:56","guid":{"rendered":"http:\/\/www.libraria-occitana.org\/product\/noms-dialectaux-des-vegetaux-de-la-correze\/"},"modified":"2026-04-14T20:21:20","modified_gmt":"2026-04-14T18:21:20","slug":"noms-dialectaux-des-vegetaux-de-la-correze","status":"publish","type":"product","link":"https:\/\/www.libraria-occitana.org\/oc\/produch\/noms-dialectaux-des-vegetaux-de-la-correze\/","title":{"rendered":"Noms dialectaux des v\u00e9g\u00e9taux de la Corr\u00e8ze"},"content":{"rendered":"<p>Occitan en graphie phon\u00e9tique.<\/p>\n<p>\u00ab Il y a quelques ann\u00e9es, en m&#8217;occupant de botanique, je fus d\u00e9sireux de conna\u00eetre les noms que les paysans du Bas-Limousin donnaient aux plantes que je ramassais pour former un herbier. Je m&#8217;adressais donc \u00e0 quelques vieux du pays, qui, tr\u00e8s \u00e9tonn\u00e9s d&#8217;abord de ma curiosit\u00e9, se firent ensuite un v\u00e9ritable plaisir de me dire ceux qu&#8217;ils savaient. \u00bb<\/p>\n<p>Ainsi d\u00e9bute la pr\u00e9face de la communication de M. Godin de L\u00e9pinay parue \u00e0 la fin du XIX\u00e8me si\u00e8cle dans laquelle il a recens\u00e9 556 noms dialectaux de v\u00e9g\u00e9taux pour la seule r\u00e9gion de Brive, 269 appellations pour la r\u00e9gion de Tulle et 192 pour celle d&#8217;Ussel !<\/p>\n<p>C&#8217;est ce tr\u00e9sor linguistique menac\u00e9 de disparition que nous avons voulu faire revivre ici, en l&#8217;enrichissant des apports consid\u00e9rables d&#8217;Eug\u00e8ne Rolland, publi\u00e9s dans son extraordinaire <em>Histoire des plantes dans leurs rapports avec la linguistique et le folklore<\/em>.<\/p>\n","protected":false},"excerpt":{"rendered":"<p>Occitan en graphie phon\u00e9tique. \u00ab Il y a quelques ann\u00e9es, en m&#8217;occupant de botanique, je fus d\u00e9sireux de conna\u00eetre les noms que les paysans du Bas-Limousin donnaient aux plantes que je ramassais pour former un herbier. Je m&#8217;adressais donc \u00e0 quelques vieux du pays, qui, tr\u00e8s \u00e9tonn\u00e9s d&#8217;abord de ma curiosit\u00e9, se firent ensuite un [&hellip;]<\/p>\n","protected":false},"featured_media":56838,"template":"","meta":{"_acf_changed":false,"_genesis_hide_title":false,"_genesis_hide_breadcrumbs":false,"_genesis_hide_singular_image":false,"_genesis_hide_footer_widgets":false,"_genesis_custom_body_class":"","_genesis_custom_post_class":"","_genesis_layout":""},"product_brand":[],"product_cat":[7133,7197,7201],"product_tag":[],"class_list":{"0":"post-56840","1":"product","2":"type-product","3":"status-publish","4":"has-post-thumbnail","6":"product_cat-libres-oc","7":"product_cat-natura-torisme-oc","8":"product_cat-natura-vargier-oc","9":"pa_auteur-prodel-michel-oc","10":"pa_editeur-books-on-demand-oc","11":"pa_langue-francais-oc","12":"pa_langue-occitan-oc","13":"pa_langue-occitan-lemosin-oc","14":"entry","16":"first","17":"instock","18":"shipping-taxable","19":"purchasable","20":"product-type-simple"},"acf":[],"_links":{"self":[{"href":"https:\/\/www.libraria-occitana.org\/oc\/wp-json\/wp\/v2\/product\/56840","targetHints":{"allow":["GET"]}}],"collection":[{"href":"https:\/\/www.libraria-occitana.org\/oc\/wp-json\/wp\/v2\/product"}],"about":[{"href":"https:\/\/www.libraria-occitana.org\/oc\/wp-json\/wp\/v2\/types\/product"}],"wp:featuredmedia":[{"embeddable":true,"href":"https:\/\/www.libraria-occitana.org\/oc\/wp-json\/wp\/v2\/media\/56838"}],"wp:attachment":[{"href":"https:\/\/www.libraria-occitana.org\/oc\/wp-json\/wp\/v2\/media?parent=56840"}],"wp:term":[{"taxonomy":"product_brand","embeddable":true,"href":"https:\/\/www.libraria-occitana.org\/oc\/wp-json\/wp\/v2\/product_brand?post=56840"},{"taxonomy":"product_cat","embeddable":true,"href":"https:\/\/www.libraria-occitana.org\/oc\/wp-json\/wp\/v2\/product_cat?post=56840"},{"taxonomy":"product_tag","embeddable":true,"href":"https:\/\/www.libraria-occitana.org\/oc\/wp-json\/wp\/v2\/product_tag?post=56840"}],"curies":[{"name":"wp","href":"https:\/\/api.w.org\/{rel}","templated":true}]}}