{"id":56862,"date":"2022-10-24T14:05:22","date_gmt":"2022-10-24T12:05:22","guid":{"rendered":"http:\/\/www.libraria-occitana.org\/?post_type=product&#038;p=56862"},"modified":"2026-04-03T00:06:30","modified_gmt":"2026-04-02T22:06:30","slug":"aprivadar-la-camarda-apprivoiser-la-camarde","status":"publish","type":"product","link":"https:\/\/www.libraria-occitana.org\/oc\/produch\/aprivadar-la-camarda-apprivoiser-la-camarde\/","title":{"rendered":"Aprivadar la camarda &#8211; Apprivoiser la camarde"},"content":{"rendered":"<p>La consci\u00e9ncia aguda de la m\u00f2rt vengu\u00e8t pas qu'apr\u00e8s la projeccion de <em>Nuit et brouillard<\/em> d'Alain Resnais. L'orror totala e una rev\u00f2uta et\u00e8rna contra aquela foli\u00e1 incredibla dau nazisme. Almina avi\u00e1 vist aqu\u00ed tot lo contrari dei valors apresas dins son enfan\u00e7a e son adolesc\u00e9ncia. \u00c8ra un t\u00e8rratremol vertadi\u00e8r dins l'equilibri qu'avi\u00e1 bastit. Una remesa en compte totala de \u00e7\u00f2 que cresi\u00e1 \u00e8stre la natura umana.<\/p>\n","protected":false},"excerpt":{"rendered":"<p>La consci\u00e9ncia aguda de la m\u00f2rt vengu\u00e8t pas qu&#8217;apr\u00e8s la projeccion de Nuit et brouillard d&#8217;Alain Resnais. L&#8217;orror totala e una rev\u00f2uta et\u00e8rna contra aquela foli\u00e1 incredibla dau nazisme. Almina avi\u00e1 vist aqu\u00ed tot lo contrari dei valors apresas dins son enfan\u00e7a e son adolesc\u00e9ncia. \u00c8ra un t\u00e8rratremol vertadi\u00e8r dins l&#8217;equilibri qu&#8217;avi\u00e1 bastit. Una remesa [&hellip;]<\/p>\n","protected":false},"featured_media":56865,"template":"","meta":{"_acf_changed":false,"_genesis_hide_title":false,"_genesis_hide_breadcrumbs":false,"_genesis_hide_singular_image":false,"_genesis_hide_footer_widgets":false,"_genesis_custom_body_class":"","_genesis_custom_post_class":"","_genesis_layout":""},"product_brand":[],"product_cat":[7133,7175,7183],"product_tag":[],"class_list":{"0":"post-56862","1":"product","2":"type-product","3":"status-publish","4":"has-post-thumbnail","6":"product_cat-libres-oc","7":"product_cat-literatura-oc","8":"product_cat-romans-novelas-oc","9":"pa_auteur-gros-lisa-oc","10":"pa_editeur-lauceu-libre-oc","11":"pa_langue-occitan-provencau-oc","12":"pa_langue-occitan-francais-oc","13":"entry","15":"first","16":"instock","17":"shipping-taxable","18":"purchasable","19":"product-type-simple"},"acf":[],"_links":{"self":[{"href":"https:\/\/www.libraria-occitana.org\/oc\/wp-json\/wp\/v2\/product\/56862","targetHints":{"allow":["GET"]}}],"collection":[{"href":"https:\/\/www.libraria-occitana.org\/oc\/wp-json\/wp\/v2\/product"}],"about":[{"href":"https:\/\/www.libraria-occitana.org\/oc\/wp-json\/wp\/v2\/types\/product"}],"wp:featuredmedia":[{"embeddable":true,"href":"https:\/\/www.libraria-occitana.org\/oc\/wp-json\/wp\/v2\/media\/56865"}],"wp:attachment":[{"href":"https:\/\/www.libraria-occitana.org\/oc\/wp-json\/wp\/v2\/media?parent=56862"}],"wp:term":[{"taxonomy":"product_brand","embeddable":true,"href":"https:\/\/www.libraria-occitana.org\/oc\/wp-json\/wp\/v2\/product_brand?post=56862"},{"taxonomy":"product_cat","embeddable":true,"href":"https:\/\/www.libraria-occitana.org\/oc\/wp-json\/wp\/v2\/product_cat?post=56862"},{"taxonomy":"product_tag","embeddable":true,"href":"https:\/\/www.libraria-occitana.org\/oc\/wp-json\/wp\/v2\/product_tag?post=56862"}],"curies":[{"name":"wp","href":"https:\/\/api.w.org\/{rel}","templated":true}]}}