{"id":56877,"date":"2022-10-24T17:33:13","date_gmt":"2022-10-24T15:33:13","guid":{"rendered":"http:\/\/www.libraria-occitana.org\/?post_type=product&#038;p=56877"},"modified":"2026-04-16T00:11:38","modified_gmt":"2026-04-15T22:11:38","slug":"nouveau-bestiaire-provencal","status":"publish","type":"product","link":"https:\/\/www.libraria-occitana.org\/oc\/produch\/nouveau-bestiaire-provencal\/","title":{"rendered":"Nouveau bestiaire proven\u00e7al"},"content":{"rendered":"<p>Termes occitans en graphie mistralienne.<\/p>\n<p>Un Bestiaire est longtemps rest\u00e9, particuli\u00e8rement au Moyen-\u00c2ge, une s\u00e9rie d&#8217;images, de sculptures, de dictons ou de ritournelles destin\u00e9s \u00e0 instruire les non-lettr\u00e9s. Ces repr\u00e9sentations furent ensuite accompagn\u00e9es de commentaires \u00e9crits, o\u00f9 peu \u00e0 peu se d\u00e9couvraient la nature des relations des hommes avec le monde animal. La transmission a souvent fait appel au sacr\u00e9, aux contes et aux l\u00e9gendes, et des mythes sont n\u00e9s ainsi. Ces textes sont peut-\u00eatre les pr\u00e9curseurs de la zoologie moderne, m\u00eame s&#8217;ils sont enrichis d&#8217;animaux imaginaires.<\/p>\n<p>Avec la grande avanc\u00e9e des Lumi\u00e8res, puis des recherches scientifiques des deux derniers si\u00e8cles et, beaucoup plus r\u00e9cemment, avec les relations nouvelles que nous avons d\u00e9velopp\u00e9es avec les animaux, la sup\u00e9riorit\u00e9 et la domination de l&#8217;homme sur l&#8217;ensemble du monde vivant ont \u00e9t\u00e9 questionn\u00e9es. Nous avons pens\u00e9 que le moment \u00e9tait peut-\u00eatre venu de faire entrer tout cela dans l&#8217;\u00e9criture d&#8217;un nouveau Bestiaire proven\u00e7al, tout en gardant en m\u00e9moire que la tradition comme l&#8217;oralit\u00e9 paysanne qui en \u00e9tait le conservatoire, devaient \u00eatre int\u00e9gr\u00e9es \u00e0 cette vision actuelle de nos relations avec les animaux. La langue proven\u00e7ale, tr\u00e8s riche dans le domaine de la nature, a \u00e9t\u00e9 le socle et le trait d&#8217;union, peut-\u00eatre aussi notre pr\u00e9texte.<\/p>\n","protected":false},"excerpt":{"rendered":"<p>Termes occitans en graphie mistralienne. Un Bestiaire est longtemps rest\u00e9, particuli\u00e8rement au Moyen-\u00c2ge, une s\u00e9rie d&#8217;images, de sculptures, de dictons ou de ritournelles destin\u00e9s \u00e0 instruire les non-lettr\u00e9s. Ces repr\u00e9sentations furent ensuite accompagn\u00e9es de commentaires \u00e9crits, o\u00f9 peu \u00e0 peu se d\u00e9couvraient la nature des relations des hommes avec le monde animal. La transmission a [&hellip;]<\/p>\n","protected":false},"featured_media":56869,"template":"","meta":{"_acf_changed":false,"_genesis_hide_title":false,"_genesis_hide_breadcrumbs":false,"_genesis_hide_singular_image":false,"_genesis_hide_footer_widgets":false,"_genesis_custom_body_class":"","_genesis_custom_post_class":"","_genesis_layout":""},"product_brand":[],"product_cat":[7209,7133,7197,7201,7207],"product_tag":[],"class_list":{"0":"post-56877","1":"product","2":"type-product","3":"status-publish","4":"has-post-thumbnail","6":"product_cat-costumas-rites-e-cresencas-oc","7":"product_cat-libres-oc","8":"product_cat-natura-torisme-oc","9":"product_cat-natura-vargier-oc","10":"product_cat-tradicions-patrimoni-oc","11":"pa_auteur-dumas-marc-oc","12":"pa_editeur-lauceu-libre-oc","13":"pa_langue-francais-oc","14":"pa_langue-occitan-provencau-oc","15":"entry","17":"first","18":"instock","19":"shipping-taxable","20":"purchasable","21":"product-type-simple"},"acf":[],"_links":{"self":[{"href":"https:\/\/www.libraria-occitana.org\/oc\/wp-json\/wp\/v2\/product\/56877","targetHints":{"allow":["GET"]}}],"collection":[{"href":"https:\/\/www.libraria-occitana.org\/oc\/wp-json\/wp\/v2\/product"}],"about":[{"href":"https:\/\/www.libraria-occitana.org\/oc\/wp-json\/wp\/v2\/types\/product"}],"wp:featuredmedia":[{"embeddable":true,"href":"https:\/\/www.libraria-occitana.org\/oc\/wp-json\/wp\/v2\/media\/56869"}],"wp:attachment":[{"href":"https:\/\/www.libraria-occitana.org\/oc\/wp-json\/wp\/v2\/media?parent=56877"}],"wp:term":[{"taxonomy":"product_brand","embeddable":true,"href":"https:\/\/www.libraria-occitana.org\/oc\/wp-json\/wp\/v2\/product_brand?post=56877"},{"taxonomy":"product_cat","embeddable":true,"href":"https:\/\/www.libraria-occitana.org\/oc\/wp-json\/wp\/v2\/product_cat?post=56877"},{"taxonomy":"product_tag","embeddable":true,"href":"https:\/\/www.libraria-occitana.org\/oc\/wp-json\/wp\/v2\/product_tag?post=56877"}],"curies":[{"name":"wp","href":"https:\/\/api.w.org\/{rel}","templated":true}]}}