{"id":56880,"date":"2022-10-24T17:49:11","date_gmt":"2022-10-24T15:49:11","guid":{"rendered":"http:\/\/www.libraria-occitana.org\/?post_type=product&#038;p=56880"},"modified":"2026-04-15T01:21:06","modified_gmt":"2026-04-14T23:21:06","slug":"quicom-de-roge-quelque-chose-de-rouge","status":"publish","type":"product","link":"https:\/\/www.libraria-occitana.org\/oc\/produch\/quicom-de-roge-quelque-chose-de-rouge\/","title":{"rendered":"Quic\u00f2m de roge &#8211; Quelque chose de rouge"},"content":{"rendered":"<blockquote>\n<p>Del fons del c\u00f2r<br \/>\nescampi ma lenga de c\u00e8rca-pa\u00eds,<br \/>\ndel fons del c\u00f2r l&#8217;escampi al morre del monde sens morre,<br \/>\nlos manja-monedas que menan lo monde.<\/p>\n<p>Del fons del c\u00f2r<br \/>\nescampi ma lenga de r\u00e8ire-pa\u00eds,<br \/>\ndel fons del c\u00f2r l&#8217;escampi al morre del monde sens \u00e8ime<br \/>\nque se ritz de la lenga,<br \/>\nque se ritz de l&#8217;accent<br \/>\na me far tornar engolir lo po\u00e8ma.<\/p>\n<p>Del fons dal c\u00f2r<br \/>\nescampi ma lenga d\u2019auc\u00e8l de pa\u00eds,<br \/>\ndel fons del c\u00f2r l&#8217;escampi al morre d\u2019aquelis<br \/>\nque rauban l\u2019iv\u00f2ri, l\u2019argent e lo m\u00e8l del Tot-monde,<br \/>\nlo coirat de son cant<br \/>\ne sas paraulas d\u2019aur.<\/p>\n<p>Del fons dal c\u00f2r<br \/>\nescampi ma lenga de canta-pa\u00eds,<br \/>\ndel fons del c\u00f2r l&#8217;escampi, e la torni als auc\u00e8ls.<\/p>\n<p>Du fond du c\u0153ur<br \/>\nje jette ma langue de cherche-pays,<br \/>\ndu fond du c\u0153ur je la jette \u00e0 la face des gens sans visage,<br \/>\nles mange-pognons qui m\u00e8nent le monde.<\/p>\n<p>Du fond du c\u0153ur<br \/>\nje jette ma langue d\u2019arri\u00e8re-pays,<br \/>\ndu fond du c\u0153ur je la jette \u00e0 la face des gens sans esprit<br \/>\nqui se rient de la langue,<br \/>\nqui se rient de l\u2019accent<br \/>\n\u00e0 me faire ravaler mon po\u00e8me.<\/p>\n<p>Du fond du c\u0153ur<br \/>\nje jette ma langue d\u2019oiseau de pays,<br \/>\ndu fond du c\u0153ur je la jette \u00e0 la face de ceux<br \/>\nqui volent l\u2019ivoire, l\u2019argent et le miel du Tout-monde,<br \/>\nle cuivr\u00e9 de leur chant<br \/>\net leurs paroles d\u2019or.<\/p>\n<p>Du fond du c\u0153ur<br \/>\nje jette ma langue de chante-pays,<br \/>\ndu fond du c\u0153ur je la jette, et je la rends aux oiseaux.<\/p>\n<\/blockquote>\n<p>Cinquante po\u00e8mes et chansons de Laurent Cavali\u00e9 (chanteur de feu le groupe Du Bartas), parfois inspir\u00e9s du r\u00e9pertoire (africain, antillais) de la r\u00e9volte anti-\u00adcoloniale. Textes pr\u00e9sent\u00e9s en occitan et en fran\u00e7ais.<\/p>\n<p>Alchimiste du chant populaire et multi-instrumentiste, Laurent Cavali\u00e9 glane \u00e7\u00e0 et l\u00e0 ses inspirations sur les terres du Languedoc. Faussement rustiques et savamment m\u00e9tiss\u00e9es, ses chansons croisent avec malice les musiques populaires du monde, nous rappelant que la langue est rythme autant que po\u00e9sie.<\/p>\n","protected":false},"excerpt":{"rendered":"<p>Del fons del c\u00f2r escampi ma lenga de c\u00e8rca-pa\u00eds, del fons del c\u00f2r l&#8217;escampi al morre del monde sens morre, los manja-monedas que menan lo monde. Del fons del c\u00f2r escampi ma lenga de r\u00e8ire-pa\u00eds, del fons del c\u00f2r l&#8217;escampi al morre del monde sens \u00e8ime que se ritz de la lenga, que se ritz [&hellip;]<\/p>\n","protected":false},"featured_media":56883,"template":"","meta":{"_acf_changed":false,"_genesis_hide_title":false,"_genesis_hide_breadcrumbs":false,"_genesis_hide_singular_image":false,"_genesis_hide_footer_widgets":false,"_genesis_custom_body_class":"","_genesis_custom_post_class":"","_genesis_layout":""},"product_brand":[],"product_cat":[7133,7175,7181],"product_tag":[],"class_list":{"0":"post-56880","1":"product","2":"type-product","3":"status-publish","4":"has-post-thumbnail","6":"product_cat-libres-oc","7":"product_cat-literatura-oc","8":"product_cat-poesia-oc","9":"pa_auteur-cavalie-laurent-oc","10":"pa_editeur-la-lenteur-oc","11":"pa_langue-occitan-lengadocian-oc","12":"pa_langue-occitan-francais-oc","13":"entry","15":"first","16":"outofstock","17":"shipping-taxable","18":"purchasable","19":"product-type-simple"},"acf":[],"_links":{"self":[{"href":"https:\/\/www.libraria-occitana.org\/oc\/wp-json\/wp\/v2\/product\/56880","targetHints":{"allow":["GET"]}}],"collection":[{"href":"https:\/\/www.libraria-occitana.org\/oc\/wp-json\/wp\/v2\/product"}],"about":[{"href":"https:\/\/www.libraria-occitana.org\/oc\/wp-json\/wp\/v2\/types\/product"}],"wp:featuredmedia":[{"embeddable":true,"href":"https:\/\/www.libraria-occitana.org\/oc\/wp-json\/wp\/v2\/media\/56883"}],"wp:attachment":[{"href":"https:\/\/www.libraria-occitana.org\/oc\/wp-json\/wp\/v2\/media?parent=56880"}],"wp:term":[{"taxonomy":"product_brand","embeddable":true,"href":"https:\/\/www.libraria-occitana.org\/oc\/wp-json\/wp\/v2\/product_brand?post=56880"},{"taxonomy":"product_cat","embeddable":true,"href":"https:\/\/www.libraria-occitana.org\/oc\/wp-json\/wp\/v2\/product_cat?post=56880"},{"taxonomy":"product_tag","embeddable":true,"href":"https:\/\/www.libraria-occitana.org\/oc\/wp-json\/wp\/v2\/product_tag?post=56880"}],"curies":[{"name":"wp","href":"https:\/\/api.w.org\/{rel}","templated":true}]}}