{"id":56892,"date":"2021-12-25T10:28:46","date_gmt":"2021-12-25T09:28:46","guid":{"rendered":"http:\/\/www.libraria-occitana.org\/?post_type=product&#038;p=56892"},"modified":"2026-04-25T21:36:36","modified_gmt":"2026-04-25T19:36:36","slug":"1984","status":"publish","type":"product","link":"https:\/\/www.libraria-occitana.org\/oc\/produch\/1984\/","title":{"rendered":"1984"},"content":{"rendered":"<p>Traduccion en occitan gascon (Felip Biu) de l\u2019\u00f2bra originau anglesa de George Orwell, <em>Nineteen Eighty-Four<\/em>, pareguda en 1949.<\/p>\n<p>Dens <em>1984<\/em>, roman d\u2019anticipacion vadut fam\u00f3s, George Orwell qu\u2019imagina un poder qui conta-r\u00f2tla tots los actes de la vita vitanta mes tanben totas las pensadas de cada persona. De vertat, en regimi totalitari, nada libetat de pensada ne deu estar possibla ni tanp\u00f2c saunejada.<br \/>\nA maugrat de Big Brother, l\u2019amor de Winston e Julia, vadut d\u2019ua comuna set de libertat, e poder\u00e0 suberv\u00edver e escapar a la Pol\u00edcia de la Pensada ?<\/p>\n<p><em>1984<\/em>, un roman qui pausa las questions tostemps actuaus de la libertat e deus poders de la lenga.<\/p>\n","protected":false},"excerpt":{"rendered":"<p>Traduccion en occitan gascon (Felip Biu) de l\u2019\u00f2bra originau anglesa de George Orwell, Nineteen Eighty-Four, pareguda en 1949. Dens 1984, roman d\u2019anticipacion vadut fam\u00f3s, George Orwell qu\u2019imagina un poder qui conta-r\u00f2tla tots los actes de la vita vitanta mes tanben totas las pensadas de cada persona. De vertat, en regimi totalitari, nada libetat de pensada [&hellip;]<\/p>\n","protected":false},"featured_media":56895,"template":"","meta":{"_acf_changed":false,"_genesis_hide_title":false,"_genesis_hide_breadcrumbs":false,"_genesis_hide_singular_image":false,"_genesis_hide_footer_widgets":false,"_genesis_custom_body_class":"","_genesis_custom_post_class":"","_genesis_layout":""},"product_brand":[],"product_cat":[7133,7175,7183],"product_tag":[],"class_list":{"0":"post-56892","1":"product","2":"type-product","3":"status-publish","4":"has-post-thumbnail","6":"product_cat-libres-oc","7":"product_cat-literatura-oc","8":"product_cat-romans-novelas-oc","9":"pa_auteur-orwell-georges-oc","10":"pa_editeur-letras-doc-oc","11":"pa_illustrateur-biu-felip-1-oc","12":"pa_langue-occitan-oc","13":"pa_langue-occitan-gascon-oc","14":"entry","16":"first","17":"instock","18":"shipping-taxable","19":"purchasable","20":"product-type-simple"},"acf":[],"_links":{"self":[{"href":"https:\/\/www.libraria-occitana.org\/oc\/wp-json\/wp\/v2\/product\/56892","targetHints":{"allow":["GET"]}}],"collection":[{"href":"https:\/\/www.libraria-occitana.org\/oc\/wp-json\/wp\/v2\/product"}],"about":[{"href":"https:\/\/www.libraria-occitana.org\/oc\/wp-json\/wp\/v2\/types\/product"}],"wp:featuredmedia":[{"embeddable":true,"href":"https:\/\/www.libraria-occitana.org\/oc\/wp-json\/wp\/v2\/media\/56895"}],"wp:attachment":[{"href":"https:\/\/www.libraria-occitana.org\/oc\/wp-json\/wp\/v2\/media?parent=56892"}],"wp:term":[{"taxonomy":"product_brand","embeddable":true,"href":"https:\/\/www.libraria-occitana.org\/oc\/wp-json\/wp\/v2\/product_brand?post=56892"},{"taxonomy":"product_cat","embeddable":true,"href":"https:\/\/www.libraria-occitana.org\/oc\/wp-json\/wp\/v2\/product_cat?post=56892"},{"taxonomy":"product_tag","embeddable":true,"href":"https:\/\/www.libraria-occitana.org\/oc\/wp-json\/wp\/v2\/product_tag?post=56892"}],"curies":[{"name":"wp","href":"https:\/\/api.w.org\/{rel}","templated":true}]}}