{"id":56955,"date":"2022-10-25T13:57:12","date_gmt":"2022-10-25T11:57:12","guid":{"rendered":"http:\/\/www.libraria-occitana.org\/?post_type=product&#038;p=56955"},"modified":"2026-04-29T10:44:26","modified_gmt":"2026-04-29T08:44:26","slug":"lo-papagai-president","status":"publish","type":"product","link":"https:\/\/www.libraria-occitana.org\/oc\/produch\/lo-papagai-president\/","title":{"rendered":"Lo Papagai president"},"content":{"rendered":"<p>Primi\u00e8r roman de Tederic Quatre, escrich en gascon de Nerac.<\/p>\n<p>Lo Kevin e lo Jaufre, los dus conselh\u00e8rs \u00ab comunicacion \u00bb deu president de la Republica Manuel Cercac\u00ed, qu\u2019esperan a la p\u00f2rta deu bureu de l\u2019Elis\u00e8u. Puish un tarabast, ua rambalhassa, un crit indeterminat, un brut eishord e en seguir\u2026 lo silenci. Dens lo bur\u00e8u presidenciau : pas degun ! O m\u00e8il\u00e8u pas nat este uman ! Pr\u2019amor, ajocat sus l\u2019esplena deu cadi\u00e8rau deu capdau \u2013 lo Manual Cercac\u00ed \u2013, au som donc deu tr\u00f2ne de la Republica, un aus\u00e8th pintrat que\u2019us gaitava deu son uelh arrond\u2026 un papagai. Qu\u2019es aqu\u00e8th papagai ? On n\u2019es passat lo president ? E la reeleccion que se prepara !<\/p>\n","protected":false},"excerpt":{"rendered":"<p>Primi\u00e8r roman de Tederic Quatre, escrich en gascon de Nerac. Lo Kevin e lo Jaufre, los dus conselh\u00e8rs \u00ab comunicacion \u00bb deu president de la Republica Manuel Cercac\u00ed, qu\u2019esperan a la p\u00f2rta deu bureu de l\u2019Elis\u00e8u. Puish un tarabast, ua rambalhassa, un crit indeterminat, un brut eishord e en seguir\u2026 lo silenci. Dens lo bur\u00e8u [&hellip;]<\/p>\n","protected":false},"featured_media":56948,"template":"","meta":{"_acf_changed":false,"_genesis_hide_title":false,"_genesis_hide_breadcrumbs":false,"_genesis_hide_singular_image":false,"_genesis_hide_footer_widgets":false,"_genesis_custom_body_class":"","_genesis_custom_post_class":"","_genesis_layout":""},"product_brand":[],"product_cat":[7133,7175,7183],"product_tag":[],"class_list":{"0":"post-56955","1":"product","2":"type-product","3":"status-publish","4":"has-post-thumbnail","6":"product_cat-libres-oc","7":"product_cat-literatura-oc","8":"product_cat-romans-novelas-oc","9":"pa_auteur-quatre-tederic-oc","10":"pa_editeur-ieo-fr-oc","11":"pa_langue-occitan-oc","12":"pa_langue-occitan-gascon-oc","13":"entry","15":"first","16":"instock","17":"shipping-taxable","18":"purchasable","19":"product-type-simple"},"acf":[],"_links":{"self":[{"href":"https:\/\/www.libraria-occitana.org\/oc\/wp-json\/wp\/v2\/product\/56955","targetHints":{"allow":["GET"]}}],"collection":[{"href":"https:\/\/www.libraria-occitana.org\/oc\/wp-json\/wp\/v2\/product"}],"about":[{"href":"https:\/\/www.libraria-occitana.org\/oc\/wp-json\/wp\/v2\/types\/product"}],"wp:featuredmedia":[{"embeddable":true,"href":"https:\/\/www.libraria-occitana.org\/oc\/wp-json\/wp\/v2\/media\/56948"}],"wp:attachment":[{"href":"https:\/\/www.libraria-occitana.org\/oc\/wp-json\/wp\/v2\/media?parent=56955"}],"wp:term":[{"taxonomy":"product_brand","embeddable":true,"href":"https:\/\/www.libraria-occitana.org\/oc\/wp-json\/wp\/v2\/product_brand?post=56955"},{"taxonomy":"product_cat","embeddable":true,"href":"https:\/\/www.libraria-occitana.org\/oc\/wp-json\/wp\/v2\/product_cat?post=56955"},{"taxonomy":"product_tag","embeddable":true,"href":"https:\/\/www.libraria-occitana.org\/oc\/wp-json\/wp\/v2\/product_tag?post=56955"}],"curies":[{"name":"wp","href":"https:\/\/api.w.org\/{rel}","templated":true}]}}