{"id":56958,"date":"2022-10-25T14:23:08","date_gmt":"2022-10-25T12:23:08","guid":{"rendered":"http:\/\/www.libraria-occitana.org\/?post_type=product&#038;p=56958"},"modified":"2026-04-12T22:16:15","modified_gmt":"2026-04-12T20:16:15","slug":"cronicas-del-diluvi","status":"publish","type":"product","link":"https:\/\/www.libraria-occitana.org\/oc\/produch\/cronicas-del-diluvi\/","title":{"rendered":"Cronicas del diluvi"},"content":{"rendered":"<p>Aquelas cronicas son 26 nov\u00e8las sul baujum ordinari. Un mond de winners pretenduts, e de losers, de mitologias e de miratges, de victimas de totas las viol\u00e9ncias, consentas e contentas de lor astrada, totes patetics a arpatejar sus fons d\u2019univ\u00e8rs que se desmarga e de c\u00f2ps, coma un miracle immeritat, de moments de gr\u00e0cia pura.<\/p>\n","protected":false},"excerpt":{"rendered":"<p>Aquelas cronicas son 26 nov\u00e8las sul baujum ordinari. Un mond de winners pretenduts, e de losers, de mitologias e de miratges, de victimas de totas las viol\u00e9ncias, consentas e contentas de lor astrada, totes patetics a arpatejar sus fons d\u2019univ\u00e8rs que se desmarga e de c\u00f2ps, coma un miracle immeritat, de moments de gr\u00e0cia pura.<\/p>\n","protected":false},"featured_media":56945,"template":"","meta":{"_acf_changed":false,"_genesis_hide_title":false,"_genesis_hide_breadcrumbs":false,"_genesis_hide_singular_image":false,"_genesis_hide_footer_widgets":false,"_genesis_custom_body_class":"","_genesis_custom_post_class":"","_genesis_layout":""},"product_brand":[],"product_cat":[7133,7175,7183],"product_tag":[],"class_list":{"0":"post-56958","1":"product","2":"type-product","3":"status-publish","4":"has-post-thumbnail","6":"product_cat-libres-oc","7":"product_cat-literatura-oc","8":"product_cat-romans-novelas-oc","9":"pa_auteur-vernet-florian-oc","10":"pa_editeur-ieo-fr-oc","11":"pa_langue-occitan-oc","12":"pa_langue-occitan-lengadocian-oc","13":"entry","15":"first","16":"instock","17":"shipping-taxable","18":"purchasable","19":"product-type-simple"},"acf":[],"_links":{"self":[{"href":"https:\/\/www.libraria-occitana.org\/oc\/wp-json\/wp\/v2\/product\/56958","targetHints":{"allow":["GET"]}}],"collection":[{"href":"https:\/\/www.libraria-occitana.org\/oc\/wp-json\/wp\/v2\/product"}],"about":[{"href":"https:\/\/www.libraria-occitana.org\/oc\/wp-json\/wp\/v2\/types\/product"}],"wp:featuredmedia":[{"embeddable":true,"href":"https:\/\/www.libraria-occitana.org\/oc\/wp-json\/wp\/v2\/media\/56945"}],"wp:attachment":[{"href":"https:\/\/www.libraria-occitana.org\/oc\/wp-json\/wp\/v2\/media?parent=56958"}],"wp:term":[{"taxonomy":"product_brand","embeddable":true,"href":"https:\/\/www.libraria-occitana.org\/oc\/wp-json\/wp\/v2\/product_brand?post=56958"},{"taxonomy":"product_cat","embeddable":true,"href":"https:\/\/www.libraria-occitana.org\/oc\/wp-json\/wp\/v2\/product_cat?post=56958"},{"taxonomy":"product_tag","embeddable":true,"href":"https:\/\/www.libraria-occitana.org\/oc\/wp-json\/wp\/v2\/product_tag?post=56958"}],"curies":[{"name":"wp","href":"https:\/\/api.w.org\/{rel}","templated":true}]}}