{"id":56961,"date":"2021-05-25T16:07:50","date_gmt":"2021-05-25T14:07:50","guid":{"rendered":"http:\/\/www.libraria-occitana.org\/?post_type=product&#038;p=56961"},"modified":"2026-04-15T21:21:56","modified_gmt":"2026-04-15T19:21:56","slug":"guide-secret-de-limoges","status":"publish","type":"product","link":"https:\/\/www.libraria-occitana.org\/oc\/produch\/guide-secret-de-limoges\/","title":{"rendered":"Guide secret de Limoges"},"content":{"rendered":"<p>Limoges, une ville de myst\u00e8res d\u00e9voil\u00e9s par un sp\u00e9cialiste de l&#8217;histoire locale&#8230;<br \/>\nDe la ville d&#8217;Auguste \u00e0 l&#8217;ap\u00f4tre providentiel (le forum, les thermes publics, le Limoges cach\u00e9&#8230;)<br \/>\nDes fastes m\u00e9di\u00e9vaux au bel ancien r\u00e9gime (les ostensions, la peste \u00e0 Limoges&#8230;)<br \/>\nUne ville de porcelaine et d&#8217;\u00e9l\u00e9gance (l&#8217;or blanc, l&#8217;incendie de 1864, le parc Victor Thuillat&#8230;)<br \/>\nUne ville de sociabilit\u00e9 (la franc-ma\u00e7onnerie, la ville rouge&#8230;)<br \/>\nAutant de th\u00e8mes qui donnent lieu \u00e0 la r\u00e9v\u00e9lation de secrets insoup\u00e7onn\u00e9s&#8230;<\/p>\n","protected":false},"excerpt":{"rendered":"<p>Limoges, une ville de myst\u00e8res d\u00e9voil\u00e9s par un sp\u00e9cialiste de l&#8217;histoire locale&#8230; De la ville d&#8217;Auguste \u00e0 l&#8217;ap\u00f4tre providentiel (le forum, les thermes publics, le Limoges cach\u00e9&#8230;) Des fastes m\u00e9di\u00e9vaux au bel ancien r\u00e9gime (les ostensions, la peste \u00e0 Limoges&#8230;) Une ville de porcelaine et d&#8217;\u00e9l\u00e9gance (l&#8217;or blanc, l&#8217;incendie de 1864, le parc Victor Thuillat&#8230;) [&hellip;]<\/p>\n","protected":false},"featured_media":56964,"template":"","meta":{"_acf_changed":false,"_genesis_hide_title":false,"_genesis_hide_breadcrumbs":false,"_genesis_hide_singular_image":false,"_genesis_hide_footer_widgets":false,"_genesis_custom_body_class":"","_genesis_custom_post_class":"","_genesis_layout":""},"product_brand":[],"product_cat":[7199,7133,7197],"product_tag":[],"class_list":{"0":"post-56961","1":"product","2":"type-product","3":"status-publish","4":"has-post-thumbnail","6":"product_cat-guides-torisme-viatge-oc","7":"product_cat-libres-oc","8":"product_cat-natura-torisme-oc","9":"pa_auteur-bourdelas-laurent-oc","10":"pa_editeur-ouest-france-oc","11":"pa_langue-francais-oc","12":"entry","14":"first","15":"instock","16":"shipping-taxable","17":"purchasable","18":"product-type-simple"},"acf":[],"_links":{"self":[{"href":"https:\/\/www.libraria-occitana.org\/oc\/wp-json\/wp\/v2\/product\/56961","targetHints":{"allow":["GET"]}}],"collection":[{"href":"https:\/\/www.libraria-occitana.org\/oc\/wp-json\/wp\/v2\/product"}],"about":[{"href":"https:\/\/www.libraria-occitana.org\/oc\/wp-json\/wp\/v2\/types\/product"}],"wp:featuredmedia":[{"embeddable":true,"href":"https:\/\/www.libraria-occitana.org\/oc\/wp-json\/wp\/v2\/media\/56964"}],"wp:attachment":[{"href":"https:\/\/www.libraria-occitana.org\/oc\/wp-json\/wp\/v2\/media?parent=56961"}],"wp:term":[{"taxonomy":"product_brand","embeddable":true,"href":"https:\/\/www.libraria-occitana.org\/oc\/wp-json\/wp\/v2\/product_brand?post=56961"},{"taxonomy":"product_cat","embeddable":true,"href":"https:\/\/www.libraria-occitana.org\/oc\/wp-json\/wp\/v2\/product_cat?post=56961"},{"taxonomy":"product_tag","embeddable":true,"href":"https:\/\/www.libraria-occitana.org\/oc\/wp-json\/wp\/v2\/product_tag?post=56961"}],"curies":[{"name":"wp","href":"https:\/\/api.w.org\/{rel}","templated":true}]}}