{"id":56974,"date":"2022-01-25T17:08:48","date_gmt":"2022-01-25T16:08:48","guid":{"rendered":"http:\/\/www.libraria-occitana.org\/?post_type=product&#038;p=56974"},"modified":"2026-04-18T07:11:52","modified_gmt":"2026-04-18T05:11:52","slug":"666-e-avisa-te-que-soi-pas-nostradamus","status":"publish","type":"product","link":"https:\/\/www.libraria-occitana.org\/oc\/produch\/666-e-avisa-te-que-soi-pas-nostradamus\/","title":{"rendered":"666 : E avisa-te que soi pas Nostradamus"},"content":{"rendered":"<p>\u2026 Dins lo fichi\u00e8r informatic n\u00b03 de la Clau2 que i agu\u00e8ri donc acc\u00e8s sonque en Julhet de 2026, titolat <em>666<\/em> e sostitolat <em>E avisa-te que soi pas Nostradamus<\/em>, acompanhat a guisa de comentari per un tr\u00f2\u00e7 de l\u2019Apocalipsi de Joan de Patmos (<em>Aqueste qu\u2019a d\u2019intellig\u00e9ncia, qu\u2019interpr\u00e8te la chifra de la b\u00e8stia, es lo moment d\u2019aver de discerniment, car es una chifra d\u2019\u00f2me e sa chifra es 666.<\/em> 13.18), Martin porgissi\u00e1 d\u2019explicas detalhadas, a c\u00f2ps datadas, e tanben de ti\u00e8ras en f\u00f2rma de bilan\u00e7 tragic de totas las catastr\u00f2fas que nos esperavan, sus la planeta, dins las annadas venidoiras, principalament a partir de 2036.<\/p>\n<p>Coma se i agu\u00e8sse personalament assistit, coma se s\u2019\u00e8ran ja produchas !<\/p>\n","protected":false},"excerpt":{"rendered":"<p>\u2026 Dins lo fichi\u00e8r informatic n\u00b03 de la Clau2 que i agu\u00e8ri donc acc\u00e8s sonque en Julhet de 2026, titolat 666 e sostitolat E avisa-te que soi pas Nostradamus, acompanhat a guisa de comentari per un tr\u00f2\u00e7 de l\u2019Apocalipsi de Joan de Patmos (Aqueste qu\u2019a d\u2019intellig\u00e9ncia, qu\u2019interpr\u00e8te la chifra de la b\u00e8stia, es lo moment [&hellip;]<\/p>\n","protected":false},"featured_media":56977,"template":"","meta":{"_acf_changed":false,"_genesis_hide_title":false,"_genesis_hide_breadcrumbs":false,"_genesis_hide_singular_image":false,"_genesis_hide_footer_widgets":false,"_genesis_custom_body_class":"","_genesis_custom_post_class":"","_genesis_layout":""},"product_brand":[],"product_cat":[7133,7175,7183],"product_tag":[],"class_list":{"0":"post-56974","1":"product","2":"type-product","3":"status-publish","4":"has-post-thumbnail","6":"product_cat-libres-oc","7":"product_cat-literatura-oc","8":"product_cat-romans-novelas-oc","9":"pa_auteur-vernet-florian-oc","10":"pa_editeur-e-rau-edicions-oc","11":"pa_langue-occitan-oc","12":"pa_langue-occitan-lengadocian-oc","13":"entry","15":"first","16":"outofstock","17":"shipping-taxable","18":"purchasable","19":"product-type-simple"},"acf":[],"_links":{"self":[{"href":"https:\/\/www.libraria-occitana.org\/oc\/wp-json\/wp\/v2\/product\/56974","targetHints":{"allow":["GET"]}}],"collection":[{"href":"https:\/\/www.libraria-occitana.org\/oc\/wp-json\/wp\/v2\/product"}],"about":[{"href":"https:\/\/www.libraria-occitana.org\/oc\/wp-json\/wp\/v2\/types\/product"}],"wp:featuredmedia":[{"embeddable":true,"href":"https:\/\/www.libraria-occitana.org\/oc\/wp-json\/wp\/v2\/media\/56977"}],"wp:attachment":[{"href":"https:\/\/www.libraria-occitana.org\/oc\/wp-json\/wp\/v2\/media?parent=56974"}],"wp:term":[{"taxonomy":"product_brand","embeddable":true,"href":"https:\/\/www.libraria-occitana.org\/oc\/wp-json\/wp\/v2\/product_brand?post=56974"},{"taxonomy":"product_cat","embeddable":true,"href":"https:\/\/www.libraria-occitana.org\/oc\/wp-json\/wp\/v2\/product_cat?post=56974"},{"taxonomy":"product_tag","embeddable":true,"href":"https:\/\/www.libraria-occitana.org\/oc\/wp-json\/wp\/v2\/product_tag?post=56974"}],"curies":[{"name":"wp","href":"https:\/\/api.w.org\/{rel}","templated":true}]}}