{"id":57041,"date":"2022-10-27T18:39:21","date_gmt":"2022-10-27T16:39:21","guid":{"rendered":"http:\/\/www.libraria-occitana.org\/?post_type=product&#038;p=57041"},"modified":"2026-04-29T04:01:51","modified_gmt":"2026-04-29T02:01:51","slug":"paraulas-de-novelum-n-177","status":"publish","type":"product","link":"https:\/\/www.libraria-occitana.org\/oc\/produch\/paraulas-de-novelum-n-177\/","title":{"rendered":"Paraulas de Novelum N\u00b0 177"},"content":{"rendered":"<p>Maria Chastanh, La charrau<br \/>\nJoan Rigosta, Toponimia : Joan (2)<br \/>\nMonica Borg\u00e8s Audivert, Metamorf\u00f2si<br \/>\nJoan-Micheu Bardou, Qu&#8217;avem legit per vautres<br \/>\nGilbert Borg\u00e8s, En classa (extrach de <a href=\"http:\/\/www.libraria-occitana.org\/produit\/dialogues-occitans-lemosin-libre-2-cd\/\"><em>Dial\u00f2gues occitans<\/em><\/a>)<br \/>\nMicheu Chapduelh, La bela endurmida<br \/>\nJan-Peire Reidi, Esperar (extrach de <a href=\"http:\/\/www.libraria-occitana.org\/produit\/per-lamor-cronicas-de-vita-e-de-linga-libre-cd\/\"><em>Per l&#8217;amor<\/em><\/a>)<br \/>\nJoan Crist\u00f2fe Dordet, La lebre<br \/>\nJoan Claudi Dugr\u00f2s, Ressons de legida : B. Lesfargas &#8211; Pour de vrai<br \/>\nBernat Lesfargas, Dins lo granier de <em>Paraulas<\/em> : Bofe lo vent<br \/>\nJoan Claudi Dugr\u00f2s, Ven de pareisser : K. Bernard &#8211; <a href=\"http:\/\/www.libraria-occitana.org\/produit\/le-chant-de-montfort-croisade-en-albigeois-lo-cant-de-montfort-crotzada-en-albiges-libre-cd\/\"><em>Lo cant de Montfort<\/em><\/a><br \/>\nPatrick Salini\u00e9, Simon<br \/>\nAgenda<\/p>\n","protected":false},"excerpt":{"rendered":"<p>Maria Chastanh, La charrau Joan Rigosta, Toponimia : Joan (2) Monica Borg\u00e8s Audivert, Metamorf\u00f2si Joan-Micheu Bardou, Qu&#8217;avem legit per vautres Gilbert Borg\u00e8s, En classa (extrach de Dial\u00f2gues occitans) Micheu Chapduelh, La bela endurmida Jan-Peire Reidi, Esperar (extrach de Per l&#8217;amor) Joan Crist\u00f2fe Dordet, La lebre Joan Claudi Dugr\u00f2s, Ressons de legida : B. Lesfargas &#8211; [&hellip;]<\/p>\n","protected":false},"featured_media":57036,"template":"","meta":{"_acf_changed":false,"_genesis_hide_title":false,"_genesis_hide_breadcrumbs":false,"_genesis_hide_singular_image":false,"_genesis_hide_footer_widgets":false,"_genesis_custom_body_class":"","_genesis_custom_post_class":"","_genesis_layout":""},"product_brand":[],"product_cat":[7149,7133,7175,7163,7181,7183],"product_tag":[],"class_list":{"0":"post-57041","1":"product","2":"type-product","3":"status-publish","4":"has-post-thumbnail","6":"product_cat-istoria-geografia-oc","7":"product_cat-libres-oc","8":"product_cat-literatura-oc","9":"product_cat-noms-de-luocs-noms-de-personas-oc","10":"product_cat-poesia-oc","11":"product_cat-romans-novelas-oc","12":"pa_auteur-collectiu-oc-2","13":"pa_editeur-ieo-perigord-novelum-oc","14":"pa_langue-occitan-oc","15":"pa_langue-occitan-lemosin-oc","16":"entry","18":"first","19":"instock","20":"shipping-taxable","21":"purchasable","22":"product-type-simple"},"acf":[],"_links":{"self":[{"href":"https:\/\/www.libraria-occitana.org\/oc\/wp-json\/wp\/v2\/product\/57041","targetHints":{"allow":["GET"]}}],"collection":[{"href":"https:\/\/www.libraria-occitana.org\/oc\/wp-json\/wp\/v2\/product"}],"about":[{"href":"https:\/\/www.libraria-occitana.org\/oc\/wp-json\/wp\/v2\/types\/product"}],"wp:featuredmedia":[{"embeddable":true,"href":"https:\/\/www.libraria-occitana.org\/oc\/wp-json\/wp\/v2\/media\/57036"}],"wp:attachment":[{"href":"https:\/\/www.libraria-occitana.org\/oc\/wp-json\/wp\/v2\/media?parent=57041"}],"wp:term":[{"taxonomy":"product_brand","embeddable":true,"href":"https:\/\/www.libraria-occitana.org\/oc\/wp-json\/wp\/v2\/product_brand?post=57041"},{"taxonomy":"product_cat","embeddable":true,"href":"https:\/\/www.libraria-occitana.org\/oc\/wp-json\/wp\/v2\/product_cat?post=57041"},{"taxonomy":"product_tag","embeddable":true,"href":"https:\/\/www.libraria-occitana.org\/oc\/wp-json\/wp\/v2\/product_tag?post=57041"}],"curies":[{"name":"wp","href":"https:\/\/api.w.org\/{rel}","templated":true}]}}