{"id":57100,"date":"2021-10-16T11:28:24","date_gmt":"2021-10-16T09:28:24","guid":{"rendered":"http:\/\/www.libraria-occitana.org\/?post_type=product&#038;p=57100"},"modified":"2026-04-25T07:51:39","modified_gmt":"2026-04-25T05:51:39","slug":"travaux-darcheologie-limousine-tome-41","status":"publish","type":"product","link":"https:\/\/www.libraria-occitana.org\/oc\/produch\/travaux-darcheologie-limousine-tome-41\/","title":{"rendered":"Travaux d&#8217;arch\u00e9ologie limousine Tome 41"},"content":{"rendered":"<p><strong>Pr\u00e9histoire et protohistoire<\/strong><\/p>\n<ul>\n<li>Pierre-Yves Demars, La Pr\u00e9histoire du Limousin : autour des recherches de Roger Cr\u00e9dot<\/li>\n<li>Claude Mouret, Exemple de m\u00e9galithisme pr\u00e8s de la cr\u00eate d&#8217;interfluve Loire-Dordogne (c. de La Croisille-sur-Briance, Meilhards et La Porcherie)<\/li>\n<\/ul>\n<p>&nbsp;<\/p>\n<p><strong>Antiquit\u00e9<\/strong><\/p>\n<ul>\n<li>Jean-Pierre Loustaud, Les mosa\u00efques de la \u00ab Maison \u00e0 l&#8217;<em>emblema<\/em> au lion \u00bb \u00e0 <em>Augustoritum<\/em>\/Limoges (<em>insula<\/em> VI-5)<\/li>\n<li>Jean-Pierre Bost, Notes d&#8217;\u00e9pigraphie creusoise<\/li>\n<li>Florian Baret, D\u00e9couvertes et red\u00e9couvertes d&#8217;estampilles sur terre cuite architecturale \u00e0 Bridiers (c. de La Souterraine, Creuse)<\/li>\n<\/ul>\n<p>&nbsp;<\/p>\n<p><strong>Moyen \u00c2ge<\/strong><\/p>\n<ul>\n<li>Maxime Larratte et Jean-Marc Popineau, Arch\u00e9og\u00e9ographie de l&#8217;espace vivrier de l&#8217;abbaye de Grandmont (c. de Saint-Sylvestre et d&#8217;Ambazac, Haute-Vienne) : les apports de la g\u00e9omatique<\/li>\n<li>Julien Ollivier <em>et al.<\/em>, Les fouilles de l&#8217;il\u00f4t Mass\u00e9nat \u00e0 Brive-la-Gaillarde : du site antique \u00e0 la ville actuelle<\/li>\n<li>Georges M\u00e9riguet, Marques lapidaires sur granite (XIIe-XIIIe si\u00e8cles)<\/li>\n<li>Ren\u00e9-Marc Brun, L&#8217;histoire des seigneurs de Rancon (Haute-Vienne) : une contribution des sources \u00e9crites \u00e0 la recherche arch\u00e9ologique<\/li>\n<\/ul>\n<p>&nbsp;<\/p>\n<p><strong>\u00c9poque moderne<\/strong><\/p>\n<ul>\n<li>Claude Cardo, Les jacquemarts oubli\u00e9s de Limoges<\/li>\n<\/ul>\n","protected":false},"excerpt":{"rendered":"<p>Pr\u00e9histoire et protohistoire Pierre-Yves Demars, La Pr\u00e9histoire du Limousin : autour des recherches de Roger Cr\u00e9dot Claude Mouret, Exemple de m\u00e9galithisme pr\u00e8s de la cr\u00eate d&#8217;interfluve Loire-Dordogne (c. de La Croisille-sur-Briance, Meilhards et La Porcherie) &nbsp; Antiquit\u00e9 Jean-Pierre Loustaud, Les mosa\u00efques de la \u00ab Maison \u00e0 l&#8217;emblema au lion \u00bb \u00e0 Augustoritum\/Limoges (insula VI-5) Jean-Pierre [&hellip;]<\/p>\n","protected":false},"featured_media":57103,"template":"","meta":{"_acf_changed":false,"_genesis_hide_title":false,"_genesis_hide_breadcrumbs":false,"_genesis_hide_singular_image":false,"_genesis_hide_footer_widgets":false,"_genesis_custom_body_class":"","_genesis_custom_post_class":"","_genesis_layout":""},"product_brand":[],"product_cat":[7155,7161,7159,7149,7133],"product_tag":[],"class_list":{"0":"post-57100","1":"product","2":"type-product","3":"status-publish","4":"has-post-thumbnail","6":"product_cat-istoria-antica-oc","7":"product_cat-istoria-medievala-oc","8":"product_cat-istoria-moderna-e-contemporala-oc","9":"product_cat-istoria-geografia-oc","10":"product_cat-libres-oc","11":"pa_auteur-collectiu-oc-2","12":"pa_editeur-archeologie-en-limousin-oc","13":"pa_langue-francais-oc","14":"entry","16":"first","17":"instock","18":"shipping-taxable","19":"purchasable","20":"product-type-simple"},"acf":[],"_links":{"self":[{"href":"https:\/\/www.libraria-occitana.org\/oc\/wp-json\/wp\/v2\/product\/57100","targetHints":{"allow":["GET"]}}],"collection":[{"href":"https:\/\/www.libraria-occitana.org\/oc\/wp-json\/wp\/v2\/product"}],"about":[{"href":"https:\/\/www.libraria-occitana.org\/oc\/wp-json\/wp\/v2\/types\/product"}],"wp:featuredmedia":[{"embeddable":true,"href":"https:\/\/www.libraria-occitana.org\/oc\/wp-json\/wp\/v2\/media\/57103"}],"wp:attachment":[{"href":"https:\/\/www.libraria-occitana.org\/oc\/wp-json\/wp\/v2\/media?parent=57100"}],"wp:term":[{"taxonomy":"product_brand","embeddable":true,"href":"https:\/\/www.libraria-occitana.org\/oc\/wp-json\/wp\/v2\/product_brand?post=57100"},{"taxonomy":"product_cat","embeddable":true,"href":"https:\/\/www.libraria-occitana.org\/oc\/wp-json\/wp\/v2\/product_cat?post=57100"},{"taxonomy":"product_tag","embeddable":true,"href":"https:\/\/www.libraria-occitana.org\/oc\/wp-json\/wp\/v2\/product_tag?post=57100"}],"curies":[{"name":"wp","href":"https:\/\/api.w.org\/{rel}","templated":true}]}}