{"id":57298,"date":"2022-12-07T16:45:21","date_gmt":"2022-12-07T15:45:21","guid":{"rendered":"http:\/\/www.libraria-occitana.org\/?post_type=product&#038;p=57298"},"modified":"2026-04-08T21:01:17","modified_gmt":"2026-04-08T19:01:17","slug":"la-quista-deus-omis-petits-libre-cd","status":"publish","type":"product","link":"https:\/\/www.libraria-occitana.org\/oc\/produch\/la-quista-deus-omis-petits-libre-cd\/","title":{"rendered":"La quista deus \u00d2mis Petits (libre + CD)"},"content":{"rendered":"<p><em>La quista deus \u00d2mis Petits<\/em>, escriut e ber\u00f2i illustrat per Ter\u00e8sa Pambrun, qu\u2019ei la seguida de <a href=\"http:\/\/www.libraria-occitana.org\/produit\/los-omis-petits-libre-cd\/\"><em>Los \u00d2mis petits<\/em><\/a>, qui a tant agradat aus mainants.<\/p>\n<p>Adara, que poderatz seguir las loas nav\u00e8ras aventuras : hardits cap e tot que van a la descub\u00e8rta de mondes desconeguts.<\/p>\n<p>Qui sap \u00e7\u00f2 qu\u2019i van poder encontrar e quin e s\u2019i van esc\u00e0der t\u00e0\u2019s tirar deu mauparat ?<\/p>\n<p>Obratge en quadricromia, arreligat.<\/p>\n","protected":false},"excerpt":{"rendered":"<p>La quista deus \u00d2mis Petits, escriut e ber\u00f2i illustrat per Ter\u00e8sa Pambrun, qu\u2019ei la seguida de Los \u00d2mis petits, qui a tant agradat aus mainants. Adara, que poderatz seguir las loas nav\u00e8ras aventuras : hardits cap e tot que van a la descub\u00e8rta de mondes desconeguts. Qui sap \u00e7\u00f2 qu\u2019i van poder encontrar e quin [&hellip;]<\/p>\n","protected":false},"featured_media":57293,"template":"","meta":{"_acf_changed":false,"_genesis_hide_title":false,"_genesis_hide_breadcrumbs":false,"_genesis_hide_singular_image":false,"_genesis_hide_footer_widgets":false,"_genesis_custom_body_class":"","_genesis_custom_post_class":"","_genesis_layout":""},"product_brand":[],"product_cat":[7171,7165,7133],"product_tag":[],"class_list":{"0":"post-57298","1":"product","2":"type-product","3":"status-publish","4":"has-post-thumbnail","6":"product_cat-drolles-oc","7":"product_cat-jounessa-bd-umor","8":"product_cat-libres-oc","9":"pa_auteur-pambrun-teresa-oc","10":"pa_editeur-letras-doc-oc","11":"pa_langue-occitan-oc","12":"pa_langue-occitan-gascon-oc","13":"entry","15":"first","16":"instock","17":"shipping-taxable","18":"purchasable","19":"product-type-simple"},"acf":[],"_links":{"self":[{"href":"https:\/\/www.libraria-occitana.org\/oc\/wp-json\/wp\/v2\/product\/57298","targetHints":{"allow":["GET"]}}],"collection":[{"href":"https:\/\/www.libraria-occitana.org\/oc\/wp-json\/wp\/v2\/product"}],"about":[{"href":"https:\/\/www.libraria-occitana.org\/oc\/wp-json\/wp\/v2\/types\/product"}],"wp:featuredmedia":[{"embeddable":true,"href":"https:\/\/www.libraria-occitana.org\/oc\/wp-json\/wp\/v2\/media\/57293"}],"wp:attachment":[{"href":"https:\/\/www.libraria-occitana.org\/oc\/wp-json\/wp\/v2\/media?parent=57298"}],"wp:term":[{"taxonomy":"product_brand","embeddable":true,"href":"https:\/\/www.libraria-occitana.org\/oc\/wp-json\/wp\/v2\/product_brand?post=57298"},{"taxonomy":"product_cat","embeddable":true,"href":"https:\/\/www.libraria-occitana.org\/oc\/wp-json\/wp\/v2\/product_cat?post=57298"},{"taxonomy":"product_tag","embeddable":true,"href":"https:\/\/www.libraria-occitana.org\/oc\/wp-json\/wp\/v2\/product_tag?post=57298"}],"curies":[{"name":"wp","href":"https:\/\/api.w.org\/{rel}","templated":true}]}}