{"id":57302,"date":"2022-12-07T16:56:28","date_gmt":"2022-12-07T15:56:28","guid":{"rendered":"http:\/\/www.libraria-occitana.org\/?post_type=product&#038;p=57302"},"modified":"2026-04-29T06:41:15","modified_gmt":"2026-04-29T04:41:15","slug":"la-murena-atendra-la-murene-attendra","status":"publish","type":"product","link":"https:\/\/www.libraria-occitana.org\/oc\/produch\/la-murena-atendra-la-murene-attendra\/","title":{"rendered":"La murena atendr\u00e0 &#8211; La mur\u00e8ne attendra"},"content":{"rendered":"<blockquote><p>Lo monstre ven d\u2019intrar. Es aqu\u00ed. Se pren lo temps. E nosautres, s\u00e8m venguts b\u00e8ls, f\u00f2r\u00e7a, f\u00f2r\u00e7a b\u00e8ls per l\u2019impressionar e li ficar barralhas. S\u00e8m tornats a l\u2019estat primi\u00e8r del Nosautres, l\u2019arma absoluda per l\u2019anientar, la cortina d\u2019arbres per lo p\u00e8rdre pel camin, la c\u00f2rda de subrevida per t\u2019estraire de sos arpions. La lutz, la do\u00e7or, la mem\u00f2ria essenciala contra tas terrors, e pasmens\u2026<\/p><\/blockquote>\n<p>Darr\u00e8r roman de Dani\u00e8la Est\u00e8be-Hoursiangou qui presenta un coble amor\u00f3s separat per la malautia d'Alzheimer. Enter ficcion e realitat, un relate h\u00f2rt d'amor e de pudor.<\/p>\n","protected":false},"excerpt":{"rendered":"<p>Lo monstre ven d\u2019intrar. Es aqu\u00ed. Se pren lo temps. E nosautres, s\u00e8m venguts b\u00e8ls, f\u00f2r\u00e7a, f\u00f2r\u00e7a b\u00e8ls per l\u2019impressionar e li ficar barralhas. S\u00e8m tornats a l\u2019estat primi\u00e8r del Nosautres, l\u2019arma absoluda per l\u2019anientar, la cortina d\u2019arbres per lo p\u00e8rdre pel camin, la c\u00f2rda de subrevida per t\u2019estraire de sos arpions. La lutz, la [&hellip;]<\/p>\n","protected":false},"featured_media":57236,"template":"","meta":{"_acf_changed":false,"_genesis_hide_title":false,"_genesis_hide_breadcrumbs":false,"_genesis_hide_singular_image":false,"_genesis_hide_footer_widgets":false,"_genesis_custom_body_class":"","_genesis_custom_post_class":"","_genesis_layout":""},"product_brand":[],"product_cat":[7133,7175,7183],"product_tag":[],"class_list":{"0":"post-57302","1":"product","2":"type-product","3":"status-publish","4":"has-post-thumbnail","6":"product_cat-libres-oc","7":"product_cat-literatura-oc","8":"product_cat-romans-novelas-oc","9":"pa_auteur-estebe-hoursiangou-daniele-oc","10":"pa_editeur-reclams-oc","11":"pa_langue-occitan-lengadocian-oc","12":"pa_langue-occitan-francais-oc","13":"entry","15":"first","16":"instock","17":"shipping-taxable","18":"purchasable","19":"product-type-simple"},"acf":[],"_links":{"self":[{"href":"https:\/\/www.libraria-occitana.org\/oc\/wp-json\/wp\/v2\/product\/57302","targetHints":{"allow":["GET"]}}],"collection":[{"href":"https:\/\/www.libraria-occitana.org\/oc\/wp-json\/wp\/v2\/product"}],"about":[{"href":"https:\/\/www.libraria-occitana.org\/oc\/wp-json\/wp\/v2\/types\/product"}],"wp:featuredmedia":[{"embeddable":true,"href":"https:\/\/www.libraria-occitana.org\/oc\/wp-json\/wp\/v2\/media\/57236"}],"wp:attachment":[{"href":"https:\/\/www.libraria-occitana.org\/oc\/wp-json\/wp\/v2\/media?parent=57302"}],"wp:term":[{"taxonomy":"product_brand","embeddable":true,"href":"https:\/\/www.libraria-occitana.org\/oc\/wp-json\/wp\/v2\/product_brand?post=57302"},{"taxonomy":"product_cat","embeddable":true,"href":"https:\/\/www.libraria-occitana.org\/oc\/wp-json\/wp\/v2\/product_cat?post=57302"},{"taxonomy":"product_tag","embeddable":true,"href":"https:\/\/www.libraria-occitana.org\/oc\/wp-json\/wp\/v2\/product_tag?post=57302"}],"curies":[{"name":"wp","href":"https:\/\/api.w.org\/{rel}","templated":true}]}}