{"id":57326,"date":"2022-04-08T18:00:37","date_gmt":"2022-04-08T16:00:37","guid":{"rendered":"http:\/\/www.libraria-occitana.org\/?post_type=product&#038;p=57326"},"modified":"2026-04-29T01:56:27","modified_gmt":"2026-04-28T23:56:27","slug":"cantar-dels-trobadors-art-dels-trobadors-art-des-troubadours-art-of-troubadours-kunst-der-troubadours-libre-cd","status":"publish","type":"product","link":"https:\/\/www.libraria-occitana.org\/oc\/produch\/cantar-dels-trobadors-art-dels-trobadors-art-des-troubadours-art-of-troubadours-kunst-der-troubadours-libre-cd\/","title":{"rendered":"Cantar dels trobadors : Art dels trobadors &#8211; Art des troubadours (libre + CD)"},"content":{"rendered":"<p>Chansons des troubadours en occitan m\u00e9di\u00e9val, traduites en fran\u00e7ais et recr\u00e9\u00e9es au plus juste d&#8217;une interpr\u00e9tation vive et color\u00e9e par Troubadours art ensemble sous la direction de G\u00e9rard Zuchetto.<\/p>\n<p>\u00ab Interpr\u00e9ter les troubadours pose \u00e0 tout chanteur d&#8217;aujourd&#8217;hui les incontournables questions de re-cr\u00e9ation et de cr\u00e9ation : Chanter ? R\u00e9citer ? Dire ? Jouer ? Improviser ? Avec ou sans instruments ? Quels instruments jouer et comment ?&#8230; sont parmi les interrogations pressantes qui interpellent les passionn\u00e9s du r\u00e9pertoire du <em>Trobar<\/em>. \u00c0 ces questions s&#8217;ajoutent, en dehors du parti-pris artistique, celles de la fiabilit\u00e9 des sources manuscrites et d&#8217;une \u201cauthenticit\u00e9\u201d qui reste \u00e0 inventer.<\/p>\n<p>De 1071 \u00e0 1292, durant deux si\u00e8cles, chaque g\u00e9n\u00e9ration a d\u00e9fendu le principe de \u201ctrouver\u201d et d&#8217;\u0153uvrer des chansons nouvelles avec des m\u00e9lodies nouvelles, c&#8217;est \u00e0 dire originales, et mis en avant la technique de chanter, \u00e9crire, inventer : maestria et nouveaut\u00e9 du <em>trobar<\/em>. Les po\u00e8tes ont affirm\u00e9 des courants d&#8217;id\u00e9e et des choix esth\u00e9tiques. <em>Trobar e chantar<\/em> sont les ma\u00eetres-mots qui devraient d\u00e9finir pour nous l&#8217;art et la mani\u00e8re d&#8217;interpr\u00e9ter les \u0153uvres. Cet \u00e9lan de fra\u00eecheur, contenu dans chaque acte d&#8217;\u00e9crire, devrait \u00e9veiller chez nous curiosit\u00e9 et sensibilit\u00e9. Nous ne pouvons rester impassibles devant ces grands chants qui nous interpellent dans chaque vers. Les interpr\u00e9ter avec la \u201cvoix blanche\u201d de celui qui ne s&#8217;impliquerait pas dans le texte nous para\u00eet \u00eatre un non-sens. Le discret Bernart de Ventadorn recommandait \u00e0 son jongleur Huguet : <em>Mos cortes messatges, chantatz ma chanso volontiers !<\/em> \u201cMon courtois messager, chantez ma chanson volontiers !\u201d C&#8217;est \u00e0 dire : ais\u00e9ment, avec plaisir, de bon c\u0153ur, volontairement, comme il vous pla\u00eet ! Le sens de cette demande de Bernart ne peut nous \u00e9chapper. C&#8217;est le caract\u00e8re volontaire et d\u00e9termin\u00e9 d&#8217;une interpr\u00e9tation s&#8217;appuyant sur le sens du texte, et sur son contexte, qui devrait primer, avec la sonorit\u00e9 des mots, la souplesse de l&#8217;expression et la construction m\u00e9lodique.<br \/>\nAllons \u00e0 la source ! Pour reprendre l&#8217;image de Giraut de Bornelh qui pouvait \u201ccomposer\u201d (aussi !) pour les porteuses d&#8217;eau. Se d\u00e9salt\u00e9rer et se rafra\u00eechir, jouir et se d\u00e9lecter des mots et des sons, nous semble finalement la meilleure des fa\u00e7ons de chanter le r\u00e9pertoire des troubadours. \u00bb<\/p>\n<p style=\"text-align: right;\">Gerard Zuchetto<\/p>\n<p>Jaufre Rudel &#8211; Marcabru &#8211; Bernart de Ventadorn &#8211; Peire Raimon de Tolosa &#8211; Cerveri de Girona &#8211; Raimon de Miraval &#8211; Giraut de Bornelh &#8211; Uc de Sant Circ &#8211; Pons Fabres d&#8217;Uzes<\/p>\n<p>Textes et traductions : J\u00f6rn Gruber, Gerard Zuchetto<\/p>\n<p>Chant : Gerard Zuchetto, Sandra Hurtado R\u00f2s<\/p>\n<p>Musiciens : Guy Robert, Dominique Regef, Domitille Vigneron, Patrice Brient, Jacques Khoudir<\/p>\n","protected":false},"excerpt":{"rendered":"<p>Chansons des troubadours en occitan m\u00e9di\u00e9val, traduites en fran\u00e7ais et recr\u00e9\u00e9es au plus juste d&#8217;une interpr\u00e9tation vive et color\u00e9e par Troubadours art ensemble sous la direction de G\u00e9rard Zuchetto. \u00ab Interpr\u00e9ter les troubadours pose \u00e0 tout chanteur d&#8217;aujourd&#8217;hui les incontournables questions de re-cr\u00e9ation et de cr\u00e9ation : Chanter ? R\u00e9citer ? Dire ? Jouer ? [&hellip;]<\/p>\n","protected":false},"featured_media":57251,"template":"","meta":{"_acf_changed":false,"_genesis_hide_title":false,"_genesis_hide_breadcrumbs":false,"_genesis_hide_singular_image":false,"_genesis_hide_footer_widgets":false,"_genesis_custom_body_class":"","_genesis_custom_post_class":"","_genesis_layout":""},"product_brand":[],"product_cat":[7195,7189,7133,7175,7191],"product_tag":[],"class_list":{"0":"post-57326","1":"product","2":"type-product","3":"status-publish","4":"has-post-thumbnail","6":"product_cat-estudis-oc","7":"product_cat-estudis-literaris-oc","8":"product_cat-libres-oc","9":"product_cat-literatura-oc","10":"product_cat-musica-danca-oc","11":"pa_auteur-troubadours-art-ensemble-oc","12":"pa_auteur-zuchetto-gerard-oc","13":"pa_editeur-troba-vox-oc","14":"pa_langue-occitan-lengadocian-oc","15":"pa_langue-occitan-francais-oc","16":"entry","18":"first","19":"instock","20":"shipping-taxable","21":"purchasable","22":"product-type-simple"},"acf":[],"_links":{"self":[{"href":"https:\/\/www.libraria-occitana.org\/oc\/wp-json\/wp\/v2\/product\/57326","targetHints":{"allow":["GET"]}}],"collection":[{"href":"https:\/\/www.libraria-occitana.org\/oc\/wp-json\/wp\/v2\/product"}],"about":[{"href":"https:\/\/www.libraria-occitana.org\/oc\/wp-json\/wp\/v2\/types\/product"}],"wp:featuredmedia":[{"embeddable":true,"href":"https:\/\/www.libraria-occitana.org\/oc\/wp-json\/wp\/v2\/media\/57251"}],"wp:attachment":[{"href":"https:\/\/www.libraria-occitana.org\/oc\/wp-json\/wp\/v2\/media?parent=57326"}],"wp:term":[{"taxonomy":"product_brand","embeddable":true,"href":"https:\/\/www.libraria-occitana.org\/oc\/wp-json\/wp\/v2\/product_brand?post=57326"},{"taxonomy":"product_cat","embeddable":true,"href":"https:\/\/www.libraria-occitana.org\/oc\/wp-json\/wp\/v2\/product_cat?post=57326"},{"taxonomy":"product_tag","embeddable":true,"href":"https:\/\/www.libraria-occitana.org\/oc\/wp-json\/wp\/v2\/product_tag?post=57326"}],"curies":[{"name":"wp","href":"https:\/\/api.w.org\/{rel}","templated":true}]}}