{"id":57333,"date":"2020-05-08T18:46:59","date_gmt":"2020-05-08T16:46:59","guid":{"rendered":"http:\/\/www.libraria-occitana.org\/?post_type=product&#038;p=57333"},"modified":"2024-07-19T00:02:02","modified_gmt":"2024-07-18T22:02:02","slug":"bartas-party","status":"publish","type":"product","link":"https:\/\/www.libraria-occitana.org\/oc\/produch\/bartas-party\/","title":{"rendered":"Bart\u00e0s Party"},"content":{"rendered":"<p>20 ans d\u2019existence et un bon millier de concerts, ils sont l\u00e0 : forts de leur histoire, bien ancr\u00e9s, ici, mais d\u00e9j\u00e0 ailleurs sur les routes du reggae, du rap, du rock et du dub !<\/p>\n<p>Album Live enregistr\u00e9 lors de la tourn\u00e9e des 20 ans !<\/p>\n<p><strong>Titres :<\/strong><br \/>\n1. Ma republica live 3&#8217;42<br \/>\n2. Papet live 3&#8217;55<br \/>\n3. Seta live 4&#8217;43<br \/>\n4. Cambusa live 4&#8217;34<br \/>\n5. Sud de France live 2&#8217;20<br \/>\n6. Miegjornau live 3&#8217;07<br \/>\n7. Barricada live 3&#8217;17<br \/>\n8. Salvajes live 3&#8217;22<br \/>\n9. Exception live 5&#8217;00<br \/>\n10. 37.2 live 3&#8217;21<\/p>\n","protected":false},"excerpt":{"rendered":"<p>20 ans d\u2019existence et un bon millier de concerts, ils sont l\u00e0 : forts de leur histoire, bien ancr\u00e9s, ici, mais d\u00e9j\u00e0 ailleurs sur les routes du reggae, du rap, du rock et du dub ! Album Live enregistr\u00e9 lors de la tourn\u00e9e des 20 ans ! Titres : 1. Ma republica live 3&#8217;42 2. [&hellip;]<\/p>\n","protected":false},"featured_media":57257,"template":"","meta":{"_acf_changed":false,"_genesis_hide_title":false,"_genesis_hide_breadcrumbs":false,"_genesis_hide_singular_image":false,"_genesis_hide_footer_widgets":false,"_genesis_custom_body_class":"","_genesis_custom_post_class":"","_genesis_layout":""},"product_brand":[],"product_cat":[7235,16683],"product_tag":[],"class_list":{"0":"post-57333","1":"product","2":"type-product","3":"status-publish","4":"has-post-thumbnail","6":"product_cat-eska-reggae-dub-oc","7":"product_cat-musica-oc","8":"pa_auteur-mauresca-fracas-dub-oc","9":"pa_editeur-lo-sage-e-lo-fol-oc","10":"pa_langue-francais-oc","11":"pa_langue-occitan-oc","12":"pa_langue-occitan-lengadocian-oc","13":"entry","15":"first","16":"instock","17":"shipping-taxable","18":"purchasable","19":"product-type-simple"},"acf":[],"_links":{"self":[{"href":"https:\/\/www.libraria-occitana.org\/oc\/wp-json\/wp\/v2\/product\/57333","targetHints":{"allow":["GET"]}}],"collection":[{"href":"https:\/\/www.libraria-occitana.org\/oc\/wp-json\/wp\/v2\/product"}],"about":[{"href":"https:\/\/www.libraria-occitana.org\/oc\/wp-json\/wp\/v2\/types\/product"}],"wp:featuredmedia":[{"embeddable":true,"href":"https:\/\/www.libraria-occitana.org\/oc\/wp-json\/wp\/v2\/media\/57257"}],"wp:attachment":[{"href":"https:\/\/www.libraria-occitana.org\/oc\/wp-json\/wp\/v2\/media?parent=57333"}],"wp:term":[{"taxonomy":"product_brand","embeddable":true,"href":"https:\/\/www.libraria-occitana.org\/oc\/wp-json\/wp\/v2\/product_brand?post=57333"},{"taxonomy":"product_cat","embeddable":true,"href":"https:\/\/www.libraria-occitana.org\/oc\/wp-json\/wp\/v2\/product_cat?post=57333"},{"taxonomy":"product_tag","embeddable":true,"href":"https:\/\/www.libraria-occitana.org\/oc\/wp-json\/wp\/v2\/product_tag?post=57333"}],"curies":[{"name":"wp","href":"https:\/\/api.w.org\/{rel}","templated":true}]}}