{"id":57336,"date":"2017-12-22T12:07:38","date_gmt":"2017-12-22T11:07:38","guid":{"rendered":"http:\/\/www.libraria-occitana.org\/?post_type=product&#038;p=57336"},"modified":"2026-04-03T01:11:30","modified_gmt":"2026-04-02T23:11:30","slug":"un-pais-de-goelher","status":"publish","type":"product","link":"https:\/\/www.libraria-occitana.org\/oc\/produch\/un-pais-de-goelher\/","title":{"rendered":"Un pa\u00eds de goelh\u00e8r"},"content":{"rendered":"<p>L\u2019<em>arredalh<\/em>, c\u2019est le regain, l\u2019herbe qui repousse dans un champ apr\u00e8s la premi\u00e8re fauche, l\u2019herbe qui rena\u00eet, l\u2019herbe nouvelle\u2026<\/p>\n<p>Arredalh, c\u2019est une amiti\u00e9 qui est n\u00e9e au pied du pic du Burat entre deux passionn\u00e9s de la m\u00e9moire des gens, de leur histoire, de leurs valeurs, de leurs traditions, de leur langue\u2026<\/p>\n<p>Ce duo \u00e0 \u00e9couter et \u00e0 danser, compos\u00e9 de Mathieu Bares et Wilfried Abo, vous emm\u00e8ne d\u00e9couvrir les Pyr\u00e9n\u00e9es centrales o\u00f9 chansons traditionnelles et cr\u00e9ations originales avec de nombreux instruments se m\u00ealent aux polyphonies.<\/p>\n<p>Les instruments : Accord\u00e9on diatonique, boha (cornemuse des landes de Gascogne), bodega (cornemuse de la Montagne Noire), cornemuse Centre France, fl\u00fbte \u00e0 trois trous, tambourin \u00e0 cordes, hautbois de Bigorre, hautbois du Couserans, fifre.<\/p>\n<p><iframe loading=\"lazy\" title=\"YouTube video player\" src=\"https:\/\/www.youtube.com\/embed\/snLqSb5yj_g\" width=\"560\" height=\"315\" frameborder=\"0\" allowfullscreen=\"allowfullscreen\"><\/iframe><\/p>\n<p><strong>Titres :<\/strong><br \/>\n1. Montanha de Burat (M. Bares) 0&#8217;55<br \/>\n2. Un pa\u00eds de goelh\u00e8r (M. Bares) 3&#8217;58<br \/>\n3. Ua joena hilha (M. Bares) 3&#8217;07<br \/>\n4. Vira arrevira (M. Bares) 3&#8217;18<br \/>\n5. Un dia de nh\u00e8u (M. Bares) 4&#8217;52<br \/>\n6. Es abelhes (W. Abo) 3&#8217;45<br \/>\n7. Aud\u00e8th (M. Bares) 3&#8217;13<br \/>\n8. Ensalada (M. Bares) 3&#8217;37<br \/>\n9. Maria des crabes (W. Abo) 4&#8217;10<br \/>\n10. Preso\u00e8r de Rod\u00e9s (M. Bares) 3&#8217;50<br \/>\n11. Occitan de c\u00f2r e de sang (M. Bares) 3&#8217;35<br \/>\n12. Que parlava aths aud\u00e8ths (M. Bares) 3&#8217;59<br \/>\n13. Eth saumet e eth p\u00f2rc (M. Bares) 3&#8217;41<br \/>\n14. A \u00e7\u00f2 de Justau (M. Bares) 4&#8217;19<br \/>\n15. Rond\u00e8u des esqueres (W. Abo) 3&#8217;19<\/p>\n","protected":false},"excerpt":{"rendered":"<p>L\u2019arredalh, c\u2019est le regain, l\u2019herbe qui repousse dans un champ apr\u00e8s la premi\u00e8re fauche, l\u2019herbe qui rena\u00eet, l\u2019herbe nouvelle\u2026 Arredalh, c\u2019est une amiti\u00e9 qui est n\u00e9e au pied du pic du Burat entre deux passionn\u00e9s de la m\u00e9moire des gens, de leur histoire, de leurs valeurs, de leurs traditions, de leur langue\u2026 Ce duo \u00e0 [&hellip;]<\/p>\n","protected":false},"featured_media":57266,"template":"","meta":{"_acf_changed":false,"_genesis_hide_title":false,"_genesis_hide_breadcrumbs":false,"_genesis_hide_singular_image":false,"_genesis_hide_footer_widgets":false,"_genesis_custom_body_class":"","_genesis_custom_post_class":"","_genesis_layout":""},"product_brand":[],"product_cat":[7219,16683,7229],"product_tag":[],"class_list":{"0":"post-57336","1":"product","2":"type-product","3":"status-publish","4":"has-post-thumbnail","6":"product_cat-chancon-oc","7":"product_cat-musica-oc","8":"product_cat-novela-tradicion-oc","9":"pa_auteur-arredalh-oc","10":"pa_editeur-arredalh-1-oc","11":"pa_langue-occitan-gascon-oc","12":"pa_langue-occitan-francais-oc","13":"entry","15":"first","16":"instock","17":"shipping-taxable","18":"purchasable","19":"product-type-simple"},"acf":[],"_links":{"self":[{"href":"https:\/\/www.libraria-occitana.org\/oc\/wp-json\/wp\/v2\/product\/57336","targetHints":{"allow":["GET"]}}],"collection":[{"href":"https:\/\/www.libraria-occitana.org\/oc\/wp-json\/wp\/v2\/product"}],"about":[{"href":"https:\/\/www.libraria-occitana.org\/oc\/wp-json\/wp\/v2\/types\/product"}],"wp:featuredmedia":[{"embeddable":true,"href":"https:\/\/www.libraria-occitana.org\/oc\/wp-json\/wp\/v2\/media\/57266"}],"wp:attachment":[{"href":"https:\/\/www.libraria-occitana.org\/oc\/wp-json\/wp\/v2\/media?parent=57336"}],"wp:term":[{"taxonomy":"product_brand","embeddable":true,"href":"https:\/\/www.libraria-occitana.org\/oc\/wp-json\/wp\/v2\/product_brand?post=57336"},{"taxonomy":"product_cat","embeddable":true,"href":"https:\/\/www.libraria-occitana.org\/oc\/wp-json\/wp\/v2\/product_cat?post=57336"},{"taxonomy":"product_tag","embeddable":true,"href":"https:\/\/www.libraria-occitana.org\/oc\/wp-json\/wp\/v2\/product_tag?post=57336"}],"curies":[{"name":"wp","href":"https:\/\/api.w.org\/{rel}","templated":true}]}}