{"id":57425,"date":"2023-01-05T19:13:04","date_gmt":"2023-01-05T18:13:04","guid":{"rendered":"http:\/\/www.libraria-occitana.org\/product\/robert-marti-lobra-vida\/"},"modified":"2026-04-29T06:16:55","modified_gmt":"2026-04-29T04:16:55","slug":"robert-marti-lobra-vida","status":"publish","type":"product","link":"https:\/\/www.libraria-occitana.org\/oc\/produch\/robert-marti-lobra-vida\/","title":{"rendered":"Rob\u00e8rt Mart\u00ed : l&#8217;\u00f2bra-vida"},"content":{"rendered":"<p>Aqueste libre es un testimoniatge sus la vida de Rob\u00e8rt Mart\u00ed a trav\u00e8rs de las personas que costej\u00e8t e dels actes que paus\u00e8t dins sa vida d\u2019\u00f2me, d\u2019escrivan e de contaire.<br \/>\nDe f\u00f2tos e d\u2019illustracions qualitadosas acompanhan los t\u00e8xtes signats de : Claudi Alranq, Josep Arasa Ferrer, Andr\u00e9 At, Mirelha Bra\u00e7, Joaqu\u00edn Castillo Blanco, Bernat Cauhap\u00e8, Joan-Lo\u00eds Cortial, Olivi\u00e8r Daillut, Josiana Daun\u00eds-Mart\u00ed, Joan-Claudi For\u00eat, Eric Fraj, Jacme Gaud\u00e0s, Roger Harvey, S\u00e8rgi Javaloy\u00e8s, S\u00e8rgi Labatut, Florant Mercadi\u00e8r, Dani\u00e8l Rif\u00e0, Alan Roch, Estefe Ros, Joan-Claudi S\u00e8rras, Claudi Sicre, Joan Thom\u00e0s, Muriel Verni\u00e8res, S\u00e8rgi Viaule, Joan Vil\u00f2ta.<\/p>\n<p>La coordinacion del libre fogu\u00e8t assegurada per Josiana Daun\u00eds-Mart\u00ed e Eric Fraj.<\/p>\n<p>\u00ab L\u2019id\u00e8a d\u2019un libre-omenatge a Rob\u00e8rt nasqu\u00e8t quasiment sulpic apr\u00e8s sa despareguda, talament \u00e8ran f\u00f2rts los signes de simpatia e de pena que m\u2019\u00e8ran adrei\u00e7ats. Lo cap d\u2019orquestra d\u2019aquel trabalh de coll\u00e8cta de t\u00e8xtes, lo que me sostengu\u00e8t dins aquesta intencion, l\u2019amic de totjorn : Eric Fraj, obr\u00e8t per que u\u00e8i aquel libre paregu\u00e8sse. L\u2019Institut d\u2019Estudis Occitans e la generositat dels donators per la placa funer\u00e0ria, aital coma los participants a la serada que se deban\u00e8t a l\u2019Ostal Joan Bodon, permet\u00e8ron aquesta parucion. Que ne si\u00e1n aic\u00ed totes mercejats. \u00bb<\/p>\n<p style=\"text-align: right;\">Josiana Daun\u00eds-Mart\u00ed<\/p>\n","protected":false},"excerpt":{"rendered":"<p>Aqueste libre es un testimoniatge sus la vida de Rob\u00e8rt Mart\u00ed a trav\u00e8rs de las personas que costej\u00e8t e dels actes que paus\u00e8t dins sa vida d\u2019\u00f2me, d\u2019escrivan e de contaire. De f\u00f2tos e d\u2019illustracions qualitadosas acompanhan los t\u00e8xtes signats de : Claudi Alranq, Josep Arasa Ferrer, Andr\u00e9 At, Mirelha Bra\u00e7, Joaqu\u00edn Castillo Blanco, Bernat [&hellip;]<\/p>\n","protected":false},"featured_media":57423,"template":"","meta":{"_acf_changed":false,"_genesis_hide_title":false,"_genesis_hide_breadcrumbs":false,"_genesis_hide_singular_image":false,"_genesis_hide_footer_widgets":false,"_genesis_custom_body_class":"","_genesis_custom_post_class":"","_genesis_layout":""},"product_brand":[],"product_cat":[7189,7133,7175,7203,7187],"product_tag":[],"class_list":{"0":"post-57425","1":"product","2":"type-product","3":"status-publish","4":"has-post-thumbnail","6":"product_cat-estudis-literaris-oc","7":"product_cat-libres-oc","8":"product_cat-literatura-oc","9":"product_cat-politica-sociologia-actualitat-oc","10":"product_cat-temonhatges-memoris-oc","11":"pa_auteur-collectiu-oc-2","12":"pa_auteur-daunis-marti-josiana-daunis-marty-josiane-2-oc","13":"pa_auteur-fraj-eric-oc","14":"pa_editeur-ieo-fr-oc","15":"pa_langue-autras-lingas-oc","16":"pa_langue-francais-oc","17":"pa_langue-occitan-oc","18":"pa_langue-occitan-gascon-oc","19":"pa_langue-occitan-lemosin-oc","20":"pa_langue-occitan-lengadocian-oc","21":"pa_langue-occitan-vivaroaupenc-oc","22":"entry","24":"first","25":"instock","26":"shipping-taxable","27":"purchasable","28":"product-type-simple"},"acf":[],"_links":{"self":[{"href":"https:\/\/www.libraria-occitana.org\/oc\/wp-json\/wp\/v2\/product\/57425","targetHints":{"allow":["GET"]}}],"collection":[{"href":"https:\/\/www.libraria-occitana.org\/oc\/wp-json\/wp\/v2\/product"}],"about":[{"href":"https:\/\/www.libraria-occitana.org\/oc\/wp-json\/wp\/v2\/types\/product"}],"wp:featuredmedia":[{"embeddable":true,"href":"https:\/\/www.libraria-occitana.org\/oc\/wp-json\/wp\/v2\/media\/57423"}],"wp:attachment":[{"href":"https:\/\/www.libraria-occitana.org\/oc\/wp-json\/wp\/v2\/media?parent=57425"}],"wp:term":[{"taxonomy":"product_brand","embeddable":true,"href":"https:\/\/www.libraria-occitana.org\/oc\/wp-json\/wp\/v2\/product_brand?post=57425"},{"taxonomy":"product_cat","embeddable":true,"href":"https:\/\/www.libraria-occitana.org\/oc\/wp-json\/wp\/v2\/product_cat?post=57425"},{"taxonomy":"product_tag","embeddable":true,"href":"https:\/\/www.libraria-occitana.org\/oc\/wp-json\/wp\/v2\/product_tag?post=57425"}],"curies":[{"name":"wp","href":"https:\/\/api.w.org\/{rel}","templated":true}]}}