{"id":57496,"date":"2023-01-27T10:59:24","date_gmt":"2023-01-27T09:59:24","guid":{"rendered":"http:\/\/www.libraria-occitana.org\/product\/joan-ganhaire-entre-rire-et-desespoir-un-regard-occitan-sur-lhumaine-condition\/"},"modified":"2026-04-16T20:57:01","modified_gmt":"2026-04-16T18:57:01","slug":"joan-ganhaire-entre-rire-et-desespoir-un-regard-occitan-sur-lhumaine-condition","status":"publish","type":"product","link":"https:\/\/www.libraria-occitana.org\/oc\/produch\/joan-ganhaire-entre-rire-et-desespoir-un-regard-occitan-sur-lhumaine-condition\/","title":{"rendered":"Joan Ganhaire : Entre rire et d\u00e9sespoir, un regard occitan sur l&#8217;humaine condition"},"content":{"rendered":"<p>Joan Ganhaire a tr\u00e8s vite \u00e9t\u00e9 reconnu comme l\u2019un des auteurs majeurs de la litt\u00e9rature occitane contemporaine. S\u2019exprimant en dialecte limousin, l\u2019\u00e9crivain b\u00e2tit un univers mi-r\u00e9el mi-imaginaire, inspir\u00e9 des paysages du P\u00e9rigord et de l\u2019Aquitaine, qui se per\u00e7oit d\u2019abord par les sensations. Des hommes y cherchent leur v\u00e9rit\u00e9. Face \u00e0 la mort sans cesse possible, face \u00e0 la violence omnipr\u00e9sente, face \u00e0 leurs propres d\u00e9faillances, o\u00f9 trouver un peu de r\u00e9confort ? Les religions sont impuissantes \u00e0 \u00e9radiquer le Mal. L\u2019amiti\u00e9 ne fait pas dispara\u00eetre le sentiment de solitude. Le seul secours reste le rire, un rire partag\u00e9 dans lequel chacun avoue ses faiblesses et reconna\u00eet en autrui son semblable. Rire, c\u2019est s\u2019\u00e9prouver ensemble dans une communaut\u00e9 joyeuse, c\u2019est exorciser le Mal, c\u2019est \u00e9chapper \u00e0 l\u2019angoisse et retrouver sa libert\u00e9. \u00c0 travers ses <em>nh\u00f2rlas<\/em>, ses romans de cape et d\u2019\u00e9p\u00e9e, et surtout ses nouvelles fantastiques et ses romans policiers, Joan Ganhaire explore l\u2019\u00e2me humaine avec toutes les ressources que lui offrent la langue et la culture occitanes.<\/p>\n","protected":false},"excerpt":{"rendered":"<p>Joan Ganhaire a tr\u00e8s vite \u00e9t\u00e9 reconnu comme l\u2019un des auteurs majeurs de la litt\u00e9rature occitane contemporaine. S\u2019exprimant en dialecte limousin, l\u2019\u00e9crivain b\u00e2tit un univers mi-r\u00e9el mi-imaginaire, inspir\u00e9 des paysages du P\u00e9rigord et de l\u2019Aquitaine, qui se per\u00e7oit d\u2019abord par les sensations. Des hommes y cherchent leur v\u00e9rit\u00e9. Face \u00e0 la mort sans cesse possible, [&hellip;]<\/p>\n","protected":false},"featured_media":57491,"template":"","meta":{"_acf_changed":false,"_genesis_hide_title":false,"_genesis_hide_breadcrumbs":false,"_genesis_hide_singular_image":false,"_genesis_hide_footer_widgets":false,"_genesis_custom_body_class":"","_genesis_custom_post_class":"","_genesis_layout":""},"product_brand":[],"product_cat":[7189,7133,7175],"product_tag":[],"class_list":{"0":"post-57496","1":"product","2":"type-product","3":"status-publish","4":"has-post-thumbnail","6":"product_cat-estudis-literaris-oc","7":"product_cat-libres-oc","8":"product_cat-literatura-oc","9":"pa_auteur-garnerin-fabienne-oc","10":"pa_editeur-pu-mediterranee-oc","11":"pa_langue-francais-oc","12":"entry","14":"first","15":"instock","16":"shipping-taxable","17":"purchasable","18":"product-type-simple"},"acf":[],"_links":{"self":[{"href":"https:\/\/www.libraria-occitana.org\/oc\/wp-json\/wp\/v2\/product\/57496","targetHints":{"allow":["GET"]}}],"collection":[{"href":"https:\/\/www.libraria-occitana.org\/oc\/wp-json\/wp\/v2\/product"}],"about":[{"href":"https:\/\/www.libraria-occitana.org\/oc\/wp-json\/wp\/v2\/types\/product"}],"wp:featuredmedia":[{"embeddable":true,"href":"https:\/\/www.libraria-occitana.org\/oc\/wp-json\/wp\/v2\/media\/57491"}],"wp:attachment":[{"href":"https:\/\/www.libraria-occitana.org\/oc\/wp-json\/wp\/v2\/media?parent=57496"}],"wp:term":[{"taxonomy":"product_brand","embeddable":true,"href":"https:\/\/www.libraria-occitana.org\/oc\/wp-json\/wp\/v2\/product_brand?post=57496"},{"taxonomy":"product_cat","embeddable":true,"href":"https:\/\/www.libraria-occitana.org\/oc\/wp-json\/wp\/v2\/product_cat?post=57496"},{"taxonomy":"product_tag","embeddable":true,"href":"https:\/\/www.libraria-occitana.org\/oc\/wp-json\/wp\/v2\/product_tag?post=57496"}],"curies":[{"name":"wp","href":"https:\/\/api.w.org\/{rel}","templated":true}]}}