{"id":57499,"date":"2022-04-27T12:13:08","date_gmt":"2022-04-27T10:13:08","guid":{"rendered":"http:\/\/www.libraria-occitana.org\/?post_type=product&#038;p=57499"},"modified":"2026-04-25T21:26:51","modified_gmt":"2026-04-25T19:26:51","slug":"dire-lhomme-le-siecle-dire-lome-lo-segle-loeuvre-litteraire-de-robert-lafont","status":"publish","type":"product","link":"https:\/\/www.libraria-occitana.org\/oc\/produch\/dire-lhomme-le-siecle-dire-lome-lo-segle-loeuvre-litteraire-de-robert-lafont\/","title":{"rendered":"Dire l&#8217;homme le si\u00e8cle &#8211; Dire l&#8217;\u00f2me lo segle : L&#8217;\u0153uvre litt\u00e9raire de Robert Lafont"},"content":{"rendered":"<p>Po\u00e8te, dramaturge, romancier, Robert Lafont (1923-2009) est l\u2019auteur d\u2019une \u0153uvre litt\u00e9raire de premier plan, \u00e9crite et publi\u00e9e en occitan, incompl\u00e8tement traduite, \u00e0 l\u2019exception de la po\u00e9sie, et encore trop peu connue.<\/p>\n<p>Elle fait pourtant l\u2019objet de lectures passionn\u00e9es et de belles \u00e9tudes. Dans le but d\u2019\u00e9largir le cercle de ses connaisseurs, nous avons fait un choix de vingt-trois articles, de 1990 \u00e0 aujourd\u2019hui. La diversit\u00e9 des m\u00e9thodes d\u2019approche et des sensibilit\u00e9s trace dans l\u2019univers litt\u00e9raire lafontien une infinit\u00e9 de chemins o\u00f9 nous invitons le lecteur \u00e0 se hasarder, pour se trouver ou se perdre avec d\u00e9lices.<\/p>\n<p>Car, pour cet \u00e9crivain, la litt\u00e9rature n\u2019est pas un monde \u00e0 part, mais le confluent de toutes les lignes de vie, de pens\u00e9e et de cr\u00e9ation, comme le montre la derni\u00e8re partie sur \u00ab Robert Lafont polygraphe \u00bb o\u00f9 le grand vent de l\u2019Histoire bouscule les espaces du roman et inspire le souffle po\u00e9tique de celui qui, d\u00e8s le d\u00e9but, a l\u2019ambition de <em>dire l\u2019\u00f2me lo segle<\/em>, \u00ab dire l\u2019homme le si\u00e8cle \u00bb.<\/p>\n<p>Une \u0153uvre in\u00e9puisable, pour peu qu\u2019on se penche sur son <em>potz de futur<\/em>, son puits d\u2019avenir, une \u0153uvre puissante qui rayonne de vie et de sensualit\u00e9, de culture g\u00e9n\u00e9reuse. C\u2019est ce que cet ouvrage voudrait montrer.<\/p>\n","protected":false},"excerpt":{"rendered":"<p>Po\u00e8te, dramaturge, romancier, Robert Lafont (1923-2009) est l\u2019auteur d\u2019une \u0153uvre litt\u00e9raire de premier plan, \u00e9crite et publi\u00e9e en occitan, incompl\u00e8tement traduite, \u00e0 l\u2019exception de la po\u00e9sie, et encore trop peu connue. Elle fait pourtant l\u2019objet de lectures passionn\u00e9es et de belles \u00e9tudes. Dans le but d\u2019\u00e9largir le cercle de ses connaisseurs, nous avons fait un [&hellip;]<\/p>\n","protected":false},"featured_media":57508,"template":"","meta":{"_acf_changed":false,"_genesis_hide_title":false,"_genesis_hide_breadcrumbs":false,"_genesis_hide_singular_image":false,"_genesis_hide_footer_widgets":false,"_genesis_custom_body_class":"","_genesis_custom_post_class":"","_genesis_layout":""},"product_brand":[],"product_cat":[7189,7133,7175],"product_tag":[],"class_list":{"0":"post-57499","1":"product","2":"type-product","3":"status-publish","4":"has-post-thumbnail","6":"product_cat-estudis-literaris-oc","7":"product_cat-libres-oc","8":"product_cat-literatura-oc","9":"pa_auteur-foret-joan-claudi-foret-jean-claude-oc","10":"pa_auteur-gardy-philippe-oc","11":"pa_auteur-torreilles-claire-oc","12":"pa_editeur-pu-mediterranee-oc","13":"pa_langue-francais-oc","14":"entry","16":"first","17":"instock","18":"shipping-taxable","19":"purchasable","20":"product-type-simple"},"acf":[],"_links":{"self":[{"href":"https:\/\/www.libraria-occitana.org\/oc\/wp-json\/wp\/v2\/product\/57499","targetHints":{"allow":["GET"]}}],"collection":[{"href":"https:\/\/www.libraria-occitana.org\/oc\/wp-json\/wp\/v2\/product"}],"about":[{"href":"https:\/\/www.libraria-occitana.org\/oc\/wp-json\/wp\/v2\/types\/product"}],"wp:featuredmedia":[{"embeddable":true,"href":"https:\/\/www.libraria-occitana.org\/oc\/wp-json\/wp\/v2\/media\/57508"}],"wp:attachment":[{"href":"https:\/\/www.libraria-occitana.org\/oc\/wp-json\/wp\/v2\/media?parent=57499"}],"wp:term":[{"taxonomy":"product_brand","embeddable":true,"href":"https:\/\/www.libraria-occitana.org\/oc\/wp-json\/wp\/v2\/product_brand?post=57499"},{"taxonomy":"product_cat","embeddable":true,"href":"https:\/\/www.libraria-occitana.org\/oc\/wp-json\/wp\/v2\/product_cat?post=57499"},{"taxonomy":"product_tag","embeddable":true,"href":"https:\/\/www.libraria-occitana.org\/oc\/wp-json\/wp\/v2\/product_tag?post=57499"}],"curies":[{"name":"wp","href":"https:\/\/api.w.org\/{rel}","templated":true}]}}