{"id":57539,"date":"2023-02-02T11:19:30","date_gmt":"2023-02-02T10:19:30","guid":{"rendered":"http:\/\/www.libraria-occitana.org\/product\/le-cerveau-bilingue-et-ce-quil-nous-dit-de-la-science-du-langage\/"},"modified":"2026-04-21T21:41:08","modified_gmt":"2026-04-21T19:41:08","slug":"le-cerveau-bilingue-et-ce-quil-nous-dit-de-la-science-du-langage","status":"publish","type":"product","link":"https:\/\/www.libraria-occitana.org\/oc\/produch\/le-cerveau-bilingue-et-ce-quil-nous-dit-de-la-science-du-langage\/","title":{"rendered":"Le cerveau bilingue : Et ce qu&#8217;il nous dit de la science du langage"},"content":{"rendered":"<p>Plus de la moiti\u00e9 de la population mondiale est bilingue. Pour le neurobiologiste et le linguiste, c&#8217;est un exploit et une \u00e9nigme, car le langage humain est une facult\u00e9 extraordinairement complexe. Comment deux langues peuvent-elles coexister dans un m\u00eame cerveau ? Quels sont les avantages du bilinguisme ? Quelles sont les contraintes qu&#8217;il impose ?<\/p>\n<p>Albert Costa partage ici les r\u00e9sultats de vingt ann\u00e9es de recherches. S&#8217;appuyant sur des \u00e9tudes men\u00e9es dans de nombreux pays, il montre comment des nouveau-n\u00e9s font la diff\u00e9rence entre deux langues, comment l&#8217;accent affecte la fa\u00e7on dont nous percevons les autres, pourquoi les bilingues sont meilleurs pour r\u00e9soudre les conflits, comment on prend des d\u00e9cisions diff\u00e9rentes selon la langue utilis\u00e9e. Les surprises sont nombreuses : il se pourrait m\u00eame que le bilinguisme ralentisse les manifestations des maladies neurod\u00e9g\u00e9n\u00e9ratives.<\/p>\n<p>Illustration magistrale des applications des neuro-sciences et de la linguistique, ce livre alerte et plein d&#8217;humour explore les effets du bilinguisme sur le cerveau, les m\u00e9canismes de pens\u00e9e et le comportement. Il laisse le lecteur \u00e9tonn\u00e9 devant le pouvoir du langage.<\/p>\n","protected":false},"excerpt":{"rendered":"<p>Plus de la moiti\u00e9 de la population mondiale est bilingue. Pour le neurobiologiste et le linguiste, c&#8217;est un exploit et une \u00e9nigme, car le langage humain est une facult\u00e9 extraordinairement complexe. Comment deux langues peuvent-elles coexister dans un m\u00eame cerveau ? Quels sont les avantages du bilinguisme ? Quelles sont les contraintes qu&#8217;il impose ? [&hellip;]<\/p>\n","protected":false},"featured_media":57537,"template":"","meta":{"_acf_changed":false,"_genesis_hide_title":false,"_genesis_hide_breadcrumbs":false,"_genesis_hide_singular_image":false,"_genesis_hide_footer_widgets":false,"_genesis_custom_body_class":"","_genesis_custom_post_class":"","_genesis_layout":""},"product_brand":[],"product_cat":[7133,7203],"product_tag":[],"class_list":{"0":"post-57539","1":"product","2":"type-product","3":"status-publish","4":"has-post-thumbnail","6":"product_cat-libres-oc","7":"product_cat-politica-sociologia-actualitat-oc","8":"pa_auteur-costa-albert-oc","9":"pa_editeur-odile-jacob-oc","10":"pa_langue-francais-oc","11":"entry","13":"first","14":"instock","15":"shipping-taxable","16":"purchasable","17":"product-type-simple"},"acf":[],"_links":{"self":[{"href":"https:\/\/www.libraria-occitana.org\/oc\/wp-json\/wp\/v2\/product\/57539","targetHints":{"allow":["GET"]}}],"collection":[{"href":"https:\/\/www.libraria-occitana.org\/oc\/wp-json\/wp\/v2\/product"}],"about":[{"href":"https:\/\/www.libraria-occitana.org\/oc\/wp-json\/wp\/v2\/types\/product"}],"wp:featuredmedia":[{"embeddable":true,"href":"https:\/\/www.libraria-occitana.org\/oc\/wp-json\/wp\/v2\/media\/57537"}],"wp:attachment":[{"href":"https:\/\/www.libraria-occitana.org\/oc\/wp-json\/wp\/v2\/media?parent=57539"}],"wp:term":[{"taxonomy":"product_brand","embeddable":true,"href":"https:\/\/www.libraria-occitana.org\/oc\/wp-json\/wp\/v2\/product_brand?post=57539"},{"taxonomy":"product_cat","embeddable":true,"href":"https:\/\/www.libraria-occitana.org\/oc\/wp-json\/wp\/v2\/product_cat?post=57539"},{"taxonomy":"product_tag","embeddable":true,"href":"https:\/\/www.libraria-occitana.org\/oc\/wp-json\/wp\/v2\/product_tag?post=57539"}],"curies":[{"name":"wp","href":"https:\/\/api.w.org\/{rel}","templated":true}]}}