{"id":57605,"date":"2022-07-22T13:54:48","date_gmt":"2022-07-22T11:54:48","guid":{"rendered":"http:\/\/www.libraria-occitana.org\/?post_type=product&#038;p=57605"},"modified":"2026-04-29T04:16:07","modified_gmt":"2026-04-29T02:16:07","slug":"lo-diari-la-cultura-en-occitan-68-numero-destiu-un-diari-suls-jocs-amb-de-jocs","status":"publish","type":"product","link":"https:\/\/www.libraria-occitana.org\/oc\/produch\/lo-diari-la-cultura-en-occitan-68-numero-destiu-un-diari-suls-jocs-amb-de-jocs\/","title":{"rendered":"Lo diari : La cultura, en occitan #68 \u2013 Numer\u00f2 d&#8217;estiu : Un Diari suls j\u00f2cs amb de j\u00f2cs"},"content":{"rendered":"<p>Lo Diari es lo magazine de la cultura, tota la cultura, mas en occitan. Literatura, musica, esp\u00f2rt, societat, audiovisual, nov\u00e8las tecnologias, i trobaretz de tot per cadun, servit per una c\u00f2la de redactors venguts de pertot.<\/p>\n","protected":false},"excerpt":{"rendered":"<p>Lo Diari es lo magazine de la cultura, tota la cultura, mas en occitan. Literatura, musica, esp\u00f2rt, societat, audiovisual, nov\u00e8las tecnologias, i trobaretz de tot per cadun, servit per una c\u00f2la de redactors venguts de pertot.<\/p>\n","protected":false},"featured_media":57593,"template":"","meta":{"_acf_changed":false,"_genesis_hide_title":false,"_genesis_hide_breadcrumbs":false,"_genesis_hide_singular_image":false,"_genesis_hide_footer_widgets":false,"_genesis_custom_body_class":"","_genesis_custom_post_class":"","_genesis_layout":""},"product_brand":[],"product_cat":[7133,7203],"product_tag":[],"class_list":{"0":"post-57605","1":"product","2":"type-product","3":"status-publish","4":"has-post-thumbnail","6":"product_cat-libres-oc","7":"product_cat-politica-sociologia-actualitat-oc","8":"pa_auteur-collectiu-oc-2","9":"pa_editeur-ieo-opm-oc","10":"pa_langue-occitan-oc","11":"entry","13":"first","14":"instock","15":"shipping-taxable","16":"purchasable","17":"product-type-simple"},"acf":[],"_links":{"self":[{"href":"https:\/\/www.libraria-occitana.org\/oc\/wp-json\/wp\/v2\/product\/57605","targetHints":{"allow":["GET"]}}],"collection":[{"href":"https:\/\/www.libraria-occitana.org\/oc\/wp-json\/wp\/v2\/product"}],"about":[{"href":"https:\/\/www.libraria-occitana.org\/oc\/wp-json\/wp\/v2\/types\/product"}],"wp:featuredmedia":[{"embeddable":true,"href":"https:\/\/www.libraria-occitana.org\/oc\/wp-json\/wp\/v2\/media\/57593"}],"wp:attachment":[{"href":"https:\/\/www.libraria-occitana.org\/oc\/wp-json\/wp\/v2\/media?parent=57605"}],"wp:term":[{"taxonomy":"product_brand","embeddable":true,"href":"https:\/\/www.libraria-occitana.org\/oc\/wp-json\/wp\/v2\/product_brand?post=57605"},{"taxonomy":"product_cat","embeddable":true,"href":"https:\/\/www.libraria-occitana.org\/oc\/wp-json\/wp\/v2\/product_cat?post=57605"},{"taxonomy":"product_tag","embeddable":true,"href":"https:\/\/www.libraria-occitana.org\/oc\/wp-json\/wp\/v2\/product_tag?post=57605"}],"curies":[{"name":"wp","href":"https:\/\/api.w.org\/{rel}","templated":true}]}}