{"id":57618,"date":"2023-02-23T12:15:54","date_gmt":"2023-02-23T11:15:54","guid":{"rendered":"http:\/\/www.libraria-occitana.org\/?post_type=product&#038;p=57618"},"modified":"2026-04-14T05:06:12","modified_gmt":"2026-04-14T03:06:12","slug":"donte-ses-dou-es-tu-n-26-histoire-et-genealogie-des-limousins-copie","status":"publish","type":"product","link":"https:\/\/www.libraria-occitana.org\/oc\/produch\/donte-ses-dou-es-tu-n-26-histoire-et-genealogie-des-limousins-copie\/","title":{"rendered":"D&#8217;onte ses ? &#8211; D&#8217;o\u00f9 es-tu ? N\u00b0 26 : Histoire et g\u00e9n\u00e9alogie des Limousins"},"content":{"rendered":"<p>D&#8217;onte ses ? &#8211; D&#8217;o\u00f9 es-tu ? N\u00b0 26 : Histoire et g\u00e9n\u00e9alogie des Limousins<\/p>\n","protected":false},"excerpt":{"rendered":"<p>D&#8217;onte ses ? &#8211; D&#8217;o\u00f9 es-tu ? N\u00b0 26 : Histoire et g\u00e9n\u00e9alogie des Limousins<\/p>\n","protected":false},"featured_media":57602,"template":"","meta":{"_acf_changed":false,"_genesis_hide_title":false,"_genesis_hide_breadcrumbs":false,"_genesis_hide_singular_image":false,"_genesis_hide_footer_widgets":false,"_genesis_custom_body_class":"","_genesis_custom_post_class":"","_genesis_layout":""},"product_brand":[],"product_cat":[7151,7149,7133],"product_tag":[],"class_list":{"0":"post-57618","1":"product","2":"type-product","3":"status-publish","4":"has-post-thumbnail","6":"product_cat-genealogia-eraldica-oc","7":"product_cat-istoria-geografia-oc","8":"product_cat-libres-oc","9":"pa_auteur-collectiu-oc-2","10":"pa_editeur-cghhml-oc","11":"pa_langue-francais-oc","12":"entry","14":"first","15":"instock","16":"shipping-taxable","17":"purchasable","18":"product-type-simple"},"acf":[],"_links":{"self":[{"href":"https:\/\/www.libraria-occitana.org\/oc\/wp-json\/wp\/v2\/product\/57618","targetHints":{"allow":["GET"]}}],"collection":[{"href":"https:\/\/www.libraria-occitana.org\/oc\/wp-json\/wp\/v2\/product"}],"about":[{"href":"https:\/\/www.libraria-occitana.org\/oc\/wp-json\/wp\/v2\/types\/product"}],"wp:featuredmedia":[{"embeddable":true,"href":"https:\/\/www.libraria-occitana.org\/oc\/wp-json\/wp\/v2\/media\/57602"}],"wp:attachment":[{"href":"https:\/\/www.libraria-occitana.org\/oc\/wp-json\/wp\/v2\/media?parent=57618"}],"wp:term":[{"taxonomy":"product_brand","embeddable":true,"href":"https:\/\/www.libraria-occitana.org\/oc\/wp-json\/wp\/v2\/product_brand?post=57618"},{"taxonomy":"product_cat","embeddable":true,"href":"https:\/\/www.libraria-occitana.org\/oc\/wp-json\/wp\/v2\/product_cat?post=57618"},{"taxonomy":"product_tag","embeddable":true,"href":"https:\/\/www.libraria-occitana.org\/oc\/wp-json\/wp\/v2\/product_tag?post=57618"}],"curies":[{"name":"wp","href":"https:\/\/api.w.org\/{rel}","templated":true}]}}