{"id":57626,"date":"2023-02-24T13:00:07","date_gmt":"2023-02-24T12:00:07","guid":{"rendered":"http:\/\/www.libraria-occitana.org\/?post_type=product&#038;p=57626"},"modified":"2026-04-29T11:13:15","modified_gmt":"2026-04-29T09:13:15","slug":"henri-irenee-marrou-la-source-occitane-lou-libre-de-jouventu-1920-1931","status":"publish","type":"product","link":"https:\/\/www.libraria-occitana.org\/oc\/produch\/henri-irenee-marrou-la-source-occitane-lou-libre-de-jouventu-1920-1931\/","title":{"rendered":"Henri Ir\u00e9n\u00e9e Marrou la source occitane : Lou libre de jouventu (1920-1931)"},"content":{"rendered":"<p>L\u2019historien Henri Ir\u00e9n\u00e9e Marrou (Marseille, 1904 &#8211; Bourg-la-Reine, 1977) fut aussi musicologue et po\u00e8te. Il a laiss\u00e9 \u00e0 sa mort un recueil en langue d\u2019oc de po\u00e8mes \u00e9crits alors qu\u2019il \u00e9tait encore un jeune homme, cherchant sa voie et commen\u00e7ant \u00e0 la trouver. Ces po\u00e8mes, comme tant d\u2019autres, auraient pu dispara\u00eetre. Par simple n\u00e9gligence, oubli, ou embarras, ou par la volont\u00e9 de leur auteur, qui aurait jug\u00e9 bon d\u2019effacer la trace de leur existence pour des raisons qui lui \u00e9taient propres et qu\u2019il d\u00e9sirait garder par devers lui, comme un jardin secret&#8230;<\/p>\n<p>Mais les choses, pour autant que nous puissions en juger sur pi\u00e8ces un si\u00e8cle plus tard, ne se sont pas exactement pass\u00e9es ainsi&#8230;<\/p>\n<p>C\u2019est \u00e0 cette d\u00e9couverte que nous convions le lecteur, plus ou moins cent ans apr\u00e8s l\u2019\u00e9criture de ces po\u00e8mes \u00ab de jeunesse \u00bb, suivie quelques ann\u00e9es apr\u00e8s de leur mise en recueil. L\u2019amateur de litt\u00e9rature, surtout de po\u00e9sie, sera ici, bien s\u00fbr, le premier concern\u00e9. Mais aussi le lecteur de l\u2019\u0153uvre historique de Marrou, qui trouvera dans ces pages un soubassement inattendu \u00e0 cette vocation jamais d\u00e9mentie, et se rappellera alors que l\u2019historien fut aussi, tout au long de son itin\u00e9raire, un amateur passionn\u00e9 de po\u00e9sie, et particuli\u00e8rement de celle des troubadours occitans dont l\u2019art repose sur l\u2019\u00e9troite alliance de la lettre et de la m\u00e9lodie, (&#8230;) en d\u00e9couvrant qu\u2019elle s\u2019inscrit \u00e0 la fois dans une exp\u00e9rience existentielle (un amour impossible) et un engagement personnel en faveur de la langue d\u2019oc, dont les nuances apport\u00e9es par la suite n\u2019ont pas effac\u00e9 les valeurs originelles \u2013 g\u00e9ographiques, familiales et sentimentales \u2013 surplomb\u00e9es une vie durant par la pr\u00e9sence, presque magique, de la po\u00e9sie et du g\u00e9nie musical des troubadours.<\/p>\n","protected":false},"excerpt":{"rendered":"<p>L\u2019historien Henri Ir\u00e9n\u00e9e Marrou (Marseille, 1904 &#8211; Bourg-la-Reine, 1977) fut aussi musicologue et po\u00e8te. Il a laiss\u00e9 \u00e0 sa mort un recueil en langue d\u2019oc de po\u00e8mes \u00e9crits alors qu\u2019il \u00e9tait encore un jeune homme, cherchant sa voie et commen\u00e7ant \u00e0 la trouver. Ces po\u00e8mes, comme tant d\u2019autres, auraient pu dispara\u00eetre. Par simple n\u00e9gligence, oubli, [&hellip;]<\/p>\n","protected":false},"featured_media":57629,"template":"","meta":{"_acf_changed":false,"_genesis_hide_title":false,"_genesis_hide_breadcrumbs":false,"_genesis_hide_singular_image":false,"_genesis_hide_footer_widgets":false,"_genesis_custom_body_class":"","_genesis_custom_post_class":"","_genesis_layout":""},"product_brand":[],"product_cat":[7189,7133,7175,7181],"product_tag":[],"class_list":{"0":"post-57626","1":"product","2":"type-product","3":"status-publish","4":"has-post-thumbnail","6":"product_cat-estudis-literaris-oc","7":"product_cat-libres-oc","8":"product_cat-literatura-oc","9":"product_cat-poesia-oc","10":"pa_auteur-gardy-philippe-oc","11":"pa_editeur-carrefour-ventadour-fr-oc","12":"pa_langue-francais-oc","13":"pa_langue-occitan-oc","14":"pa_langue-occitan-provencau-oc","15":"entry","17":"first","18":"instock","19":"shipping-taxable","20":"purchasable","21":"product-type-simple"},"acf":[],"_links":{"self":[{"href":"https:\/\/www.libraria-occitana.org\/oc\/wp-json\/wp\/v2\/product\/57626","targetHints":{"allow":["GET"]}}],"collection":[{"href":"https:\/\/www.libraria-occitana.org\/oc\/wp-json\/wp\/v2\/product"}],"about":[{"href":"https:\/\/www.libraria-occitana.org\/oc\/wp-json\/wp\/v2\/types\/product"}],"wp:featuredmedia":[{"embeddable":true,"href":"https:\/\/www.libraria-occitana.org\/oc\/wp-json\/wp\/v2\/media\/57629"}],"wp:attachment":[{"href":"https:\/\/www.libraria-occitana.org\/oc\/wp-json\/wp\/v2\/media?parent=57626"}],"wp:term":[{"taxonomy":"product_brand","embeddable":true,"href":"https:\/\/www.libraria-occitana.org\/oc\/wp-json\/wp\/v2\/product_brand?post=57626"},{"taxonomy":"product_cat","embeddable":true,"href":"https:\/\/www.libraria-occitana.org\/oc\/wp-json\/wp\/v2\/product_cat?post=57626"},{"taxonomy":"product_tag","embeddable":true,"href":"https:\/\/www.libraria-occitana.org\/oc\/wp-json\/wp\/v2\/product_tag?post=57626"}],"curies":[{"name":"wp","href":"https:\/\/api.w.org\/{rel}","templated":true}]}}