{"id":57784,"date":"2023-03-31T16:07:38","date_gmt":"2023-03-31T14:07:38","guid":{"rendered":"http:\/\/www.libraria-occitana.org\/?post_type=product&#038;p=57784"},"modified":"2026-04-29T01:41:41","modified_gmt":"2026-04-28T23:41:41","slug":"limoges-disparu-histoire-illustree-des-principaux-monuments-et-batiments-detruits-au-xviiie-et-au-xixe-siecles","status":"publish","type":"product","link":"https:\/\/www.libraria-occitana.org\/oc\/produch\/limoges-disparu-histoire-illustree-des-principaux-monuments-et-batiments-detruits-au-xviiie-et-au-xixe-siecles\/","title":{"rendered":"Limoges disparu : Histoire illustr\u00e9e des principaux monuments et b\u00e2timents d\u00e9truits au XVIIIe et au XIXe si\u00e8cles"},"content":{"rendered":"<p>Cet ouvrage, illustr\u00e9 de plans, de gravures et dessins de l\u2019auteur, se propose de vous faire d\u00e9couvrir l\u2019histoire et la physionomie souvent in\u00e9dite de ces dizaines de monuments qui ont disparu du paysage limougeaud entre 1700 et 1900.<\/p>\n<p>Depuis sa fondation, Limoges avait beaucoup souffert des invasions, des guerres et des luttes intestines. Mais \u00e0 partir du XVIIIe si\u00e8cle, la ville ne s\u2019enferme plus derri\u00e8re ses remparts et a besoin d\u2019espace. Le rationalisme du si\u00e8cle des \u00ab lumi\u00e8res \u00bb entra\u00eene une d\u00e9saffection pour les ordres religieux et la r\u00e9volution fran\u00e7aise fait saisir tous leurs biens. Cela s\u2019accompagne d\u2019importantes modifications de l\u2019urbanisme et de destructions de b\u00e2timents anciens.<\/p>\n","protected":false},"excerpt":{"rendered":"<p>Cet ouvrage, illustr\u00e9 de plans, de gravures et dessins de l\u2019auteur, se propose de vous faire d\u00e9couvrir l\u2019histoire et la physionomie souvent in\u00e9dite de ces dizaines de monuments qui ont disparu du paysage limougeaud entre 1700 et 1900. Depuis sa fondation, Limoges avait beaucoup souffert des invasions, des guerres et des luttes intestines. Mais \u00e0 [&hellip;]<\/p>\n","protected":false},"featured_media":57787,"template":"","meta":{"_acf_changed":false,"_genesis_hide_title":false,"_genesis_hide_breadcrumbs":false,"_genesis_hide_singular_image":false,"_genesis_hide_footer_widgets":false,"_genesis_custom_body_class":"","_genesis_custom_post_class":"","_genesis_layout":""},"product_brand":[],"product_cat":[7199,7159,7149,7133,7197],"product_tag":[],"class_list":{"0":"post-57784","1":"product","2":"type-product","3":"status-publish","4":"has-post-thumbnail","6":"product_cat-guides-torisme-viatge-oc","7":"product_cat-istoria-moderna-e-contemporala-oc","8":"product_cat-istoria-geografia-oc","9":"product_cat-libres-oc","10":"product_cat-natura-torisme-oc","11":"pa_auteur-cardo-claude-oc","12":"pa_editeur-geste-oc","13":"pa_langue-francais-oc","14":"entry","16":"first","17":"instock","18":"shipping-taxable","19":"purchasable","20":"product-type-simple"},"acf":[],"_links":{"self":[{"href":"https:\/\/www.libraria-occitana.org\/oc\/wp-json\/wp\/v2\/product\/57784","targetHints":{"allow":["GET"]}}],"collection":[{"href":"https:\/\/www.libraria-occitana.org\/oc\/wp-json\/wp\/v2\/product"}],"about":[{"href":"https:\/\/www.libraria-occitana.org\/oc\/wp-json\/wp\/v2\/types\/product"}],"wp:featuredmedia":[{"embeddable":true,"href":"https:\/\/www.libraria-occitana.org\/oc\/wp-json\/wp\/v2\/media\/57787"}],"wp:attachment":[{"href":"https:\/\/www.libraria-occitana.org\/oc\/wp-json\/wp\/v2\/media?parent=57784"}],"wp:term":[{"taxonomy":"product_brand","embeddable":true,"href":"https:\/\/www.libraria-occitana.org\/oc\/wp-json\/wp\/v2\/product_brand?post=57784"},{"taxonomy":"product_cat","embeddable":true,"href":"https:\/\/www.libraria-occitana.org\/oc\/wp-json\/wp\/v2\/product_cat?post=57784"},{"taxonomy":"product_tag","embeddable":true,"href":"https:\/\/www.libraria-occitana.org\/oc\/wp-json\/wp\/v2\/product_tag?post=57784"}],"curies":[{"name":"wp","href":"https:\/\/api.w.org\/{rel}","templated":true}]}}