{"id":57867,"date":"2023-04-17T13:36:07","date_gmt":"2023-04-17T11:36:07","guid":{"rendered":"http:\/\/www.libraria-occitana.org\/product\/une-vie-de-felix-arnaudin\/"},"modified":"2026-04-29T10:10:57","modified_gmt":"2026-04-29T08:10:57","slug":"une-vie-de-felix-arnaudin","status":"publish","type":"product","link":"https:\/\/www.libraria-occitana.org\/oc\/produch\/une-vie-de-felix-arnaudin\/","title":{"rendered":"Une vie de F\u00e9lix Arnaudin"},"content":{"rendered":"<p>N\u00e9 et mort \u00e0 Labouheyre (Landes), F\u00e9lix Arnaudin (1844-1921) consacra sa vie \u00e0 sauver de l\u2019oubli la m\u00e9moire de la civilisation rurale de la Grande-Lande, de ses traditions et de ses paysages, de son architecture et de ses m\u00e9tiers.<\/p>\n<p>Ce pays en effet, profond\u00e9ment boulevers\u00e9 par la loi de 1857 de Napol\u00e9on III \u2013 g\u00e9n\u00e9ralisant la plantation en pins et bouleversant de ce fait toute une organisation sociale bas\u00e9e sur une civilisation agro-pastorale \u2013 subit en quelques ann\u00e9es une v\u00e9ritable r\u00e9volution.<\/p>\n<p>Folkloriste, ethnologue, linguiste, historien, \u00e9crivain, Arnaudin fut tout cela \u00e0 la fois, mais aussi photographe, arpentant durant cinquante ans tous les chemins de la lande pour en reproduire les multiples visages en voie de disparition. Rigueur scientifique et lyrisme, souci obsessionnel du d\u00e9tail et sens de la composition se m\u00ealent dans cette \u0153uvre multiple et touffue, monument unique dans l\u2019histoire de la photographie.<\/p>\n<p>C\u2019est toute cette existence que Guy Latry nous retrace ici, o\u00f9 vie personnelle, amoureuse, sociale ne cesse de se m\u00ealer au projet obsessionnel de l\u2019\u0153uvre \u00e0 mener \u00e0 son terme.<\/p>\n","protected":false},"excerpt":{"rendered":"<p>N\u00e9 et mort \u00e0 Labouheyre (Landes), F\u00e9lix Arnaudin (1844-1921) consacra sa vie \u00e0 sauver de l\u2019oubli la m\u00e9moire de la civilisation rurale de la Grande-Lande, de ses traditions et de ses paysages, de son architecture et de ses m\u00e9tiers. Ce pays en effet, profond\u00e9ment boulevers\u00e9 par la loi de 1857 de Napol\u00e9on III \u2013 g\u00e9n\u00e9ralisant [&hellip;]<\/p>\n","protected":false},"featured_media":57865,"template":"","meta":{"_acf_changed":false,"_genesis_hide_title":false,"_genesis_hide_breadcrumbs":false,"_genesis_hide_singular_image":false,"_genesis_hide_footer_widgets":false,"_genesis_custom_body_class":"","_genesis_custom_post_class":"","_genesis_layout":""},"product_brand":[],"product_cat":[7189,7133,7175],"product_tag":[],"class_list":{"0":"post-57867","1":"product","2":"type-product","3":"status-publish","4":"has-post-thumbnail","6":"product_cat-estudis-literaris-oc","7":"product_cat-libres-oc","8":"product_cat-literatura-oc","9":"pa_auteur-latry-guy-1-oc","10":"pa_editeur-confluences-oc","11":"pa_langue-francais-oc","12":"entry","14":"first","15":"outofstock","16":"shipping-taxable","17":"purchasable","18":"product-type-simple"},"acf":[],"_links":{"self":[{"href":"https:\/\/www.libraria-occitana.org\/oc\/wp-json\/wp\/v2\/product\/57867","targetHints":{"allow":["GET"]}}],"collection":[{"href":"https:\/\/www.libraria-occitana.org\/oc\/wp-json\/wp\/v2\/product"}],"about":[{"href":"https:\/\/www.libraria-occitana.org\/oc\/wp-json\/wp\/v2\/types\/product"}],"wp:featuredmedia":[{"embeddable":true,"href":"https:\/\/www.libraria-occitana.org\/oc\/wp-json\/wp\/v2\/media\/57865"}],"wp:attachment":[{"href":"https:\/\/www.libraria-occitana.org\/oc\/wp-json\/wp\/v2\/media?parent=57867"}],"wp:term":[{"taxonomy":"product_brand","embeddable":true,"href":"https:\/\/www.libraria-occitana.org\/oc\/wp-json\/wp\/v2\/product_brand?post=57867"},{"taxonomy":"product_cat","embeddable":true,"href":"https:\/\/www.libraria-occitana.org\/oc\/wp-json\/wp\/v2\/product_cat?post=57867"},{"taxonomy":"product_tag","embeddable":true,"href":"https:\/\/www.libraria-occitana.org\/oc\/wp-json\/wp\/v2\/product_tag?post=57867"}],"curies":[{"name":"wp","href":"https:\/\/api.w.org\/{rel}","templated":true}]}}