{"id":57926,"date":"2023-05-05T09:50:29","date_gmt":"2023-05-05T07:50:29","guid":{"rendered":"http:\/\/www.libraria-occitana.org\/product\/geopolitique-des-langues-romanes-et-autres\/"},"modified":"2026-04-08T00:36:17","modified_gmt":"2026-04-07T22:36:17","slug":"geopolitique-des-langues-romanes-et-autres","status":"publish","type":"product","link":"https:\/\/www.libraria-occitana.org\/oc\/produch\/geopolitique-des-langues-romanes-et-autres\/","title":{"rendered":"G\u00e9opolitique des langues romanes et autres"},"content":{"rendered":"<p>D\u2019apr\u00e8s le linguiste De Saussure, \u00e9tant donn\u00e9 que tous nous parlons, nous avons une id\u00e9e de notre langue mais pas forc\u00e9ment conforme \u00e0 celle du linguiste. Ainsi, pr\u00e9senter simplement l\u2019\u00e9tat et le r\u00f4le de notre propre langue \u2013 et des langues en g\u00e9n\u00e9ral \u2013 est l\u2019objectif de cet ouvrage de vulgarisation. Nous allons d\u00e9border la linguistique stricte pour aller vers l\u2019usage social de la langue et, pour cela, nous nous sommes int\u00e9ress\u00e9s aux variations que ce m\u00eame usage implique. Cependant, l\u2019actualit\u00e9 nous impose la question du r\u00f4le politique de la langue, ce qui implique une analyse des situations linguistiques en France et en Espagne (chacune occupant un tiers du livre), mais aussi celles d\u2019autres pays et d\u2019autres langues dont l\u2019actualit\u00e9 nous informe de la trag\u00e9die de peuples victimes de guerres. Voil\u00e0 pourquoi le choix d\u2019une g\u00e9opolitique des langues s\u2019est impos\u00e9 \u00e0 nous, comme une r\u00e9alit\u00e9. Nous nous r\u00e9f\u00e9rons \u00e0 deux cas pr\u00e9cis et dramatiques, celui du Kurdistan, nation sans \u00e9tat, mais aussi celui de l\u2019Ukraine et le drame qu\u2019elle traverse. Ces deux cas extr\u00eames nous permettent de mieux comprendre ce qui se passe pour des langues proches de nous. Quant \u00e0 celles de nos propres pays, elles ne sont pas soutenues par l\u2019\u00c9tat. Nous en appelons \u00e0 un \u00c9tat plus d\u00e9mocratique, et respectueux de sa propre diversit\u00e9.<\/p>\n","protected":false},"excerpt":{"rendered":"<p>D\u2019apr\u00e8s le linguiste De Saussure, \u00e9tant donn\u00e9 que tous nous parlons, nous avons une id\u00e9e de notre langue mais pas forc\u00e9ment conforme \u00e0 celle du linguiste. Ainsi, pr\u00e9senter simplement l\u2019\u00e9tat et le r\u00f4le de notre propre langue \u2013 et des langues en g\u00e9n\u00e9ral \u2013 est l\u2019objectif de cet ouvrage de vulgarisation. Nous allons d\u00e9border la [&hellip;]<\/p>\n","protected":false},"featured_media":57921,"template":"","meta":{"_acf_changed":false,"_genesis_hide_title":false,"_genesis_hide_breadcrumbs":false,"_genesis_hide_singular_image":false,"_genesis_hide_footer_widgets":false,"_genesis_custom_body_class":"","_genesis_custom_post_class":"","_genesis_layout":""},"product_brand":[],"product_cat":[7153,7157,7149,7133,7203],"product_tag":[],"class_list":{"0":"post-57926","1":"product","2":"type-product","3":"status-publish","4":"has-post-thumbnail","6":"product_cat-geografia-oc","7":"product_cat-istoria-generala-oc","8":"product_cat-istoria-geografia-oc","9":"product_cat-libres-oc","10":"product_cat-politica-sociologia-actualitat-oc","11":"pa_auteur-puig-moreno-gentil-oc","12":"pa_editeur-yoran-embanner-oc","13":"pa_langue-francais-oc","14":"entry","16":"first","17":"instock","18":"shipping-taxable","19":"purchasable","20":"product-type-simple"},"acf":[],"_links":{"self":[{"href":"https:\/\/www.libraria-occitana.org\/oc\/wp-json\/wp\/v2\/product\/57926","targetHints":{"allow":["GET"]}}],"collection":[{"href":"https:\/\/www.libraria-occitana.org\/oc\/wp-json\/wp\/v2\/product"}],"about":[{"href":"https:\/\/www.libraria-occitana.org\/oc\/wp-json\/wp\/v2\/types\/product"}],"wp:featuredmedia":[{"embeddable":true,"href":"https:\/\/www.libraria-occitana.org\/oc\/wp-json\/wp\/v2\/media\/57921"}],"wp:attachment":[{"href":"https:\/\/www.libraria-occitana.org\/oc\/wp-json\/wp\/v2\/media?parent=57926"}],"wp:term":[{"taxonomy":"product_brand","embeddable":true,"href":"https:\/\/www.libraria-occitana.org\/oc\/wp-json\/wp\/v2\/product_brand?post=57926"},{"taxonomy":"product_cat","embeddable":true,"href":"https:\/\/www.libraria-occitana.org\/oc\/wp-json\/wp\/v2\/product_cat?post=57926"},{"taxonomy":"product_tag","embeddable":true,"href":"https:\/\/www.libraria-occitana.org\/oc\/wp-json\/wp\/v2\/product_tag?post=57926"}],"curies":[{"name":"wp","href":"https:\/\/api.w.org\/{rel}","templated":true}]}}