{"id":57973,"date":"1979-04-10T15:17:43","date_gmt":"1979-04-10T13:17:43","guid":{"rendered":"http:\/\/www.libraria-occitana.org\/?post_type=product&#038;p=57973"},"modified":"2026-04-14T03:06:18","modified_gmt":"2026-04-14T01:06:18","slug":"muratel","status":"publish","type":"product","link":"https:\/\/www.libraria-occitana.org\/oc\/produch\/muratel\/","title":{"rendered":"Muratel"},"content":{"rendered":"<p>Long po\u00e8me \u00e9pique en 640 strophes.<\/p>\n<p>\u00ab Cette pi\u00e8ce est un monument du savoir-faire po\u00e9tique de Pierre Miremont. La richesse du vocabulaire employ\u00e9, la versification, la construction de l\u2019intrigue sont de tr\u00e8s belle et grande facture. \u00bb (Daniel Chavaroche)<\/p>\n<p>Grand Prix Joseph Salvat 1976.<\/p>\n","protected":false},"excerpt":{"rendered":"<p>Long po\u00e8me \u00e9pique en 640 strophes. \u00ab Cette pi\u00e8ce est un monument du savoir-faire po\u00e9tique de Pierre Miremont. La richesse du vocabulaire employ\u00e9, la versification, la construction de l\u2019intrigue sont de tr\u00e8s belle et grande facture. \u00bb (Daniel Chavaroche) Grand Prix Joseph Salvat 1976.<\/p>\n","protected":false},"featured_media":57967,"template":"","meta":{"_acf_changed":false,"_genesis_hide_title":false,"_genesis_hide_breadcrumbs":false,"_genesis_hide_singular_image":false,"_genesis_hide_footer_widgets":false,"_genesis_custom_body_class":"","_genesis_custom_post_class":"","_genesis_layout":""},"product_brand":[],"product_cat":[7133,7175,7181],"product_tag":[],"class_list":{"0":"post-57973","1":"product","2":"type-product","3":"status-publish","4":"has-post-thumbnail","6":"product_cat-libres-oc","7":"product_cat-literatura-oc","8":"product_cat-poesia-oc","9":"pa_auteur-miremont-pierre-oc","10":"pa_editeur-salingardes-oc","11":"pa_langue-occitan-lengadocian-oc","12":"pa_langue-occitan-francais-oc","13":"entry","15":"first","16":"instock","17":"shipping-taxable","18":"purchasable","19":"product-type-simple"},"acf":[],"_links":{"self":[{"href":"https:\/\/www.libraria-occitana.org\/oc\/wp-json\/wp\/v2\/product\/57973","targetHints":{"allow":["GET"]}}],"collection":[{"href":"https:\/\/www.libraria-occitana.org\/oc\/wp-json\/wp\/v2\/product"}],"about":[{"href":"https:\/\/www.libraria-occitana.org\/oc\/wp-json\/wp\/v2\/types\/product"}],"wp:featuredmedia":[{"embeddable":true,"href":"https:\/\/www.libraria-occitana.org\/oc\/wp-json\/wp\/v2\/media\/57967"}],"wp:attachment":[{"href":"https:\/\/www.libraria-occitana.org\/oc\/wp-json\/wp\/v2\/media?parent=57973"}],"wp:term":[{"taxonomy":"product_brand","embeddable":true,"href":"https:\/\/www.libraria-occitana.org\/oc\/wp-json\/wp\/v2\/product_brand?post=57973"},{"taxonomy":"product_cat","embeddable":true,"href":"https:\/\/www.libraria-occitana.org\/oc\/wp-json\/wp\/v2\/product_cat?post=57973"},{"taxonomy":"product_tag","embeddable":true,"href":"https:\/\/www.libraria-occitana.org\/oc\/wp-json\/wp\/v2\/product_tag?post=57973"}],"curies":[{"name":"wp","href":"https:\/\/api.w.org\/{rel}","templated":true}]}}