{"id":58013,"date":"2023-05-11T20:06:29","date_gmt":"2023-05-11T18:06:29","guid":{"rendered":"http:\/\/www.libraria-occitana.org\/?post_type=product&#038;p=58013"},"modified":"2026-04-13T00:31:06","modified_gmt":"2026-04-12T22:31:06","slug":"eloge-du-ver-de-terre-n2","status":"publish","type":"product","link":"https:\/\/www.libraria-occitana.org\/oc\/produch\/eloge-du-ver-de-terre-n2\/","title":{"rendered":"\u00c9loge du ver de terre n\u00b02"},"content":{"rendered":"<p><strong>Quel meilleur symbole que le ver de terre pour questionner l\u2019avenir de notre plan\u00e8te et le devenir de l\u2019humanit\u00e9 ?<\/strong><\/p>\n<p>On oublie un peu vite que, selon notre r\u00e9gime alimentaire, 95 \u00e0 100 % de notre alimentation provient de l\u00e0 o\u00f9 ils habitent !<br \/>\nApr\u00e8s le succ\u00e8s du l\u2019<em>\u00c9loge du ver de terre<\/em> n\u00b01 sorti en 2018 chez Flammarion, la suite avec de nouvelles r\u00e9v\u00e9lations sur cette arm\u00e9e de l\u2019ombre qui pr\u00e9pare tous les jours nos repas de demain !<br \/>\nLes r\u00e9ponses aux questions que vous vous posez : sont-ils la 1\u00e8re masse animale terrestre ? (non) Pondent-ils des \u0153ufs ? (oui) Donnent-ils du go\u00fbt aux l\u00e9gumes ? (joker) Comment rajeunissent-ils les sols ? Que font-ils sur les routes ? Un monde sans vers de terre est-il possible ? Etc.<\/p>\n<p>Bienvenue dans le monde extraordinaire des ing\u00e9nieurs du sol, ces cr\u00e9atures fascinantes et \u00f4 combien secr\u00e8tes qui jouent un r\u00f4le majeur dans l\u2019\u00e9cosyst\u00e8me de la Terre.<\/p>\n<p><strong>Christophe Gatineau<\/strong>, membre des Journalistes-\u00e9crivains pour la Nature et l\u2019\u00c9cologie, agronome sp\u00e9cialiste de ces animaux et des agricultures alternatives, cultivateur, auteur de livres, d\u2019articles, de films et du blog <a href=\"https:\/\/www.lejardinvivant.fr\/\">Le Jardin vivant.fr<\/a>, signe ici son 3e ouvrage sur les vers de terre.<br \/>\nAvec la participation exceptionnelle du Professeur \u00e9m\u00e9rite Patrick Lavelle, membre correspondant de l\u2019Acad\u00e9mie des sciences, du po\u00e8te paysan, Christophe Haget, alias Zakarim, de l\u2019\u00e9crivain Sylvaine Reyre et de Sylvie Corr\u00e9, complice de l\u2019\u00c9loge du ver de terre 2018 et coauteure de <em>Sauver le ver de terre<\/em>.<\/p>\n","protected":false},"excerpt":{"rendered":"<p>Quel meilleur symbole que le ver de terre pour questionner l\u2019avenir de notre plan\u00e8te et le devenir de l\u2019humanit\u00e9 ? On oublie un peu vite que, selon notre r\u00e9gime alimentaire, 95 \u00e0 100 % de notre alimentation provient de l\u00e0 o\u00f9 ils habitent ! Apr\u00e8s le succ\u00e8s du l\u2019\u00c9loge du ver de terre n\u00b01 sorti [&hellip;]<\/p>\n","protected":false},"featured_media":58016,"template":"","meta":{"_acf_changed":false,"_genesis_hide_title":false,"_genesis_hide_breadcrumbs":false,"_genesis_hide_singular_image":false,"_genesis_hide_footer_widgets":false,"_genesis_custom_body_class":"","_genesis_custom_post_class":"","_genesis_layout":""},"product_brand":[],"product_cat":[7133,7197,7201],"product_tag":[],"class_list":{"0":"post-58013","1":"product","2":"type-product","3":"status-publish","4":"has-post-thumbnail","6":"product_cat-libres-oc","7":"product_cat-natura-torisme-oc","8":"product_cat-natura-vargier-oc","9":"pa_auteur-gatineau-christophe-oc","10":"pa_editeur-le-jardin-vivant-oc","11":"pa_langue-francais-oc","12":"entry","14":"first","15":"outofstock","16":"shipping-taxable","17":"purchasable","18":"product-type-simple"},"acf":[],"_links":{"self":[{"href":"https:\/\/www.libraria-occitana.org\/oc\/wp-json\/wp\/v2\/product\/58013","targetHints":{"allow":["GET"]}}],"collection":[{"href":"https:\/\/www.libraria-occitana.org\/oc\/wp-json\/wp\/v2\/product"}],"about":[{"href":"https:\/\/www.libraria-occitana.org\/oc\/wp-json\/wp\/v2\/types\/product"}],"wp:featuredmedia":[{"embeddable":true,"href":"https:\/\/www.libraria-occitana.org\/oc\/wp-json\/wp\/v2\/media\/58016"}],"wp:attachment":[{"href":"https:\/\/www.libraria-occitana.org\/oc\/wp-json\/wp\/v2\/media?parent=58013"}],"wp:term":[{"taxonomy":"product_brand","embeddable":true,"href":"https:\/\/www.libraria-occitana.org\/oc\/wp-json\/wp\/v2\/product_brand?post=58013"},{"taxonomy":"product_cat","embeddable":true,"href":"https:\/\/www.libraria-occitana.org\/oc\/wp-json\/wp\/v2\/product_cat?post=58013"},{"taxonomy":"product_tag","embeddable":true,"href":"https:\/\/www.libraria-occitana.org\/oc\/wp-json\/wp\/v2\/product_tag?post=58013"}],"curies":[{"name":"wp","href":"https:\/\/api.w.org\/{rel}","templated":true}]}}