{"id":58183,"date":"2023-06-30T15:25:08","date_gmt":"2023-06-30T13:25:08","guid":{"rendered":"http:\/\/www.libraria-occitana.org\/product\/parlar\/"},"modified":"2026-04-29T05:56:55","modified_gmt":"2026-04-29T03:56:55","slug":"parlar","status":"publish","type":"product","link":"https:\/\/www.libraria-occitana.org\/oc\/produch\/parlar\/","title":{"rendered":"Parlar"},"content":{"rendered":"<p>Arrevirada deu roman <em>Parlar<\/em> de Michel Puech, illustrat per Bruno Chazel e publicat en 2012 a las Edicions Le Pommier, Colleccion Filosofar, \u00ab libes ent\u00e0 despleg\u00e0's la pensada \u00bb.<\/p>\n<p>Que desvolopa aquiu mantuns subj\u00e8ctes a l'entorn de la paraula, de l'escota, de la lenga, etc.<br \/>\nA cada subj\u00e8cte ua dobla pagina, ua fai\u00e7on simpla e rapida de lan\u00e7ar la discutida e la reflexion arron deu subj\u00e8cte.<\/p>\n<blockquote><p>Parlar dona la melhor chan\u00e7a per s'entendre. Quo es verai entre los individ\u00fas tanplan coma entre las nacions, entre los gropes sociaus, entre las generacions. S'entendre significa escotar \u00e7\u00f2 que l'autre ditz, eissaiar de comprener son punt de vuda, li respondre, en tot acceptar l'idea de basa que l'autre es capable d'evoluir e que ieu tanben sei capable d'evoluir.<\/p><\/blockquote>\n<p>Cicle 4.<br \/>\nLectura de Cecila Chapduelh disponibla sus <a href=\"http:\/\/www.capoc.fr\/\">http:\/\/www.capoc.fr\/<\/a> (Accueil &gt; Ressources num\u00e9riques : \u00c0 partir de B1-B2).<\/p>\n","protected":false},"excerpt":{"rendered":"<p>Arrevirada deu roman Parlar de Michel Puech, illustrat per Bruno Chazel e publicat en 2012 a las Edicions Le Pommier, Colleccion Filosofar, \u00ab libes ent\u00e0 despleg\u00e0&#8217;s la pensada \u00bb. Que desvolopa aquiu mantuns subj\u00e8ctes a l&#8217;entorn de la paraula, de l&#8217;escota, de la lenga, etc. A cada subj\u00e8cte ua dobla pagina, ua fai\u00e7on simpla e [&hellip;]<\/p>\n","protected":false},"featured_media":58180,"template":"","meta":{"_acf_changed":false,"_genesis_hide_title":false,"_genesis_hide_breadcrumbs":false,"_genesis_hide_singular_image":false,"_genesis_hide_footer_widgets":false,"_genesis_custom_body_class":"","_genesis_custom_post_class":"","_genesis_layout":""},"product_brand":[],"product_cat":[7167,7165,7133],"product_tag":[],"class_list":{"0":"post-58183","1":"product","2":"type-product","3":"status-publish","4":"has-post-thumbnail","6":"product_cat-ados-oc","7":"product_cat-jounessa-bd-umor","8":"product_cat-libres-oc","9":"pa_auteur-puech-michel-oc","10":"pa_editeur-canope-editions-oc","11":"pa_illustrateur-chapduelh-cecila-chadeuil-cecile-oc","12":"pa_langue-occitan-oc","13":"pa_langue-occitan-lemosin-oc","14":"entry","16":"first","17":"instock","18":"shipping-taxable","19":"purchasable","20":"product-type-simple"},"acf":[],"_links":{"self":[{"href":"https:\/\/www.libraria-occitana.org\/oc\/wp-json\/wp\/v2\/product\/58183","targetHints":{"allow":["GET"]}}],"collection":[{"href":"https:\/\/www.libraria-occitana.org\/oc\/wp-json\/wp\/v2\/product"}],"about":[{"href":"https:\/\/www.libraria-occitana.org\/oc\/wp-json\/wp\/v2\/types\/product"}],"wp:featuredmedia":[{"embeddable":true,"href":"https:\/\/www.libraria-occitana.org\/oc\/wp-json\/wp\/v2\/media\/58180"}],"wp:attachment":[{"href":"https:\/\/www.libraria-occitana.org\/oc\/wp-json\/wp\/v2\/media?parent=58183"}],"wp:term":[{"taxonomy":"product_brand","embeddable":true,"href":"https:\/\/www.libraria-occitana.org\/oc\/wp-json\/wp\/v2\/product_brand?post=58183"},{"taxonomy":"product_cat","embeddable":true,"href":"https:\/\/www.libraria-occitana.org\/oc\/wp-json\/wp\/v2\/product_cat?post=58183"},{"taxonomy":"product_tag","embeddable":true,"href":"https:\/\/www.libraria-occitana.org\/oc\/wp-json\/wp\/v2\/product_tag?post=58183"}],"curies":[{"name":"wp","href":"https:\/\/api.w.org\/{rel}","templated":true}]}}