{"id":58229,"date":"2023-07-13T15:19:24","date_gmt":"2023-07-13T13:19:24","guid":{"rendered":"http:\/\/www.libraria-occitana.org\/?post_type=product&#038;p=58229"},"modified":"2026-04-29T10:04:33","modified_gmt":"2026-04-29T08:04:33","slug":"le-plateau-de-millevaches-en-limousin-societe-et-economie-des-annees-1870-a-la-premiere-guerre-mondiale","status":"publish","type":"product","link":"https:\/\/www.libraria-occitana.org\/oc\/produch\/le-plateau-de-millevaches-en-limousin-societe-et-economie-des-annees-1870-a-la-premiere-guerre-mondiale\/","title":{"rendered":"Le plateau de Millevaches en Limousin : Soci\u00e9t\u00e9 et \u00e9conomie, des ann\u00e9es 1870 \u00e0 la Premi\u00e8re Guerre mondiale"},"content":{"rendered":"<p>Au c\u0153ur de la r\u00e9gion Limousin, le plateau de Millevaches poss\u00e8de une forte identit\u00e9. Des traits anciens li\u00e9s au mode de vie et \u00e0 l&#8217;organisation familiale se sont maintenus jusqu&#8217;au d\u00e9but du XXe si\u00e8cle.<\/p>\n<p>Au cours de la p\u00e9riode 1870-1914 la pauvret\u00e9 des sols contraignait une grande partie des hommes \u00e0 \u00e9migrer plusieurs mois par an pour ramener de l&#8217;argent permettant le maintien des exploitations agricoles. Selon leur commune de r\u00e9sidence, les activit\u00e9s professionnelles (ma\u00e7ons, scieurs de long, cochers&#8230;) et les lieux de destination des hommes diff\u00e9raient.<\/p>\n<p>Mais ces \u00e9quilibres \u00e9conomiques et sociaux \u00e9taient fragiles et cette soci\u00e9t\u00e9 a connu des \u00e9volutions notables au cours de cette p\u00e9riode.<\/p>\n","protected":false},"excerpt":{"rendered":"<p>Au c\u0153ur de la r\u00e9gion Limousin, le plateau de Millevaches poss\u00e8de une forte identit\u00e9. Des traits anciens li\u00e9s au mode de vie et \u00e0 l&#8217;organisation familiale se sont maintenus jusqu&#8217;au d\u00e9but du XXe si\u00e8cle. Au cours de la p\u00e9riode 1870-1914 la pauvret\u00e9 des sols contraignait une grande partie des hommes \u00e0 \u00e9migrer plusieurs mois par [&hellip;]<\/p>\n","protected":false},"featured_media":58232,"template":"","meta":{"_acf_changed":false,"_genesis_hide_title":false,"_genesis_hide_breadcrumbs":false,"_genesis_hide_singular_image":false,"_genesis_hide_footer_widgets":false,"_genesis_custom_body_class":"","_genesis_custom_post_class":"","_genesis_layout":""},"product_brand":[],"product_cat":[7159,7149,7133],"product_tag":[],"class_list":{"0":"post-58229","1":"product","2":"type-product","3":"status-publish","4":"has-post-thumbnail","6":"product_cat-istoria-moderna-e-contemporala-oc","7":"product_cat-istoria-geografia-oc","8":"product_cat-libres-oc","9":"pa_auteur-brunet-guy-oc","10":"pa_editeur-lharmattan-oc","11":"pa_langue-francais-oc","12":"entry","14":"first","15":"outofstock","16":"shipping-taxable","17":"purchasable","18":"product-type-simple"},"acf":[],"_links":{"self":[{"href":"https:\/\/www.libraria-occitana.org\/oc\/wp-json\/wp\/v2\/product\/58229","targetHints":{"allow":["GET"]}}],"collection":[{"href":"https:\/\/www.libraria-occitana.org\/oc\/wp-json\/wp\/v2\/product"}],"about":[{"href":"https:\/\/www.libraria-occitana.org\/oc\/wp-json\/wp\/v2\/types\/product"}],"wp:featuredmedia":[{"embeddable":true,"href":"https:\/\/www.libraria-occitana.org\/oc\/wp-json\/wp\/v2\/media\/58232"}],"wp:attachment":[{"href":"https:\/\/www.libraria-occitana.org\/oc\/wp-json\/wp\/v2\/media?parent=58229"}],"wp:term":[{"taxonomy":"product_brand","embeddable":true,"href":"https:\/\/www.libraria-occitana.org\/oc\/wp-json\/wp\/v2\/product_brand?post=58229"},{"taxonomy":"product_cat","embeddable":true,"href":"https:\/\/www.libraria-occitana.org\/oc\/wp-json\/wp\/v2\/product_cat?post=58229"},{"taxonomy":"product_tag","embeddable":true,"href":"https:\/\/www.libraria-occitana.org\/oc\/wp-json\/wp\/v2\/product_tag?post=58229"}],"curies":[{"name":"wp","href":"https:\/\/api.w.org\/{rel}","templated":true}]}}