{"id":58238,"date":"2023-07-13T15:21:30","date_gmt":"2023-07-13T13:21:30","guid":{"rendered":"http:\/\/www.libraria-occitana.org\/?post_type=product&#038;p=58238"},"modified":"2026-04-25T20:36:09","modified_gmt":"2026-04-25T18:36:09","slug":"vivre-et-travailler-sur-le-plateau-de-millevaches-crises-et-evolutions-dune-societe-rurale-au-xxe-siecle","status":"publish","type":"product","link":"https:\/\/www.libraria-occitana.org\/oc\/produch\/vivre-et-travailler-sur-le-plateau-de-millevaches-crises-et-evolutions-dune-societe-rurale-au-xxe-siecle\/","title":{"rendered":"Vivre et travailler sur le plateau de Millevaches : Crises et \u00e9volutions d&#8217;une soci\u00e9t\u00e9 rurale au XXe si\u00e8cle"},"content":{"rendered":"<p>Comme bien d&#8217;autres r\u00e9gions rurales, le plateau de Millevaches, situ\u00e9 au cur du Limousin, a connu de profondes mutations \u00e9conomiques et sociales au cours du XXe si\u00e8cle. Apr\u00e8s le cataclysme de la premi\u00e8re guerre mondiale, le mouvement d&#8217;\u00e9migration saisonni\u00e8re autrefois important s&#8217;est estomp\u00e9, laissant place \u00e0 un violent exode rural. La vie des familles s&#8217;en est trouv\u00e9e boulevers\u00e9e. L&#8217;environnement a \u00e9t\u00e9 transform\u00e9 avec la plantation intensive de conif\u00e8res et la construction de barrages dans les ann\u00e9es 1960.<\/p>\n<p>R\u00e9gion d\u00e9peupl\u00e9e, le plateau conna\u00eet depuis quelques d\u00e9cennies l&#8217;arriv\u00e9e de nouveaux habitants qui peinent parfois \u00e0 s&#8217;int\u00e9grer.<\/p>\n","protected":false},"excerpt":{"rendered":"<p>Comme bien d&#8217;autres r\u00e9gions rurales, le plateau de Millevaches, situ\u00e9 au cur du Limousin, a connu de profondes mutations \u00e9conomiques et sociales au cours du XXe si\u00e8cle. Apr\u00e8s le cataclysme de la premi\u00e8re guerre mondiale, le mouvement d&#8217;\u00e9migration saisonni\u00e8re autrefois important s&#8217;est estomp\u00e9, laissant place \u00e0 un violent exode rural. La vie des familles s&#8217;en [&hellip;]<\/p>\n","protected":false},"featured_media":58235,"template":"","meta":{"_acf_changed":false,"_genesis_hide_title":false,"_genesis_hide_breadcrumbs":false,"_genesis_hide_singular_image":false,"_genesis_hide_footer_widgets":false,"_genesis_custom_body_class":"","_genesis_custom_post_class":"","_genesis_layout":""},"product_brand":[],"product_cat":[7159,7149,7133],"product_tag":[],"class_list":{"0":"post-58238","1":"product","2":"type-product","3":"status-publish","4":"has-post-thumbnail","6":"product_cat-istoria-moderna-e-contemporala-oc","7":"product_cat-istoria-geografia-oc","8":"product_cat-libres-oc","9":"pa_auteur-brunet-guy-oc","10":"pa_editeur-lharmattan-oc","11":"pa_langue-francais-oc","12":"entry","14":"first","15":"instock","16":"shipping-taxable","17":"purchasable","18":"product-type-simple"},"acf":[],"_links":{"self":[{"href":"https:\/\/www.libraria-occitana.org\/oc\/wp-json\/wp\/v2\/product\/58238","targetHints":{"allow":["GET"]}}],"collection":[{"href":"https:\/\/www.libraria-occitana.org\/oc\/wp-json\/wp\/v2\/product"}],"about":[{"href":"https:\/\/www.libraria-occitana.org\/oc\/wp-json\/wp\/v2\/types\/product"}],"wp:featuredmedia":[{"embeddable":true,"href":"https:\/\/www.libraria-occitana.org\/oc\/wp-json\/wp\/v2\/media\/58235"}],"wp:attachment":[{"href":"https:\/\/www.libraria-occitana.org\/oc\/wp-json\/wp\/v2\/media?parent=58238"}],"wp:term":[{"taxonomy":"product_brand","embeddable":true,"href":"https:\/\/www.libraria-occitana.org\/oc\/wp-json\/wp\/v2\/product_brand?post=58238"},{"taxonomy":"product_cat","embeddable":true,"href":"https:\/\/www.libraria-occitana.org\/oc\/wp-json\/wp\/v2\/product_cat?post=58238"},{"taxonomy":"product_tag","embeddable":true,"href":"https:\/\/www.libraria-occitana.org\/oc\/wp-json\/wp\/v2\/product_tag?post=58238"}],"curies":[{"name":"wp","href":"https:\/\/api.w.org\/{rel}","templated":true}]}}