{"id":58268,"date":"2023-07-17T17:42:34","date_gmt":"2023-07-17T15:42:34","guid":{"rendered":"http:\/\/www.libraria-occitana.org\/?post_type=product&#038;p=58268"},"modified":"2026-04-29T06:36:46","modified_gmt":"2026-04-29T04:36:46","slug":"de-long-dau-rose-le-long-du-rhone","status":"publish","type":"product","link":"https:\/\/www.libraria-occitana.org\/oc\/produch\/de-long-dau-rose-le-long-du-rhone\/","title":{"rendered":"De l\u00f2ng dau R\u00f2se &#8211; Le long du Rh\u00f4ne"},"content":{"rendered":"<p>En occitan emb una revirada francesa de l'autritz.<\/p>\n<p>Coma o ditz lor t\u00edtol, l'unitat d'aquelas u\u00e8ch nov\u00e8las caup dins R\u00f2se, grand flume mitic que lor accion se debana sus sas ribas. T\u00edtol qu'es pas innocent, pu\u00e8i qu'es manlevat al v\u00e8rs de la Mir\u00e8io de Mistral, qu'i fa pensar sul pic : \u00ab De l\u00f2ng d\u00f3u R\u00f2se, entre li pibo \/ e li sauseto de la ribo... \u00bb. Es aqu\u00ed, a Valabregas, pich\u00f2ta ciutat de panieraires, que comen\u00e7a lo grand cant mistralenc, es aqu\u00ed tanben que visqu\u00e8t longtemps l'autritz, filha del flume.<\/p>\n<p>D'efi\u00e8ch, la primi\u00e8ra nov\u00e8la, enti\u00e8rament autobiografica, raconta sa naissen\u00e7a al cast\u00e8l de Panissa, ont s'\u00e8ran refugiats sos parents del temps que los aligats bombardavan Tarascon en agost 44. Las ist\u00f2rias que raconta Dani\u00e8la Julien dins un proven\u00e7al rodanenc d'un perfi\u00e8ch classicisme, mas refofant d'oralitat populara, an pas res de folkloric. Dison lo racisme ordinari e la mis\u00e8ria jornadi\u00e8ra dels vi\u00e8lhs e dels marginals, mas tanben la passion de la pesca e de la ca\u00e7a, e mai de la bracona, en Camarga o dins los Segonaus, entre lo flume e sas levadas. Passion perilhosa e mai fatala, qu'\u00f2m s'es negat de tot temps dins R\u00f2se. E l'autritz d'evocar los grands dramas que son los aigats e los encendis, tan plan coma las exist\u00e9ncias escuras e mod\u00e8stas que se crosan per c\u00f2p d'astre sus sas ribas.<\/p>\n<p>Quasi tot es vertadi\u00e8r dins aqueles tr\u00f2ces de vida e tot i es d'una intensa poesia, que s'i unisson, per donar \u00e7\u00f2 melhor, los dos fluides que son un flume et sa lenga, la que s'i parla despu\u00e8i mai de mila ans.<\/p>\n","protected":false},"excerpt":{"rendered":"<p>En occitan emb una revirada francesa de l&#8217;autritz. Coma o ditz lor t\u00edtol, l&#8217;unitat d&#8217;aquelas u\u00e8ch nov\u00e8las caup dins R\u00f2se, grand flume mitic que lor accion se debana sus sas ribas. T\u00edtol qu&#8217;es pas innocent, pu\u00e8i qu&#8217;es manlevat al v\u00e8rs de la Mir\u00e8io de Mistral, qu&#8217;i fa pensar sul pic : \u00ab De l\u00f2ng d\u00f3u [&hellip;]<\/p>\n","protected":false},"featured_media":58271,"template":"","meta":{"_acf_changed":false,"_genesis_hide_title":false,"_genesis_hide_breadcrumbs":false,"_genesis_hide_singular_image":false,"_genesis_hide_footer_widgets":false,"_genesis_custom_body_class":"","_genesis_custom_post_class":"","_genesis_layout":""},"product_brand":[],"product_cat":[7133,7175,7183],"product_tag":[],"class_list":{"0":"post-58268","1":"product","2":"type-product","3":"status-publish","4":"has-post-thumbnail","6":"product_cat-libres-oc","7":"product_cat-literatura-oc","8":"product_cat-romans-novelas-oc","9":"pa_auteur-julien-daniela-oc","10":"pa_editeur-jorn-oc","11":"pa_langue-occitan-provencau-oc","12":"pa_langue-occitan-francais-oc","13":"entry","15":"first","16":"instock","17":"shipping-taxable","18":"purchasable","19":"product-type-simple"},"acf":[],"_links":{"self":[{"href":"https:\/\/www.libraria-occitana.org\/oc\/wp-json\/wp\/v2\/product\/58268","targetHints":{"allow":["GET"]}}],"collection":[{"href":"https:\/\/www.libraria-occitana.org\/oc\/wp-json\/wp\/v2\/product"}],"about":[{"href":"https:\/\/www.libraria-occitana.org\/oc\/wp-json\/wp\/v2\/types\/product"}],"wp:featuredmedia":[{"embeddable":true,"href":"https:\/\/www.libraria-occitana.org\/oc\/wp-json\/wp\/v2\/media\/58271"}],"wp:attachment":[{"href":"https:\/\/www.libraria-occitana.org\/oc\/wp-json\/wp\/v2\/media?parent=58268"}],"wp:term":[{"taxonomy":"product_brand","embeddable":true,"href":"https:\/\/www.libraria-occitana.org\/oc\/wp-json\/wp\/v2\/product_brand?post=58268"},{"taxonomy":"product_cat","embeddable":true,"href":"https:\/\/www.libraria-occitana.org\/oc\/wp-json\/wp\/v2\/product_cat?post=58268"},{"taxonomy":"product_tag","embeddable":true,"href":"https:\/\/www.libraria-occitana.org\/oc\/wp-json\/wp\/v2\/product_tag?post=58268"}],"curies":[{"name":"wp","href":"https:\/\/api.w.org\/{rel}","templated":true}]}}