{"id":58338,"date":"2023-08-02T20:23:45","date_gmt":"2023-08-02T18:23:45","guid":{"rendered":"http:\/\/www.libraria-occitana.org\/?post_type=product&#038;p=58338"},"modified":"2026-04-26T00:11:17","modified_gmt":"2026-04-25T22:11:17","slug":"tresors-baroques-en-correze-lart-des-retables-en-bas-limousin-xviie-xixe-siecles","status":"publish","type":"product","link":"https:\/\/www.libraria-occitana.org\/oc\/produch\/tresors-baroques-en-correze-lart-des-retables-en-bas-limousin-xviie-xixe-siecles\/","title":{"rendered":"Tr\u00e9sors baroques en Corr\u00e8ze : L&#8217;art des retables en Bas-Limousin (XVIIe-XIXe si\u00e8cles)"},"content":{"rendered":"<div class=\"a-expander-content a-expander-partial-collapse-content a-expander-content-expanded\" aria-expanded=\"true\">\n<p>L\u2019art baroque a trouv\u00e9 en Bas-Limousin une terre d\u2019\u00e9panouissement, malgr\u00e9 une apparition tardive dans le contexte de la R\u00e9forme catholique. Il se distingue moins par l\u2019architecture que par le mobilier des \u00e9glises, constitu\u00e9 de nombreux retables, tabernacles, tableaux, statues et reliquaires. Pr\u00e9sents dans les deux tiers des \u00e9glises de l\u2019actuel d\u00e9partement de la Corr\u00e8ze, ces objets mobiliers constituent aujourd\u2019hui une part importante de son patrimoine artistique.<\/p>\n<p>Cet ouvrage richement illustr\u00e9 r\u00e9v\u00e8le les plus belles cr\u00e9ations des peintres et sculpteurs actifs en Bas-Limousin. \u0152uvres d\u2019ateliers bien identifi\u00e9s ou de mains encore anonymes, ces tr\u00e9sors constituent un patrimoine aussi exceptionnel que fragile, dont la connaissance participe pleinement \u00e0 la protection.<\/p>\n<p>Reflets des courants artistiques qui ont travers\u00e9 l\u2019art religieux du r\u00e8gne de Louis XIII \u00e0 la R\u00e9volution, et m\u00eame au-del\u00e0, ces \u0153uvres, tour \u00e0 tour savantes ou na\u00efves, dressent le portrait d\u2019un territoire ouvert aux influences venues des r\u00e9gions voisines (Auvergne, P\u00e9rigord et Quercy) mais \u00e9galement, gr\u00e2ce au commerce des gravures, de Paris, de Flandre ou de Rome !<\/p>\n<\/div>\n","protected":false},"excerpt":{"rendered":"<p>L\u2019art baroque a trouv\u00e9 en Bas-Limousin une terre d\u2019\u00e9panouissement, malgr\u00e9 une apparition tardive dans le contexte de la R\u00e9forme catholique. Il se distingue moins par l\u2019architecture que par le mobilier des \u00e9glises, constitu\u00e9 de nombreux retables, tabernacles, tableaux, statues et reliquaires. Pr\u00e9sents dans les deux tiers des \u00e9glises de l\u2019actuel d\u00e9partement de la Corr\u00e8ze, ces [&hellip;]<\/p>\n","protected":false},"featured_media":58341,"template":"","meta":{"_acf_changed":false,"_genesis_hide_title":false,"_genesis_hide_breadcrumbs":false,"_genesis_hide_singular_image":false,"_genesis_hide_footer_widgets":false,"_genesis_custom_body_class":"","_genesis_custom_post_class":"","_genesis_layout":""},"product_brand":[],"product_cat":[7133,7215,7207],"product_tag":[],"class_list":{"0":"post-58338","1":"product","2":"type-product","3":"status-publish","4":"has-post-thumbnail","6":"product_cat-libres-oc","7":"product_cat-patrimoni-bastit-oc","8":"product_cat-tradicions-patrimoni-oc","9":"pa_auteur-geneste-olivier-oc","10":"pa_editeur-rencontre-avec-le-patrimoine-religieux-oc","11":"pa_illustrateur-perrot-anthony-oc","12":"pa_langue-francais-oc","13":"entry","15":"first","16":"instock","17":"shipping-taxable","18":"purchasable","19":"product-type-simple"},"acf":[],"_links":{"self":[{"href":"https:\/\/www.libraria-occitana.org\/oc\/wp-json\/wp\/v2\/product\/58338","targetHints":{"allow":["GET"]}}],"collection":[{"href":"https:\/\/www.libraria-occitana.org\/oc\/wp-json\/wp\/v2\/product"}],"about":[{"href":"https:\/\/www.libraria-occitana.org\/oc\/wp-json\/wp\/v2\/types\/product"}],"wp:featuredmedia":[{"embeddable":true,"href":"https:\/\/www.libraria-occitana.org\/oc\/wp-json\/wp\/v2\/media\/58341"}],"wp:attachment":[{"href":"https:\/\/www.libraria-occitana.org\/oc\/wp-json\/wp\/v2\/media?parent=58338"}],"wp:term":[{"taxonomy":"product_brand","embeddable":true,"href":"https:\/\/www.libraria-occitana.org\/oc\/wp-json\/wp\/v2\/product_brand?post=58338"},{"taxonomy":"product_cat","embeddable":true,"href":"https:\/\/www.libraria-occitana.org\/oc\/wp-json\/wp\/v2\/product_cat?post=58338"},{"taxonomy":"product_tag","embeddable":true,"href":"https:\/\/www.libraria-occitana.org\/oc\/wp-json\/wp\/v2\/product_tag?post=58338"}],"curies":[{"name":"wp","href":"https:\/\/api.w.org\/{rel}","templated":true}]}}